{"id":212460,"date":"2020-04-07T09:36:21","date_gmt":"2020-04-07T08:36:21","guid":{"rendered":"https:\/\/www.delicias-uk.com\/product\/cabriz-colheita-selecionada-2021-75cl-2\/"},"modified":"2026-01-02T12:04:02","modified_gmt":"2026-01-02T12:04:02","slug":"cabriz-colheita-selecionada-2021-75cl-2","status":"publish","type":"product","link":"https:\/\/www.delicias-uk.com\/pt-pt\/produto\/cabriz-colheita-selecionada-2021-75cl-2\/","title":{"rendered":"Cabriz Colheita 2023 75cl"},"content":{"rendered":"<p>Aspecto cristalino. Cor citrina definida com ligeiros tons esverdeados. Aroma \u2013 distinta intensidade arom\u00e1tica, sendo predominante em frutos tropicais, frutos ex\u00f3ticos, flor de citrinos e t\u00edlia. Sabor frutado, fresco, not\u00f3rio volume de boca, elegante e harmonioso. Ideal para acompanhar queijos maturados e iguarias de confec\u00e7\u00e3o estruturada e delicada da cozinha Mediterr\u00e2nica, Chinesa, Indiana, e Africana.<\/p>\n<ul>\n<li>Produtor: Casa de Cabriz<\/li>\n<li>Regi\u00e3o:\u00a0 D\u00e3o<\/li>\n<li>Pa\u00eds: Portugal<\/li>\n<li>Tipo de Vinho: Branco<\/li>\n<li>Castas: Bical, Cerceal-Branco, Encruzado e Malvasia-Fina<\/li>\n<li>Garrafa: 750ml<\/li>\n<li>Teor Alcoolico: 12.5%<\/li>\n<\/ul>\n","protected":false},"excerpt":{"rendered":"<ul style=\"list-style-type:disc;\">\n<li>Produtor: Casa de Cabriz<\/li>\n<li>Regi\u00e3o:\u00a0 D\u00e3o<\/li>\n<li>Pa\u00eds: Portugal<\/li>\n<li>Tipo de Vinho: Branco<\/li>\n<li>Castas: Bical, Cerceal-Branco, Encruzado e Malvasia-Fina<\/li>\n<li>Garrafa: 750ml<\/li>\n<li>Teor Alcoolico: 12.5%<\/li>\n<\/ul>\n","protected":false},"author":43533,"featured_media":194469,"comment_status":"open","ping_status":"closed","template":"","meta":[],"pwb-brand":[],"product_brand":[],"product_cat":[8289,8291,8431,8489,8793],"product_tag":[],"class_list":{"0":"post-212460","1":"product","2":"type-product","3":"status-publish","4":"has-post-thumbnail","6":"product_cat-inicio","7":"product_cat-produtos-portugueses","8":"product_cat-vinhos-pt-pt","9":"product_cat-vinho-branco","10":"product_cat-dao-pt-pt-vinho-branco","12":"first","13":"instock","14":"taxable","15":"shipping-taxable","16":"purchasable","17":"product-type-simple"},"aioseo_notices":[],"brands":[],"_links":{"self":[{"href":"https:\/\/www.delicias-uk.com\/pt-pt\/wp-json\/wp\/v2\/product\/212460","targetHints":{"allow":["GET"]}}],"collection":[{"href":"https:\/\/www.delicias-uk.com\/pt-pt\/wp-json\/wp\/v2\/product"}],"about":[{"href":"https:\/\/www.delicias-uk.com\/pt-pt\/wp-json\/wp\/v2\/types\/product"}],"author":[{"embeddable":true,"href":"https:\/\/www.delicias-uk.com\/pt-pt\/wp-json\/wp\/v2\/users\/43533"}],"replies":[{"embeddable":true,"href":"https:\/\/www.delicias-uk.com\/pt-pt\/wp-json\/wp\/v2\/comments?post=212460"}],"wp:featuredmedia":[{"embeddable":true,"href":"https:\/\/www.delicias-uk.com\/pt-pt\/wp-json\/wp\/v2\/media\/194469"}],"wp:attachment":[{"href":"https:\/\/www.delicias-uk.com\/pt-pt\/wp-json\/wp\/v2\/media?parent=212460"}],"wp:term":[{"taxonomy":"pwb-brand","embeddable":true,"href":"https:\/\/www.delicias-uk.com\/pt-pt\/wp-json\/wp\/v2\/pwb-brand?post=212460"},{"taxonomy":"product_brand","embeddable":true,"href":"https:\/\/www.delicias-uk.com\/pt-pt\/wp-json\/wp\/v2\/product_brand?post=212460"},{"taxonomy":"product_cat","embeddable":true,"href":"https:\/\/www.delicias-uk.com\/pt-pt\/wp-json\/wp\/v2\/product_cat?post=212460"},{"taxonomy":"product_tag","embeddable":true,"href":"https:\/\/www.delicias-uk.com\/pt-pt\/wp-json\/wp\/v2\/product_tag?post=212460"}],"curies":[{"name":"wp","href":"https:\/\/api.w.org\/{rel}","templated":true}]}}