{"id":212428,"date":"2020-04-06T16:21:58","date_gmt":"2020-04-06T16:21:58","guid":{"rendered":"https:\/\/www.delicias-uk.com\/product\/sombrinhas-de-chocolates-regina-30x15g\/"},"modified":"2020-04-06T16:21:58","modified_gmt":"2020-04-06T16:21:58","slug":"sombrinhas-de-chocolates-regina-30x15g","status":"publish","type":"product","link":"https:\/\/www.delicias-uk.com\/pt-pt\/produto\/sombrinhas-de-chocolates-regina-30x15g\/","title":{"rendered":"Sombrinhas de Chocolates Regina 15g x 30"},"content":{"rendered":"<p>Adicione um toque de divers\u00e3o \u00e0 sua indulg\u00eancia de chocolate com o nosso extravagante chocolate de leite em forma de guarda-chuva! Elaborado com chocolate de leite suave e cremoso, cada guloseima em forma de guarda-chuva \u00e9 uma deliciosa mistura de sabor rico a cacau e do\u00e7ura que se derrete na boca. Perfeitos para crian\u00e7as e adultos, estes charmosos chocolates d\u00e3o um toque l\u00fadico aos doces tradicionais.<\/p>\n<p><strong>Ingredientes<\/strong>: A\u00e7\u00facar, manteiga de cacau, LEITE gordo em p\u00f3, massa de cacau, emulsionante (lecitina de SOJA) e aromatizante. S\u00f3lidos de cacau: m\u00ednimo de 32%<\/p>\n<p><strong>Alerg\u00e9nios<\/strong>: cont\u00e9m <strong>SOJA<\/strong> e <strong>LACTOSE<\/strong>. Pode conter vest\u00edgios de <strong>FRUTOS DE CASCA RIJA.<\/strong><\/p>\n<p><strong>Informa\u00e7\u00e3o nutricional por 100g:<\/strong><\/p>\n<ul style=\"list-style-type:disc;\">\n<li>Energia 2311 Kj \/ 554 kcal<\/li>\n<li>Gorduras 34g<\/li>\n<li>dos quais saturados 22g<\/li>\n<li>Hidratos de carbono 55g<\/li>\n<li>dos quais a\u00e7\u00facares 53g<\/li>\n<li>Prote\u00ednas 6,6g<\/li>\n<li>Fibra 2g<\/li>\n<li>Sal 0,16g<\/li>\n<\/ul>\n<p><strong>Pa\u00eds de origem<\/strong>: Portugal.<\/p>\n<p><em>Devido a poss\u00edveis altera\u00e7\u00f5es nas embalagens e\/ou r\u00f3tulos, deve sempre considerar a informa\u00e7\u00e3o que acompanha o produto que recebe.<\/em><\/p>\n","protected":false},"excerpt":{"rendered":"<ul style=\"list-style-type:disc;\">\n<li>Peso l\u00edquido 450g<\/li>\n<li>Cont\u00e9m 30 unidades com 15g cada<\/li>\n<li>Perfeito para um lanche r\u00e1pido<\/li>\n<li>N\u00e3o cont\u00e9m gluten<\/li>\n<\/ul>\n","protected":false},"author":43533,"featured_media":85838,"comment_status":"open","ping_status":"closed","template":"","meta":[],"pwb-brand":[],"product_brand":[],"product_cat":[9182,9187,8289,8291,8365,8567],"product_tag":[],"class_list":{"0":"post-212428","1":"product","2":"type-product","3":"status-publish","4":"has-post-thumbnail","6":"product_cat-natal","7":"product_cat-chocolates-pt-pt","8":"product_cat-inicio","9":"product_cat-produtos-portugueses","10":"product_cat-confeitaria","11":"product_cat-chocolate-pt-pt","13":"first","14":"instock","15":"taxable","16":"shipping-taxable","17":"purchasable","18":"product-type-simple"},"aioseo_notices":[],"brands":[],"_links":{"self":[{"href":"https:\/\/www.delicias-uk.com\/pt-pt\/wp-json\/wp\/v2\/product\/212428","targetHints":{"allow":["GET"]}}],"collection":[{"href":"https:\/\/www.delicias-uk.com\/pt-pt\/wp-json\/wp\/v2\/product"}],"about":[{"href":"https:\/\/www.delicias-uk.com\/pt-pt\/wp-json\/wp\/v2\/types\/product"}],"author":[{"embeddable":true,"href":"https:\/\/www.delicias-uk.com\/pt-pt\/wp-json\/wp\/v2\/users\/43533"}],"replies":[{"embeddable":true,"href":"https:\/\/www.delicias-uk.com\/pt-pt\/wp-json\/wp\/v2\/comments?post=212428"}],"wp:featuredmedia":[{"embeddable":true,"href":"https:\/\/www.delicias-uk.com\/pt-pt\/wp-json\/wp\/v2\/media\/85838"}],"wp:attachment":[{"href":"https:\/\/www.delicias-uk.com\/pt-pt\/wp-json\/wp\/v2\/media?parent=212428"}],"wp:term":[{"taxonomy":"pwb-brand","embeddable":true,"href":"https:\/\/www.delicias-uk.com\/pt-pt\/wp-json\/wp\/v2\/pwb-brand?post=212428"},{"taxonomy":"product_brand","embeddable":true,"href":"https:\/\/www.delicias-uk.com\/pt-pt\/wp-json\/wp\/v2\/product_brand?post=212428"},{"taxonomy":"product_cat","embeddable":true,"href":"https:\/\/www.delicias-uk.com\/pt-pt\/wp-json\/wp\/v2\/product_cat?post=212428"},{"taxonomy":"product_tag","embeddable":true,"href":"https:\/\/www.delicias-uk.com\/pt-pt\/wp-json\/wp\/v2\/product_tag?post=212428"}],"curies":[{"name":"wp","href":"https:\/\/api.w.org\/{rel}","templated":true}]}}