{"id":212426,"date":"2020-04-06T16:04:34","date_gmt":"2020-04-06T16:04:34","guid":{"rendered":"https:\/\/www.delicias-uk.com\/product\/casa-de-santar-2023-75cl-2\/"},"modified":"2025-12-26T12:17:23","modified_gmt":"2025-12-26T12:17:23","slug":"casa-de-santar-2023-75cl-2","status":"publish","type":"product","link":"https:\/\/www.delicias-uk.com\/pt-pt\/produto\/casa-de-santar-2023-75cl-2\/","title":{"rendered":"Casa de Santar 2023 75cl"},"content":{"rendered":"<p>Casa De Santar Branco \u00e9 um vinho do d\u00e3o cristalino de cor citrina definida. O seu aroma \u00e9 predominante em frutos c\u00edtricos, frutos tropicais e frutos ex\u00f3ticos. No palato, este vinho mostra ser frutado, fresco, harmonioso e persistente.<\/p>\n<ul>\n<li>Produtor: Casa de Santar<\/li>\n<li>Regi\u00e3o:\u00a0 D\u00e3o<\/li>\n<li>Pa\u00eds: Portugal<\/li>\n<li>Tipo de Vinho: Branco<\/li>\n<li>Castas: Bical \/ Encruzado \/ Cerceal<\/li>\n<li>Garrafa: 750ml<\/li>\n<li>Teor Alcoolico: 14.5%<\/li>\n<\/ul>\n","protected":false},"excerpt":{"rendered":"<ul style=\"list-style-type:disc;\">\n<li>Produtor: Casa de Santar<\/li>\n<li>Regi\u00e3o:\u00a0 D\u00e3o<\/li>\n<li>Pa\u00eds: Portugal<\/li>\n<li>Tipo de Vinho: Branco<\/li>\n<li>Castas: Bical \/ Encruzado \/ Cerceal<\/li>\n<li>Garrafa: 750ml<\/li>\n<li>Teor Alcoolico: 14.5%<\/li>\n<\/ul>\n","protected":false},"author":43533,"featured_media":140117,"comment_status":"open","ping_status":"closed","template":"","meta":[],"pwb-brand":[],"product_brand":[],"product_cat":[8289,8291,8431,8489,8793],"product_tag":[],"class_list":{"0":"post-212426","1":"product","2":"type-product","3":"status-publish","4":"has-post-thumbnail","6":"product_cat-inicio","7":"product_cat-produtos-portugueses","8":"product_cat-vinhos-pt-pt","9":"product_cat-vinho-branco","10":"product_cat-dao-pt-pt-vinho-branco","12":"first","13":"instock","14":"taxable","15":"shipping-taxable","16":"purchasable","17":"product-type-simple"},"aioseo_notices":[],"brands":[],"_links":{"self":[{"href":"https:\/\/www.delicias-uk.com\/pt-pt\/wp-json\/wp\/v2\/product\/212426","targetHints":{"allow":["GET"]}}],"collection":[{"href":"https:\/\/www.delicias-uk.com\/pt-pt\/wp-json\/wp\/v2\/product"}],"about":[{"href":"https:\/\/www.delicias-uk.com\/pt-pt\/wp-json\/wp\/v2\/types\/product"}],"author":[{"embeddable":true,"href":"https:\/\/www.delicias-uk.com\/pt-pt\/wp-json\/wp\/v2\/users\/43533"}],"replies":[{"embeddable":true,"href":"https:\/\/www.delicias-uk.com\/pt-pt\/wp-json\/wp\/v2\/comments?post=212426"}],"wp:featuredmedia":[{"embeddable":true,"href":"https:\/\/www.delicias-uk.com\/pt-pt\/wp-json\/wp\/v2\/media\/140117"}],"wp:attachment":[{"href":"https:\/\/www.delicias-uk.com\/pt-pt\/wp-json\/wp\/v2\/media?parent=212426"}],"wp:term":[{"taxonomy":"pwb-brand","embeddable":true,"href":"https:\/\/www.delicias-uk.com\/pt-pt\/wp-json\/wp\/v2\/pwb-brand?post=212426"},{"taxonomy":"product_brand","embeddable":true,"href":"https:\/\/www.delicias-uk.com\/pt-pt\/wp-json\/wp\/v2\/product_brand?post=212426"},{"taxonomy":"product_cat","embeddable":true,"href":"https:\/\/www.delicias-uk.com\/pt-pt\/wp-json\/wp\/v2\/product_cat?post=212426"},{"taxonomy":"product_tag","embeddable":true,"href":"https:\/\/www.delicias-uk.com\/pt-pt\/wp-json\/wp\/v2\/product_tag?post=212426"}],"curies":[{"name":"wp","href":"https:\/\/api.w.org\/{rel}","templated":true}]}}