{"id":212418,"date":"2020-04-06T12:45:31","date_gmt":"2020-04-06T12:45:31","guid":{"rendered":"https:\/\/www.delicias-uk.com\/product\/bolacha-maria-sem-lactose-vieira-doses-150g\/"},"modified":"2026-03-22T18:08:25","modified_gmt":"2026-03-22T18:08:25","slug":"bolacha-maria-sem-lactose-vieira-doses-150g","status":"publish","type":"product","link":"https:\/\/www.delicias-uk.com\/pt-pt\/produto\/bolacha-maria-sem-lactose-vieira-doses-150g\/","title":{"rendered":"Bolacha Maria Junior Sem Lactose (Doses)Vieira 180g"},"content":{"rendered":"<p>Biscoito Maria sem lactose, uma vers\u00e3o reformulada que preserva o sabor e a ess\u00eancia aut\u00eantica que o tornaram um favorito entre todas as idades, indicado para quem tem intoler\u00e2ncia \u00e0 lactose e numa vers\u00e3o ainda mais saud\u00e1vel num formato pr\u00e1tico e pr\u00e1tico.<\/p>\n<p><strong>Ingredientes<\/strong>: Farinha de trigo (gl\u00faten), a\u00e7\u00facar, \u00f3leo de girassol alto oleico (com antioxidantes (extrato rico em tocofer\u00f3is, palmitato de ascorbilo)), amido de milho, xarope de glucose-frutose, leveduras (hidrogenocarbonato de am\u00f3nio e hidrogenocarbonato de s\u00f3dio ), extrato de malte de cevada (gl\u00faten), sal, leite magro sem lactose (aprox. 0,4%), aromas, emulsionante (lecitinas (soja)) e antioxidante (metabissulfito de s\u00f3dio).<\/p>\n<p><strong>Alerg\u00e9nios<\/strong>: cont\u00e9m <strong>GL\u00daTEN<\/strong>, <strong>SOJA<\/strong> e <strong>SULFITOS<\/strong>. Pode conter vest\u00edgios de <strong>OVOS<\/strong>, <b>FRUTOS DE CASCA RIJA <\/b>e <strong>SEMENTES<\/strong> <strong>DE S\u00c9SAMO<\/strong>.<\/p>\n<p><strong>Informa\u00e7\u00e3o nutricional por 100g:<\/strong><\/p>\n<ul style=\"list-style-type:disc;\">\n<li>Energia 1748 Kj \/ 414 kcal<\/li>\n<li>Gorduras 7,1g<\/li>\n<li>dos quais saturado 1g<\/li>\n<li>Hidratos de carbono 78g<\/li>\n<li>dos quais a\u00e7\u00facares 16g<\/li>\n<li>Prote\u00ednas 8,1g<\/li>\n<li>Fibra 0g<\/li>\n<li>Sal 0,96g<\/li>\n<\/ul>\n<p><strong>Pa\u00eds de origem<\/strong>: Portugal.<\/p>\n<p><em>Devido a poss\u00edveis altera\u00e7\u00f5es nas embalagens e\/ou r\u00f3tulos, deve sempre considerar a informa\u00e7\u00e3o que acompanha o produto que recebe.<\/em><\/p>\n","protected":false},"excerpt":{"rendered":"<ul style=\"list-style-type:disc;\">\n<li>Redu\u00e7\u00e3o de 37% no teor de a\u00e7\u00facar em compara\u00e7\u00e3o com a receita anterior<\/li>\n<li>Sem \u00f3leo de palma com \u00f3leo de girassol<\/li>\n<li>Menos 76% de gordura saturada<\/li>\n<li>Lanche ideal para consumir ao longo do dia.<\/li>\n<li>Formato Take and Go \u2013 Doses individuais<\/li>\n<li>Aus\u00eancia de OGM (Organismos Geneticamente Modificados)<\/li>\n<li>Embalagens recicl\u00e1veis \u200b\u200b\u200b\u200b(materiais devidamente separados)<\/li>\n<\/ul>\n","protected":false},"author":43533,"featured_media":85818,"comment_status":"open","ping_status":"closed","template":"","meta":[],"pwb-brand":[],"product_brand":[],"product_cat":[8289,8291,8365,8461,8315,8539],"product_tag":[],"class_list":{"0":"post-212418","1":"product","2":"type-product","3":"status-publish","4":"has-post-thumbnail","6":"product_cat-inicio","7":"product_cat-produtos-portugueses","8":"product_cat-confeitaria","9":"product_cat-bolachas","10":"product_cat-free-from-pt-pt","11":"product_cat-sem-lactose","13":"first","14":"instock","15":"taxable","16":"shipping-taxable","17":"purchasable","18":"product-type-simple"},"aioseo_notices":[],"brands":[],"_links":{"self":[{"href":"https:\/\/www.delicias-uk.com\/pt-pt\/wp-json\/wp\/v2\/product\/212418","targetHints":{"allow":["GET"]}}],"collection":[{"href":"https:\/\/www.delicias-uk.com\/pt-pt\/wp-json\/wp\/v2\/product"}],"about":[{"href":"https:\/\/www.delicias-uk.com\/pt-pt\/wp-json\/wp\/v2\/types\/product"}],"author":[{"embeddable":true,"href":"https:\/\/www.delicias-uk.com\/pt-pt\/wp-json\/wp\/v2\/users\/43533"}],"replies":[{"embeddable":true,"href":"https:\/\/www.delicias-uk.com\/pt-pt\/wp-json\/wp\/v2\/comments?post=212418"}],"wp:featuredmedia":[{"embeddable":true,"href":"https:\/\/www.delicias-uk.com\/pt-pt\/wp-json\/wp\/v2\/media\/85818"}],"wp:attachment":[{"href":"https:\/\/www.delicias-uk.com\/pt-pt\/wp-json\/wp\/v2\/media?parent=212418"}],"wp:term":[{"taxonomy":"pwb-brand","embeddable":true,"href":"https:\/\/www.delicias-uk.com\/pt-pt\/wp-json\/wp\/v2\/pwb-brand?post=212418"},{"taxonomy":"product_brand","embeddable":true,"href":"https:\/\/www.delicias-uk.com\/pt-pt\/wp-json\/wp\/v2\/product_brand?post=212418"},{"taxonomy":"product_cat","embeddable":true,"href":"https:\/\/www.delicias-uk.com\/pt-pt\/wp-json\/wp\/v2\/product_cat?post=212418"},{"taxonomy":"product_tag","embeddable":true,"href":"https:\/\/www.delicias-uk.com\/pt-pt\/wp-json\/wp\/v2\/product_tag?post=212418"}],"curies":[{"name":"wp","href":"https:\/\/api.w.org\/{rel}","templated":true}]}}