{"id":212400,"date":"2020-03-30T11:34:44","date_gmt":"2020-03-30T10:34:44","guid":{"rendered":"https:\/\/www.delicias-uk.com\/product\/folar-de-carne-f-do-vouga-500gr-x-1-2\/"},"modified":"2026-03-31T12:24:37","modified_gmt":"2026-03-31T11:24:37","slug":"folar-de-carne-flor-do-vouga-700kg","status":"publish","type":"product","link":"https:\/\/www.delicias-uk.com\/pt-pt\/produto\/folar-de-carne-flor-do-vouga-700kg\/","title":{"rendered":"Folar de Carne Flor do Vouga 700kg"},"content":{"rendered":"<p data-start=\"97\" data-end=\"415\">Descubra o sabor aut\u00eantico da tradi\u00e7\u00e3o portuguesa com o <strong data-start=\"153\" data-end=\"185\">Folar de Carne Flor do Vouga<\/strong>. Produzido segundo receitas tradicionais da regi\u00e3o, este folar combina uma massa fofa e ligeiramente adocicada com um recheio generoso de carnes selecionadas, cuidadosamente temperadas para garantir um sabor rico e reconfortante.<\/p>\n<p data-start=\"417\" data-end=\"597\">Com aproximadamente <strong data-start=\"437\" data-end=\"445\">700g<\/strong>, \u00e9 ideal para partilhar em fam\u00edlia, seja em ocasi\u00f5es especiais como a P\u00e1scoa ou em momentos do dia a dia em que apetece um toque caseiro e tradicional.<\/p>\n<p data-start=\"599\" data-end=\"613\"><strong data-start=\"599\" data-end=\"613\">Destaques:<\/strong><\/p>\n<ul>\n<li data-start=\"616\" data-end=\"648\">Receita tradicional portuguesa<\/li>\n<li data-start=\"651\" data-end=\"688\">Recheio rico em carnes de qualidade<\/li>\n<li data-start=\"691\" data-end=\"724\">Massa macia e sabor equilibrado<\/li>\n<li data-start=\"727\" data-end=\"770\">Pronto a consumir ou aquecer ligeiramente<\/li>\n<\/ul>\n<p data-start=\"772\" data-end=\"933\">Perfeito para servir como refei\u00e7\u00e3o r\u00e1pida, entrada ou para um lanche especial, o <strong data-start=\"853\" data-end=\"885\">Folar de Carne Flor do Vouga<\/strong> traz \u00e0 sua mesa o verdadeiro sabor da tradi\u00e7\u00e3o.<\/p>\n","protected":false},"excerpt":{"rendered":"<ul>\n<li data-start=\"616\" data-end=\"648\">Receita tradicional portuguesa<\/li>\n<li data-start=\"651\" data-end=\"688\">Recheio rico em carnes de qualidade<\/li>\n<li data-start=\"691\" data-end=\"724\">Massa macia e sabor equilibrado<\/li>\n<li data-start=\"727\" data-end=\"770\">Pronto a consumir ou aquecer ligeiramente<\/li>\n<\/ul>\n","protected":false},"author":43533,"featured_media":85775,"comment_status":"open","ping_status":"closed","template":"","meta":[],"pwb-brand":[],"product_brand":[],"product_cat":[9182,9186],"product_tag":[],"class_list":{"0":"post-212400","1":"product","2":"type-product","3":"status-publish","4":"has-post-thumbnail","6":"product_cat-natal","7":"product_cat-folar-pt-pt","9":"first","10":"outofstock","11":"taxable","12":"shipping-taxable","13":"purchasable","14":"product-type-simple"},"aioseo_notices":[],"brands":[],"_links":{"self":[{"href":"https:\/\/www.delicias-uk.com\/pt-pt\/wp-json\/wp\/v2\/product\/212400","targetHints":{"allow":["GET"]}}],"collection":[{"href":"https:\/\/www.delicias-uk.com\/pt-pt\/wp-json\/wp\/v2\/product"}],"about":[{"href":"https:\/\/www.delicias-uk.com\/pt-pt\/wp-json\/wp\/v2\/types\/product"}],"author":[{"embeddable":true,"href":"https:\/\/www.delicias-uk.com\/pt-pt\/wp-json\/wp\/v2\/users\/43533"}],"replies":[{"embeddable":true,"href":"https:\/\/www.delicias-uk.com\/pt-pt\/wp-json\/wp\/v2\/comments?post=212400"}],"wp:featuredmedia":[{"embeddable":true,"href":"https:\/\/www.delicias-uk.com\/pt-pt\/wp-json\/wp\/v2\/media\/85775"}],"wp:attachment":[{"href":"https:\/\/www.delicias-uk.com\/pt-pt\/wp-json\/wp\/v2\/media?parent=212400"}],"wp:term":[{"taxonomy":"pwb-brand","embeddable":true,"href":"https:\/\/www.delicias-uk.com\/pt-pt\/wp-json\/wp\/v2\/pwb-brand?post=212400"},{"taxonomy":"product_brand","embeddable":true,"href":"https:\/\/www.delicias-uk.com\/pt-pt\/wp-json\/wp\/v2\/product_brand?post=212400"},{"taxonomy":"product_cat","embeddable":true,"href":"https:\/\/www.delicias-uk.com\/pt-pt\/wp-json\/wp\/v2\/product_cat?post=212400"},{"taxonomy":"product_tag","embeddable":true,"href":"https:\/\/www.delicias-uk.com\/pt-pt\/wp-json\/wp\/v2\/product_tag?post=212400"}],"curies":[{"name":"wp","href":"https:\/\/api.w.org\/{rel}","templated":true}]}}