{"id":212394,"date":"2025-09-23T11:40:59","date_gmt":"2025-09-23T10:40:59","guid":{"rendered":"https:\/\/www.delicias-uk.com\/?post_type=product&#038;p=212394"},"modified":"2026-04-07T16:12:06","modified_gmt":"2026-04-07T15:12:06","slug":"folar-de-pascoa-2-ovos-fdo-vouga-550g-x-1","status":"publish","type":"product","link":"https:\/\/www.delicias-uk.com\/pt-pt\/produto\/folar-de-pascoa-2-ovos-fdo-vouga-550g-x-1\/","title":{"rendered":"Folar De Pascoa 2 Ovos Flor Do Vouga 500g"},"content":{"rendered":"<p data-start=\"95\" data-end=\"406\">Celebre a tradi\u00e7\u00e3o da P\u00e1scoa com o <strong data-start=\"130\" data-end=\"174\">Folar de P\u00e1scoa com 2 Ovos Flor do Vouga<\/strong>, um doce t\u00edpico portugu\u00eas preparado segundo receitas tradicionais. Com uma <strong data-start=\"250\" data-end=\"296\">massa macia, arom\u00e1tica e ligeiramente doce<\/strong>, este folar \u00e9 enriquecido com <strong data-start=\"327\" data-end=\"348\">dois ovos cozidos<\/strong>, s\u00edmbolo de renova\u00e7\u00e3o e partilha nas celebra\u00e7\u00f5es pascais.<\/p>\n<p data-start=\"408\" data-end=\"719\">Produzido pela reconhecida marca <strong data-start=\"441\" data-end=\"458\">Flor do Vouga<\/strong>, este folar combina tradi\u00e7\u00e3o e qualidade, sendo perfeito para partilhar com fam\u00edlia e amigos durante a \u00e9poca festiva. A sua textura suave e sabor equilibrado fazem dele uma excelente escolha para acompanhar <strong data-start=\"666\" data-end=\"718\">caf\u00e9, ch\u00e1 ou outras sobremesas t\u00edpicas da P\u00e1scoa<\/strong>.<\/p>\n<p data-start=\"721\" data-end=\"791\">Ideal para trazer \u00e0 mesa o verdadeiro sabor das tradi\u00e7\u00f5es portuguesas.<\/p>\n<p data-start=\"793\" data-end=\"816\"><strong data-start=\"793\" data-end=\"816\">Detalhes do Produto<\/strong><\/p>\n<ul>\n<li data-start=\"819\" data-end=\"860\"><strong data-start=\"819\" data-end=\"831\">Produto:<\/strong> Folar de P\u00e1scoa com 2 Ovos<\/li>\n<li data-start=\"863\" data-end=\"889\"><strong data-start=\"863\" data-end=\"873\">Marca:<\/strong> Flor do Vouga<\/li>\n<li data-start=\"892\" data-end=\"908\"><strong data-start=\"892\" data-end=\"901\">Peso:<\/strong> 500g<\/li>\n<li data-start=\"911\" data-end=\"959\"><strong data-start=\"911\" data-end=\"920\">Tipo:<\/strong> Doce tradicional portugu\u00eas de P\u00e1scoa<\/li>\n<li data-start=\"962\" data-end=\"1013\"><strong data-start=\"962\" data-end=\"982\">Caracter\u00edsticas:<\/strong> Massa macia com ovos cozidos<\/li>\n<li data-start=\"1016\" data-end=\"1050\"><strong data-start=\"1016\" data-end=\"1028\">Ocasi\u00e3o:<\/strong> Celebra\u00e7\u00f5es de P\u00e1scoa<\/li>\n<\/ul>\n<p data-start=\"1052\" data-end=\"1076\"><strong data-start=\"1052\" data-end=\"1076\">Sugest\u00f5es de Consumo<\/strong><\/p>\n<ul>\n<li data-start=\"1079\" data-end=\"1124\">Ideal para <strong data-start=\"1090\" data-end=\"1124\">partilhar em fam\u00edlia na P\u00e1scoa<\/strong><\/li>\n<li data-start=\"1127\" data-end=\"1167\">Perfeito para acompanhar <strong data-start=\"1152\" data-end=\"1167\">caf\u00e9 ou ch\u00e1<\/strong><\/li>\n<li data-start=\"1170\" data-end=\"1220\">Excelente como <strong data-start=\"1185\" data-end=\"1220\">sobremesa ou lanche tradiciona<\/strong><\/li>\n<\/ul>\n","protected":false},"excerpt":{"rendered":"<ul>\n<li data-start=\"819\" data-end=\"860\"><strong data-start=\"819\" data-end=\"831\">Produto:<\/strong> Folar de P\u00e1scoa com 2 Ovos<\/li>\n<li data-start=\"863\" data-end=\"889\"><strong data-start=\"863\" data-end=\"873\">Marca:<\/strong> Flor do Vouga<\/li>\n<li data-start=\"892\" data-end=\"908\"><strong data-start=\"892\" data-end=\"901\">Peso:<\/strong> 500g<\/li>\n<li data-start=\"911\" data-end=\"959\"><strong data-start=\"911\" data-end=\"920\">Tipo:<\/strong> Doce tradicional portugu\u00eas de P\u00e1scoa<\/li>\n<li data-start=\"962\" data-end=\"1013\"><strong data-start=\"962\" data-end=\"982\">Caracter\u00edsticas:<\/strong> Massa macia com ovos cozidos<\/li>\n<li data-start=\"1016\" data-end=\"1050\"><strong data-start=\"1016\" data-end=\"1028\">Ocasi\u00e3o:<\/strong> Celebra\u00e7\u00f5es de P\u00e1scoa<\/li>\n<\/ul>\n","protected":false},"author":43533,"featured_media":85763,"comment_status":"open","ping_status":"closed","template":"","meta":[],"pwb-brand":[],"product_brand":[],"product_cat":[9182,9186,8289],"product_tag":[],"class_list":{"0":"post-212394","1":"product","2":"type-product","3":"status-publish","4":"has-post-thumbnail","6":"product_cat-natal","7":"product_cat-folar-pt-pt","8":"product_cat-inicio","10":"first","11":"outofstock","12":"taxable","13":"shipping-taxable","14":"purchasable","15":"product-type-simple"},"aioseo_notices":[],"brands":[],"_links":{"self":[{"href":"https:\/\/www.delicias-uk.com\/pt-pt\/wp-json\/wp\/v2\/product\/212394","targetHints":{"allow":["GET"]}}],"collection":[{"href":"https:\/\/www.delicias-uk.com\/pt-pt\/wp-json\/wp\/v2\/product"}],"about":[{"href":"https:\/\/www.delicias-uk.com\/pt-pt\/wp-json\/wp\/v2\/types\/product"}],"author":[{"embeddable":true,"href":"https:\/\/www.delicias-uk.com\/pt-pt\/wp-json\/wp\/v2\/users\/43533"}],"replies":[{"embeddable":true,"href":"https:\/\/www.delicias-uk.com\/pt-pt\/wp-json\/wp\/v2\/comments?post=212394"}],"wp:featuredmedia":[{"embeddable":true,"href":"https:\/\/www.delicias-uk.com\/pt-pt\/wp-json\/wp\/v2\/media\/85763"}],"wp:attachment":[{"href":"https:\/\/www.delicias-uk.com\/pt-pt\/wp-json\/wp\/v2\/media?parent=212394"}],"wp:term":[{"taxonomy":"pwb-brand","embeddable":true,"href":"https:\/\/www.delicias-uk.com\/pt-pt\/wp-json\/wp\/v2\/pwb-brand?post=212394"},{"taxonomy":"product_brand","embeddable":true,"href":"https:\/\/www.delicias-uk.com\/pt-pt\/wp-json\/wp\/v2\/product_brand?post=212394"},{"taxonomy":"product_cat","embeddable":true,"href":"https:\/\/www.delicias-uk.com\/pt-pt\/wp-json\/wp\/v2\/product_cat?post=212394"},{"taxonomy":"product_tag","embeddable":true,"href":"https:\/\/www.delicias-uk.com\/pt-pt\/wp-json\/wp\/v2\/product_tag?post=212394"}],"curies":[{"name":"wp","href":"https:\/\/api.w.org\/{rel}","templated":true}]}}