{"id":212376,"date":"2020-03-24T15:40:38","date_gmt":"2020-03-24T15:40:38","guid":{"rendered":"https:\/\/www.delicias-uk.com\/product\/leite-uht-acores-mgordo-0-lactose-1lt\/"},"modified":"2026-01-19T16:56:07","modified_gmt":"2026-01-19T16:56:07","slug":"leite-uht-acores-mgordo-0-lactose-1lt-2","status":"publish","type":"product","link":"https:\/\/www.delicias-uk.com\/pt-pt\/produto\/leite-uht-acores-mgordo-0-lactose-1lt-2\/","title":{"rendered":"Leite UHT Meio Gordo 0% Lactose Nova A\u00e7ores 1L"},"content":{"rendered":"<p>O leite meio-gordo sem lactose nova a\u00e7ores pastagem tem origem em explora\u00e7\u00f5es controladas e certificadas pela apcer, promovendo o bem-estar animal. \u00c9 um leite proveniente de animais que pastam livremente 365 dias por ano, sendo ideal para quem \u00e9 intolerante \u00e0 lactose, mas n\u00e3o abdica de um copo de leite a\u00e7oriano. Mantendo a riqueza do leite dos a\u00e7ores, desdobr\u00e1mos a lactose, pela a\u00e7\u00e3o da enzima lactase, em a\u00e7\u00facares mais simples \u2013 glicose e galactose. Agora, com o leite meio-gordo sem lactose nova a\u00e7ores pastagem, mesmo sendo intolerante \u00e0 lactose, pode incluir o leite na sua alimenta\u00e7\u00e3o, beneficiando das in\u00fameras vantagens deste alimento.<\/p>\n","protected":false},"excerpt":{"rendered":"<p>O leite meio-gordo sem lactose nova a\u00e7ores pastagem tem origem em explora\u00e7\u00f5es controladas e certificadas pela apcer, promovendo o bem-estar animal. \u00c9 um leite proveniente de animais que pastam livremente 365 dias por ano, sendo ideal para quem \u00e9 intolerante \u00e0 lactose, mas n\u00e3o abdica de um copo de leite a\u00e7oriano. Mantendo a riqueza do [&hellip;]<\/p>\n","protected":false},"author":43533,"featured_media":85726,"comment_status":"open","ping_status":"closed","template":"","meta":[],"pwb-brand":[],"product_brand":[],"product_cat":[8699,8315],"product_tag":[],"class_list":{"0":"post-212376","1":"product","2":"type-product","3":"status-publish","4":"has-post-thumbnail","6":"product_cat-leite","7":"product_cat-free-from-pt-pt","9":"first","10":"instock","11":"taxable","12":"shipping-taxable","13":"purchasable","14":"product-type-simple"},"aioseo_notices":[],"brands":[],"_links":{"self":[{"href":"https:\/\/www.delicias-uk.com\/pt-pt\/wp-json\/wp\/v2\/product\/212376","targetHints":{"allow":["GET"]}}],"collection":[{"href":"https:\/\/www.delicias-uk.com\/pt-pt\/wp-json\/wp\/v2\/product"}],"about":[{"href":"https:\/\/www.delicias-uk.com\/pt-pt\/wp-json\/wp\/v2\/types\/product"}],"author":[{"embeddable":true,"href":"https:\/\/www.delicias-uk.com\/pt-pt\/wp-json\/wp\/v2\/users\/43533"}],"replies":[{"embeddable":true,"href":"https:\/\/www.delicias-uk.com\/pt-pt\/wp-json\/wp\/v2\/comments?post=212376"}],"wp:featuredmedia":[{"embeddable":true,"href":"https:\/\/www.delicias-uk.com\/pt-pt\/wp-json\/wp\/v2\/media\/85726"}],"wp:attachment":[{"href":"https:\/\/www.delicias-uk.com\/pt-pt\/wp-json\/wp\/v2\/media?parent=212376"}],"wp:term":[{"taxonomy":"pwb-brand","embeddable":true,"href":"https:\/\/www.delicias-uk.com\/pt-pt\/wp-json\/wp\/v2\/pwb-brand?post=212376"},{"taxonomy":"product_brand","embeddable":true,"href":"https:\/\/www.delicias-uk.com\/pt-pt\/wp-json\/wp\/v2\/product_brand?post=212376"},{"taxonomy":"product_cat","embeddable":true,"href":"https:\/\/www.delicias-uk.com\/pt-pt\/wp-json\/wp\/v2\/product_cat?post=212376"},{"taxonomy":"product_tag","embeddable":true,"href":"https:\/\/www.delicias-uk.com\/pt-pt\/wp-json\/wp\/v2\/product_tag?post=212376"}],"curies":[{"name":"wp","href":"https:\/\/api.w.org\/{rel}","templated":true}]}}