{"id":212372,"date":"2020-03-24T11:56:42","date_gmt":"2020-03-24T11:56:42","guid":{"rendered":"https:\/\/www.delicias-uk.com\/product\/sumo-brisa-gaseificado-de-maca-garrafa-360ml\/"},"modified":"2020-03-24T11:56:42","modified_gmt":"2020-03-24T11:56:42","slug":"sumo-brisa-gaseificado-de-maca-garrafa-360ml","status":"publish","type":"product","link":"https:\/\/www.delicias-uk.com\/pt-pt\/produto\/sumo-brisa-gaseificado-de-maca-garrafa-360ml\/","title":{"rendered":"Brisa Ma\u00e7\u00e3 360ml"},"content":{"rendered":"<p>\u00c9 um refrigerante fabricado com sumo natural de ma\u00e7\u00e3 e \u00e1gua tratada levemente carbonatada. Tem um sabor inconfund\u00edvel a ma\u00e7\u00e3s maduras e um travo ligeiramente acidulado pr\u00f3prios do fruto. \u00c9 uma bebida suave, muito refrescante e agrad\u00e1vel para beber-se em todas as ocasi\u00f5es.<\/p>\n","protected":false},"excerpt":{"rendered":"<ul style=\"list-style-type:disc;\">\n<li>Peso l\u00edquido 360ml<\/li>\n<li>Pronto para beber<\/li>\n<li>Acompanhamento perfeito com bolo do caco<\/li>\n<\/ul>\n","protected":false},"author":43533,"featured_media":85718,"comment_status":"open","ping_status":"closed","template":"","meta":[],"pwb-brand":[],"product_brand":[],"product_cat":[8289,8291,8491,8499],"product_tag":[],"class_list":{"0":"post-212372","1":"product","2":"type-product","3":"status-publish","4":"has-post-thumbnail","6":"product_cat-inicio","7":"product_cat-produtos-portugueses","8":"product_cat-refrigerantes","9":"product_cat-sem-glutem","11":"first","12":"outofstock","13":"taxable","14":"shipping-taxable","15":"purchasable","16":"product-type-simple"},"aioseo_notices":[],"brands":[],"_links":{"self":[{"href":"https:\/\/www.delicias-uk.com\/pt-pt\/wp-json\/wp\/v2\/product\/212372","targetHints":{"allow":["GET"]}}],"collection":[{"href":"https:\/\/www.delicias-uk.com\/pt-pt\/wp-json\/wp\/v2\/product"}],"about":[{"href":"https:\/\/www.delicias-uk.com\/pt-pt\/wp-json\/wp\/v2\/types\/product"}],"author":[{"embeddable":true,"href":"https:\/\/www.delicias-uk.com\/pt-pt\/wp-json\/wp\/v2\/users\/43533"}],"replies":[{"embeddable":true,"href":"https:\/\/www.delicias-uk.com\/pt-pt\/wp-json\/wp\/v2\/comments?post=212372"}],"wp:featuredmedia":[{"embeddable":true,"href":"https:\/\/www.delicias-uk.com\/pt-pt\/wp-json\/wp\/v2\/media\/85718"}],"wp:attachment":[{"href":"https:\/\/www.delicias-uk.com\/pt-pt\/wp-json\/wp\/v2\/media?parent=212372"}],"wp:term":[{"taxonomy":"pwb-brand","embeddable":true,"href":"https:\/\/www.delicias-uk.com\/pt-pt\/wp-json\/wp\/v2\/pwb-brand?post=212372"},{"taxonomy":"product_brand","embeddable":true,"href":"https:\/\/www.delicias-uk.com\/pt-pt\/wp-json\/wp\/v2\/product_brand?post=212372"},{"taxonomy":"product_cat","embeddable":true,"href":"https:\/\/www.delicias-uk.com\/pt-pt\/wp-json\/wp\/v2\/product_cat?post=212372"},{"taxonomy":"product_tag","embeddable":true,"href":"https:\/\/www.delicias-uk.com\/pt-pt\/wp-json\/wp\/v2\/product_tag?post=212372"}],"curies":[{"name":"wp","href":"https:\/\/api.w.org\/{rel}","templated":true}]}}