{"id":212320,"date":"2020-03-23T10:38:24","date_gmt":"2020-03-23T10:38:24","guid":{"rendered":"https:\/\/www.delicias-uk.com\/product\/arroz-camil-parboilizado-tipo-1-fs-5kg\/"},"modified":"2025-02-06T17:24:41","modified_gmt":"2025-02-06T17:24:41","slug":"arroz-camil-parboilizado-tipo-1-fs-5kg","status":"publish","type":"product","link":"https:\/\/www.delicias-uk.com\/pt-pt\/produto\/arroz-camil-parboilizado-tipo-1-fs-5kg\/","title":{"rendered":"Arroz Parbolizado Camil Tipo 1 5kg"},"content":{"rendered":"<p>Arroz Parboilizado\u00a0Camil. Ao contr\u00e1rio do arroz branco, o Arroz Parboilizado passa por um processo que cozinha o gr\u00e3o dentro da sua pr\u00f3pria casca, utilizando apenas \u00e1gua e calor, sem adi\u00e7\u00e3o de produtos qu\u00edmicos. Esse processo ajuda a preservar ainda mais os nutrientes, deixando o gr\u00e3o \u00edntegro e mais soltinho no cozimento e proporcionando um \u00f3timo resultado na sua receita.\u00a0Possui alto teor de carboidratos, vitaminas do complexo B, fibras e minerais.<\/p>\n","protected":false},"excerpt":{"rendered":"<ul style=\"list-style-type:disc;\">\n<li>Sem adi\u00e7\u00e3o de produtos quimicos<\/li>\n<li>Rico em vitaminas B e fibras<\/li>\n<li>Fonte de energia<\/li>\n<li>N\u00e3o cont\u00e9m gl\u00faten<\/li>\n<li>N\u00e3o precisa lavar nem escolher<\/li>\n<\/ul>\n","protected":false},"author":43533,"featured_media":85612,"comment_status":"open","ping_status":"closed","template":"","meta":[],"pwb-brand":[],"product_brand":[],"product_cat":[8289,8293,8401,8483,8747],"product_tag":[],"class_list":{"0":"post-212320","1":"product","2":"type-product","3":"status-publish","4":"has-post-thumbnail","6":"product_cat-inicio","7":"product_cat-produtos-brasileiros","8":"product_cat-mercearia-pt-pt","9":"product_cat-feijao-arroz","10":"product_cat-arroz-pt-pt","12":"first","13":"instock","14":"taxable","15":"shipping-taxable","16":"purchasable","17":"product-type-simple"},"aioseo_notices":[],"brands":[],"_links":{"self":[{"href":"https:\/\/www.delicias-uk.com\/pt-pt\/wp-json\/wp\/v2\/product\/212320","targetHints":{"allow":["GET"]}}],"collection":[{"href":"https:\/\/www.delicias-uk.com\/pt-pt\/wp-json\/wp\/v2\/product"}],"about":[{"href":"https:\/\/www.delicias-uk.com\/pt-pt\/wp-json\/wp\/v2\/types\/product"}],"author":[{"embeddable":true,"href":"https:\/\/www.delicias-uk.com\/pt-pt\/wp-json\/wp\/v2\/users\/43533"}],"replies":[{"embeddable":true,"href":"https:\/\/www.delicias-uk.com\/pt-pt\/wp-json\/wp\/v2\/comments?post=212320"}],"wp:featuredmedia":[{"embeddable":true,"href":"https:\/\/www.delicias-uk.com\/pt-pt\/wp-json\/wp\/v2\/media\/85612"}],"wp:attachment":[{"href":"https:\/\/www.delicias-uk.com\/pt-pt\/wp-json\/wp\/v2\/media?parent=212320"}],"wp:term":[{"taxonomy":"pwb-brand","embeddable":true,"href":"https:\/\/www.delicias-uk.com\/pt-pt\/wp-json\/wp\/v2\/pwb-brand?post=212320"},{"taxonomy":"product_brand","embeddable":true,"href":"https:\/\/www.delicias-uk.com\/pt-pt\/wp-json\/wp\/v2\/product_brand?post=212320"},{"taxonomy":"product_cat","embeddable":true,"href":"https:\/\/www.delicias-uk.com\/pt-pt\/wp-json\/wp\/v2\/product_cat?post=212320"},{"taxonomy":"product_tag","embeddable":true,"href":"https:\/\/www.delicias-uk.com\/pt-pt\/wp-json\/wp\/v2\/product_tag?post=212320"}],"curies":[{"name":"wp","href":"https:\/\/api.w.org\/{rel}","templated":true}]}}