{"id":212318,"date":"2020-03-23T10:29:29","date_gmt":"2020-03-23T10:29:29","guid":{"rendered":"https:\/\/www.delicias-uk.com\/product\/arroz-branco-camil-tipo-1-5kg\/"},"modified":"2026-04-29T13:36:29","modified_gmt":"2026-04-29T12:36:29","slug":"arroz-branco-camil-tipo-1-5kg","status":"publish","type":"product","link":"https:\/\/www.delicias-uk.com\/pt-pt\/produto\/arroz-branco-camil-tipo-1-5kg\/","title":{"rendered":"Arroz Branco Camil Tipo 1 5kg"},"content":{"rendered":"<p>O arroz Camil \u00e9 muito f\u00e1cil de fazer, n\u00e3o precisa de lavar e fica sempre branco e solto, pois \u00e9 selecionado eletronicamente. Basta colocar a cebola a refogar e deixar toda a casa com aquele cheiro de arroz caseiro e saboroso que a fam\u00edlia tanto adora.<\/p>\n","protected":false},"excerpt":{"rendered":"<ul style=\"list-style-type:disc;\">\n<li>100% gr\u00e3os nobres<\/li>\n<li>Baixo teor de gordura<\/li>\n<li>N\u00e3o cont\u00e9m gl\u00faten<\/li>\n<li>N\u00e3o precisa lavar nem escolher<\/li>\n<\/ul>\n","protected":false},"author":43533,"featured_media":85609,"comment_status":"open","ping_status":"closed","template":"","meta":[],"pwb-brand":[],"product_brand":[],"product_cat":[8289,8293,8401,8483,8747],"product_tag":[],"class_list":{"0":"post-212318","1":"product","2":"type-product","3":"status-publish","4":"has-post-thumbnail","6":"product_cat-inicio","7":"product_cat-produtos-brasileiros","8":"product_cat-mercearia-pt-pt","9":"product_cat-feijao-arroz","10":"product_cat-arroz-pt-pt","12":"first","13":"outofstock","14":"taxable","15":"shipping-taxable","16":"purchasable","17":"product-type-simple"},"aioseo_notices":[],"brands":[],"_links":{"self":[{"href":"https:\/\/www.delicias-uk.com\/pt-pt\/wp-json\/wp\/v2\/product\/212318","targetHints":{"allow":["GET"]}}],"collection":[{"href":"https:\/\/www.delicias-uk.com\/pt-pt\/wp-json\/wp\/v2\/product"}],"about":[{"href":"https:\/\/www.delicias-uk.com\/pt-pt\/wp-json\/wp\/v2\/types\/product"}],"author":[{"embeddable":true,"href":"https:\/\/www.delicias-uk.com\/pt-pt\/wp-json\/wp\/v2\/users\/43533"}],"replies":[{"embeddable":true,"href":"https:\/\/www.delicias-uk.com\/pt-pt\/wp-json\/wp\/v2\/comments?post=212318"}],"wp:featuredmedia":[{"embeddable":true,"href":"https:\/\/www.delicias-uk.com\/pt-pt\/wp-json\/wp\/v2\/media\/85609"}],"wp:attachment":[{"href":"https:\/\/www.delicias-uk.com\/pt-pt\/wp-json\/wp\/v2\/media?parent=212318"}],"wp:term":[{"taxonomy":"pwb-brand","embeddable":true,"href":"https:\/\/www.delicias-uk.com\/pt-pt\/wp-json\/wp\/v2\/pwb-brand?post=212318"},{"taxonomy":"product_brand","embeddable":true,"href":"https:\/\/www.delicias-uk.com\/pt-pt\/wp-json\/wp\/v2\/product_brand?post=212318"},{"taxonomy":"product_cat","embeddable":true,"href":"https:\/\/www.delicias-uk.com\/pt-pt\/wp-json\/wp\/v2\/product_cat?post=212318"},{"taxonomy":"product_tag","embeddable":true,"href":"https:\/\/www.delicias-uk.com\/pt-pt\/wp-json\/wp\/v2\/product_tag?post=212318"}],"curies":[{"name":"wp","href":"https:\/\/api.w.org\/{rel}","templated":true}]}}