{"id":212308,"date":"2020-03-20T16:13:25","date_gmt":"2020-03-20T16:13:25","guid":{"rendered":"https:\/\/www.delicias-uk.com\/product\/salpicao-cachaco-vinha-d-alhos-terras-do-demo-300g\/"},"modified":"2026-03-15T10:42:13","modified_gmt":"2026-03-15T10:42:13","slug":"salpicao-cachaco-vinha-d-alhos-terras-do-demo-300g","status":"publish","type":"product","link":"https:\/\/www.delicias-uk.com\/pt-pt\/produto\/salpicao-cachaco-vinha-d-alhos-terras-do-demo-300g\/","title":{"rendered":"Salpic\u00e3o Cacha\u00e7o Vinha D&#8217;Alhos Terras do Demo 300g"},"content":{"rendered":"<p>Delicie-se com o saboroso e tenro Salpic\u00e3o do Cacha\u00e7o! Elaborado com carnes e temperos da mais elevada qualidade, este salpic\u00e3o ir\u00e1 certamente fazer as del\u00edcias do seu paladar. Ideal para uma t\u00e1bua de charcutaria ou como petisco saboroso, esta iguaria portuguesa ir\u00e1 transport\u00e1-lo para as ruas de Portugal a cada dentada!<\/p>\n<p><strong>Ingredientes<\/strong>: Pesco\u00e7o de porco desossado, Vinho (Sulfitos), Sal, Alho granulado, Dextrose, Emulsionante (E 451), Antioxidantes (E 300, E 301, E 331), Especiarias, Hemoglobina desidratada, Conservante (E 250) e Tripa natural de porco .<\/p>\n<p><strong>Alerg\u00e9nios<\/strong>: cont\u00e9m <strong>SULFITOS<\/strong>.<\/p>\n<p><strong>Informa\u00e7\u00e3o nutricional por 100g:<\/strong><\/p>\n<ul style=\"list-style-type:disc;\">\n<li>ENERGIA 830 KJ\/198 Kcal<\/li>\n<li>LIP\u00cdDEOS 10g<\/li>\n<li>dos quais saturados 5,0 g<\/li>\n<li>HIDRATOS DE CARBONO 0 g<\/li>\n<li>dos quais a\u00e7\u00facares 0 g<\/li>\n<li>PROTE\u00cdNAS 28g<\/li>\n<li>SAL 2,8g<\/li>\n<\/ul>\n<p><strong>Pa\u00eds de origem<\/strong>: Portugal<\/p>\n","protected":false},"excerpt":{"rendered":"<ul style=\"list-style-type:disc;\">\n<li>Peso l\u00edquido 300g<\/li>\n<li>Temperado com alho<\/li>\n<li>Um toque Portugu\u00eas ao seu prato!<\/li>\n<\/ul>\n","protected":false},"author":43533,"featured_media":85585,"comment_status":"open","ping_status":"closed","template":"","meta":[],"pwb-brand":[],"product_brand":[],"product_cat":[8289,8291,8337,8663],"product_tag":[],"class_list":{"0":"post-212308","1":"product","2":"type-product","3":"status-publish","4":"has-post-thumbnail","6":"product_cat-inicio","7":"product_cat-produtos-portugueses","8":"product_cat-charcutaria","9":"product_cat-chourico-e-salsicha","11":"first","12":"outofstock","13":"taxable","14":"shipping-taxable","15":"purchasable","16":"product-type-simple"},"aioseo_notices":[],"brands":[],"_links":{"self":[{"href":"https:\/\/www.delicias-uk.com\/pt-pt\/wp-json\/wp\/v2\/product\/212308","targetHints":{"allow":["GET"]}}],"collection":[{"href":"https:\/\/www.delicias-uk.com\/pt-pt\/wp-json\/wp\/v2\/product"}],"about":[{"href":"https:\/\/www.delicias-uk.com\/pt-pt\/wp-json\/wp\/v2\/types\/product"}],"author":[{"embeddable":true,"href":"https:\/\/www.delicias-uk.com\/pt-pt\/wp-json\/wp\/v2\/users\/43533"}],"replies":[{"embeddable":true,"href":"https:\/\/www.delicias-uk.com\/pt-pt\/wp-json\/wp\/v2\/comments?post=212308"}],"wp:featuredmedia":[{"embeddable":true,"href":"https:\/\/www.delicias-uk.com\/pt-pt\/wp-json\/wp\/v2\/media\/85585"}],"wp:attachment":[{"href":"https:\/\/www.delicias-uk.com\/pt-pt\/wp-json\/wp\/v2\/media?parent=212308"}],"wp:term":[{"taxonomy":"pwb-brand","embeddable":true,"href":"https:\/\/www.delicias-uk.com\/pt-pt\/wp-json\/wp\/v2\/pwb-brand?post=212308"},{"taxonomy":"product_brand","embeddable":true,"href":"https:\/\/www.delicias-uk.com\/pt-pt\/wp-json\/wp\/v2\/product_brand?post=212308"},{"taxonomy":"product_cat","embeddable":true,"href":"https:\/\/www.delicias-uk.com\/pt-pt\/wp-json\/wp\/v2\/product_cat?post=212308"},{"taxonomy":"product_tag","embeddable":true,"href":"https:\/\/www.delicias-uk.com\/pt-pt\/wp-json\/wp\/v2\/product_tag?post=212308"}],"curies":[{"name":"wp","href":"https:\/\/api.w.org\/{rel}","templated":true}]}}