{"id":212296,"date":"2020-03-20T14:06:00","date_gmt":"2020-03-20T14:06:00","guid":{"rendered":"https:\/\/www.delicias-uk.com\/product\/paio-do-lombo-fatiado-porminho-80g\/"},"modified":"2020-03-20T14:06:00","modified_gmt":"2020-03-20T14:06:00","slug":"paio-do-lombo-fatiado-porminho-80g","status":"publish","type":"product","link":"https:\/\/www.delicias-uk.com\/pt-pt\/produto\/paio-do-lombo-fatiado-porminho-80g\/","title":{"rendered":"Paio do Lombo Fatiado Porminho 80g"},"content":{"rendered":"<p>Produto elaborado com carne de lombo de porco. Fumado com madeira de azinheira, o Paio do Lombo \u00e9 um produto cil\u00edndrico constitu\u00eddo por um peda\u00e7o de lombo e atado nas duas extremidades, recheado com tripas naturais de porco. Vers\u00e3o fatiada.<\/p>\n<p><strong>Ingredientes<\/strong>: Lombo de porco (80%) (origem UE), \u00e1gua, sal, especiarias, estabilizantes (E451, E450, E452), dextrose, aromas, antioxidante (E316) e conservante (E250).<\/p>\n<p><strong>Alerg\u00e9nios<\/strong>: nenhum<\/p>\n<p><strong>Informa\u00e7\u00e3o nutricional por 100g:<\/strong><\/p>\n<ul style=\"list-style-type:disc;\">\n<li>Energia 529 kJ\/ 126 kcal<\/li>\n<li>L\u00edpidos 3,6 g<\/li>\n<li>dos quais Saturado 1,4 g<\/li>\n<li>Hidratos de carbono 1,3 g<\/li>\n<li>dos quais a\u00e7\u00facares 0,6 g<\/li>\n<li>Prote\u00ednas 22 g<\/li>\n<li>Sal 2,6g<\/li>\n<\/ul>\n<p><strong>Pa\u00eds de origem<\/strong>: UE<\/p>\n","protected":false},"excerpt":{"rendered":"<ul style=\"list-style-type:disc;\">\n<li>Peso l\u00edquido 80g<\/li>\n<li>Fonte de prote\u00edna<\/li>\n<li>Fatias finas<\/li>\n<\/ul>\n","protected":false},"author":43533,"featured_media":234732,"comment_status":"open","ping_status":"closed","template":"","meta":[],"pwb-brand":[],"product_brand":[],"product_cat":[8289,8291,8337,8669],"product_tag":[],"class_list":{"0":"post-212296","1":"product","2":"type-product","3":"status-publish","4":"has-post-thumbnail","6":"product_cat-inicio","7":"product_cat-produtos-portugueses","8":"product_cat-charcutaria","9":"product_cat-paio-outros","11":"first","12":"instock","13":"taxable","14":"shipping-taxable","15":"purchasable","16":"product-type-simple"},"aioseo_notices":[],"brands":[],"_links":{"self":[{"href":"https:\/\/www.delicias-uk.com\/pt-pt\/wp-json\/wp\/v2\/product\/212296","targetHints":{"allow":["GET"]}}],"collection":[{"href":"https:\/\/www.delicias-uk.com\/pt-pt\/wp-json\/wp\/v2\/product"}],"about":[{"href":"https:\/\/www.delicias-uk.com\/pt-pt\/wp-json\/wp\/v2\/types\/product"}],"author":[{"embeddable":true,"href":"https:\/\/www.delicias-uk.com\/pt-pt\/wp-json\/wp\/v2\/users\/43533"}],"replies":[{"embeddable":true,"href":"https:\/\/www.delicias-uk.com\/pt-pt\/wp-json\/wp\/v2\/comments?post=212296"}],"wp:featuredmedia":[{"embeddable":true,"href":"https:\/\/www.delicias-uk.com\/pt-pt\/wp-json\/wp\/v2\/media\/234732"}],"wp:attachment":[{"href":"https:\/\/www.delicias-uk.com\/pt-pt\/wp-json\/wp\/v2\/media?parent=212296"}],"wp:term":[{"taxonomy":"pwb-brand","embeddable":true,"href":"https:\/\/www.delicias-uk.com\/pt-pt\/wp-json\/wp\/v2\/pwb-brand?post=212296"},{"taxonomy":"product_brand","embeddable":true,"href":"https:\/\/www.delicias-uk.com\/pt-pt\/wp-json\/wp\/v2\/product_brand?post=212296"},{"taxonomy":"product_cat","embeddable":true,"href":"https:\/\/www.delicias-uk.com\/pt-pt\/wp-json\/wp\/v2\/product_cat?post=212296"},{"taxonomy":"product_tag","embeddable":true,"href":"https:\/\/www.delicias-uk.com\/pt-pt\/wp-json\/wp\/v2\/product_tag?post=212296"}],"curies":[{"name":"wp","href":"https:\/\/api.w.org\/{rel}","templated":true}]}}