{"id":212238,"date":"2019-12-23T13:20:41","date_gmt":"2019-12-23T13:20:41","guid":{"rendered":"https:\/\/www.delicias-uk.com\/product\/cerveja-super-bock-green-330ml\/"},"modified":"2026-04-14T16:35:12","modified_gmt":"2026-04-14T15:35:12","slug":"cerveja-super-bock-green-330ml","status":"publish","type":"product","link":"https:\/\/www.delicias-uk.com\/pt-pt\/produto\/cerveja-super-bock-green-330ml\/","title":{"rendered":"Cerveja Super Bock Green 330ml"},"content":{"rendered":"<p>A sua cerveja refrescante. A Super Bock Green \u00e9 uma bebida super refrescante \u00e0 base de cerveja com um leve sabor a lim\u00e3o. \u00c9 uma bebida com sumo natural de lim\u00e3o, ideal para acompanhar a brisa de ver\u00e3o.<\/p>\n<p><strong>Ingredientes<\/strong>: \u00e1gua, cerveja (44%) [\u00e1gua, malte de cevada, cereais n\u00e3o maltados (milho e cevada), l\u00fapulo], a\u00e7\u00facar; sumos de lim\u00e3o (1,9%) e laranja (1,8%) de concentrado; extrato de lim\u00e3o, \u00e1cido (\u00e1cido c\u00edtrico), extrato de malte de cevada, aromas naturais, estabilizadores (pectina, goma de alfarroba).<\/p>\n<p><strong>Alerg\u00eanicos<\/strong>: cont\u00e9m\u00a0<strong>CEVADA<\/strong>.<\/p>\n<p><strong>Informa\u00e7\u00e3o Nutricional (por 100 ml):<\/strong><\/p>\n<ul>\n<li>Gordura 0g<\/li>\n<li>Carboidratos 7,6 g<\/li>\n<li>A\u00e7\u00facares 5,4 g<\/li>\n<li>Prote\u00edna 0,2 g<\/li>\n<li>Sal 1 g<\/li>\n<li>Energia 181 kJ\/43 kcal<\/li>\n<\/ul>\n<p><strong>Pa\u00eds de Origem<\/strong>: Portugal<\/p>\n","protected":false},"excerpt":{"rendered":"<ul style=\"list-style-type:disc\">\n<li>Peso l\u00edquido 330ml<\/li>\n<li>Teor alco\u00f3lico: 2.0%<\/li>\n<li>Cerveja saborizada com lim\u00e3o<\/li>\n<\/ul>\n","protected":false},"author":43533,"featured_media":85444,"comment_status":"open","ping_status":"closed","template":"","meta":[],"pwb-brand":[],"product_brand":[],"product_cat":[8289,8291,8333],"product_tag":[],"class_list":{"0":"post-212238","1":"product","2":"type-product","3":"status-publish","4":"has-post-thumbnail","6":"product_cat-inicio","7":"product_cat-produtos-portugueses","8":"product_cat-cerveja","10":"first","11":"outofstock","12":"taxable","13":"shipping-taxable","14":"purchasable","15":"product-type-simple"},"aioseo_notices":[],"brands":[],"_links":{"self":[{"href":"https:\/\/www.delicias-uk.com\/pt-pt\/wp-json\/wp\/v2\/product\/212238","targetHints":{"allow":["GET"]}}],"collection":[{"href":"https:\/\/www.delicias-uk.com\/pt-pt\/wp-json\/wp\/v2\/product"}],"about":[{"href":"https:\/\/www.delicias-uk.com\/pt-pt\/wp-json\/wp\/v2\/types\/product"}],"author":[{"embeddable":true,"href":"https:\/\/www.delicias-uk.com\/pt-pt\/wp-json\/wp\/v2\/users\/43533"}],"replies":[{"embeddable":true,"href":"https:\/\/www.delicias-uk.com\/pt-pt\/wp-json\/wp\/v2\/comments?post=212238"}],"wp:featuredmedia":[{"embeddable":true,"href":"https:\/\/www.delicias-uk.com\/pt-pt\/wp-json\/wp\/v2\/media\/85444"}],"wp:attachment":[{"href":"https:\/\/www.delicias-uk.com\/pt-pt\/wp-json\/wp\/v2\/media?parent=212238"}],"wp:term":[{"taxonomy":"pwb-brand","embeddable":true,"href":"https:\/\/www.delicias-uk.com\/pt-pt\/wp-json\/wp\/v2\/pwb-brand?post=212238"},{"taxonomy":"product_brand","embeddable":true,"href":"https:\/\/www.delicias-uk.com\/pt-pt\/wp-json\/wp\/v2\/product_brand?post=212238"},{"taxonomy":"product_cat","embeddable":true,"href":"https:\/\/www.delicias-uk.com\/pt-pt\/wp-json\/wp\/v2\/product_cat?post=212238"},{"taxonomy":"product_tag","embeddable":true,"href":"https:\/\/www.delicias-uk.com\/pt-pt\/wp-json\/wp\/v2\/product_tag?post=212238"}],"curies":[{"name":"wp","href":"https:\/\/api.w.org\/{rel}","templated":true}]}}