{"id":212234,"date":"2019-12-23T12:55:22","date_gmt":"2019-12-23T12:55:22","guid":{"rendered":"https:\/\/www.delicias-uk.com\/product\/cerveja-super-bock-alc-00-330ml\/"},"modified":"2019-12-23T12:55:22","modified_gmt":"2019-12-23T12:55:22","slug":"cerveja-super-bock-alc-00-330ml","status":"publish","type":"product","link":"https:\/\/www.delicias-uk.com\/pt-pt\/produto\/cerveja-super-bock-alc-00-330ml\/","title":{"rendered":"Cerveja Super Bock 0% \u00c1lcool 330ml"},"content":{"rendered":"<p>A Super Bock sem \u00e1lcool \u00e9 produzida a partir de um processo de desalcooliza\u00e7\u00e3o \u00fanico e exclusivo, que mant\u00e9m o sabor genu\u00edno da cerveja aut\u00eantica. O processo de desalcooliza\u00e7\u00e3o destas cervejas, para al\u00e9m de n\u00e3o incluir a interrup\u00e7\u00e3o da fase de fermenta\u00e7\u00e3o, permite a preserva\u00e7\u00e3o dos aromas e de outras caracter\u00edsticas essenciais da cerveja. Pedra semipreciosa, enganadora porque parece uma cerveja com \u00e1lcool. Cerveja queimada em ouro, espumante, com ab\u00f3bada branca, cremosa e consistente. Aroma fresco, frutado e cereal\u00edfero, leve como cor de \u00e1gua. Na boca a reprodu\u00e7\u00e3o \u00e9 doce, com boa acidez, pinceladas de amargor e refrescante.<\/p>\n<p><strong>Ingredientes<\/strong>: \u00c1gua, malte de cevada, cereais n\u00e3o maltados (milho e cevada), aroma, l\u00fapulo.<\/p>\n<p><strong>Alerg\u00e9nios<\/strong>: Cont\u00e9m <strong>CEVADA<\/strong>.<\/p>\n<p><strong>Informa\u00e7\u00e3o nutricional por 100ml<\/strong><\/p>\n<ul>\n<li>L\u00edpidos 0g<\/li>\n<li>Hidratos de carbono 4,7 g<\/li>\n<li>A\u00e7\u00facares 1,0 g<\/li>\n<li>Prote\u00ednas 0,5 g<\/li>\n<li>Sal 0g<\/li>\n<li>Energia 96kJ\/ 23kcal<\/li>\n<\/ul>\n<p><strong>Pa\u00eds de origem:<\/strong> Portugal<\/p>\n","protected":false},"excerpt":{"rendered":"<ul style=\"list-style-type:disc;\">\n<li>Tamanho da garrafa: 330ml<\/li>\n<li>Sem alcool<\/li>\n<li>Super bock \u00e9 uma marca Portuguesa<\/li>\n<\/ul>\n","protected":false},"author":43533,"featured_media":85432,"comment_status":"open","ping_status":"closed","template":"","meta":[],"pwb-brand":[],"product_brand":[],"product_cat":[8333,8469],"product_tag":[],"class_list":{"0":"post-212234","1":"product","2":"type-product","3":"status-publish","4":"has-post-thumbnail","6":"product_cat-cerveja","7":"product_cat-sem-alcool","9":"first","10":"instock","11":"taxable","12":"shipping-taxable","13":"purchasable","14":"product-type-simple"},"aioseo_notices":[],"brands":[],"_links":{"self":[{"href":"https:\/\/www.delicias-uk.com\/pt-pt\/wp-json\/wp\/v2\/product\/212234","targetHints":{"allow":["GET"]}}],"collection":[{"href":"https:\/\/www.delicias-uk.com\/pt-pt\/wp-json\/wp\/v2\/product"}],"about":[{"href":"https:\/\/www.delicias-uk.com\/pt-pt\/wp-json\/wp\/v2\/types\/product"}],"author":[{"embeddable":true,"href":"https:\/\/www.delicias-uk.com\/pt-pt\/wp-json\/wp\/v2\/users\/43533"}],"replies":[{"embeddable":true,"href":"https:\/\/www.delicias-uk.com\/pt-pt\/wp-json\/wp\/v2\/comments?post=212234"}],"wp:featuredmedia":[{"embeddable":true,"href":"https:\/\/www.delicias-uk.com\/pt-pt\/wp-json\/wp\/v2\/media\/85432"}],"wp:attachment":[{"href":"https:\/\/www.delicias-uk.com\/pt-pt\/wp-json\/wp\/v2\/media?parent=212234"}],"wp:term":[{"taxonomy":"pwb-brand","embeddable":true,"href":"https:\/\/www.delicias-uk.com\/pt-pt\/wp-json\/wp\/v2\/pwb-brand?post=212234"},{"taxonomy":"product_brand","embeddable":true,"href":"https:\/\/www.delicias-uk.com\/pt-pt\/wp-json\/wp\/v2\/product_brand?post=212234"},{"taxonomy":"product_cat","embeddable":true,"href":"https:\/\/www.delicias-uk.com\/pt-pt\/wp-json\/wp\/v2\/product_cat?post=212234"},{"taxonomy":"product_tag","embeddable":true,"href":"https:\/\/www.delicias-uk.com\/pt-pt\/wp-json\/wp\/v2\/product_tag?post=212234"}],"curies":[{"name":"wp","href":"https:\/\/api.w.org\/{rel}","templated":true}]}}