{"id":212226,"date":"2019-12-23T12:34:07","date_gmt":"2019-12-23T12:34:07","guid":{"rendered":"https:\/\/www.delicias-uk.com\/product\/cerveja-coral-tonica-330ml\/"},"modified":"2026-02-06T10:28:17","modified_gmt":"2026-02-06T10:28:17","slug":"cerveja-coral-tonica-330ml","status":"publish","type":"product","link":"https:\/\/www.delicias-uk.com\/pt-pt\/produto\/cerveja-coral-tonica-330ml\/","title":{"rendered":"Cerveja Coral T\u00f4nica 330ml"},"content":{"rendered":"<p>Uma cerveja do tipo \u2018stout\u2019, produzida a partir de maltes e l\u00fapulos selecionados, sob condi\u00e7\u00f5es especiais que lhe conferem um aroma t\u00edpico de malte torrado e uma espuma levemente marrom e s\u00f3lida. De cor muito escura com tons rubi bem definidos, um sabor caracter\u00edstico de caf\u00e9 de maltes torrados e caramelo, um amargor agrad\u00e1vel de l\u00fapulo, bem como um aroma frutado bem definido. Todos os seus componentes se misturam delicadamente para produzir uma cerveja suave e revigorante.<\/p>\n<p><strong>Ingredientes<\/strong>: \u00c1gua, maltes (de cevada), cereais crus (milho), l\u00fapulo, caramelo E150C.<\/p>\n<p><strong>Al\u00e9rgenos<\/strong>: cont\u00e9m <strong>CEVADA<\/strong>.<\/p>\n<p><strong>Informa\u00e7\u00e3o nutricional por 100ml<\/strong><\/p>\n<ul>\n<li>Energia 121 kJ \/ 29 Kcal<\/li>\n<li>Gordura 0g<\/li>\n<li>&gt; Saturada 0g<\/li>\n<li>Carboidratos 6,1g<\/li>\n<li>&gt; A\u00e7\u00facares 3,1g<\/li>\n<li>Fibra 0,5g<\/li>\n<li>Prote\u00edna 0,5g<\/li>\n<li>Sal 0,01g<\/li>\n<\/ul>\n<p><strong>Pa\u00eds de origem:<\/strong> Portugal<\/p><\/p>\n","protected":false},"excerpt":{"rendered":"<ul style=\"list-style-type:disc\">\n<li>Peso l\u00edquido: 330ml<\/li>\n<li>Teor alcoolico: 5.1%<\/li>\n<li>Pronto para beber<\/li>\n<\/ul>\n","protected":false},"author":43533,"featured_media":85408,"comment_status":"open","ping_status":"closed","template":"","meta":[],"pwb-brand":[],"product_brand":[],"product_cat":[8289,8291,8333],"product_tag":[],"class_list":{"0":"post-212226","1":"product","2":"type-product","3":"status-publish","4":"has-post-thumbnail","6":"product_cat-inicio","7":"product_cat-produtos-portugueses","8":"product_cat-cerveja","10":"first","11":"instock","12":"taxable","13":"shipping-taxable","14":"purchasable","15":"product-type-simple"},"aioseo_notices":[],"brands":[],"_links":{"self":[{"href":"https:\/\/www.delicias-uk.com\/pt-pt\/wp-json\/wp\/v2\/product\/212226","targetHints":{"allow":["GET"]}}],"collection":[{"href":"https:\/\/www.delicias-uk.com\/pt-pt\/wp-json\/wp\/v2\/product"}],"about":[{"href":"https:\/\/www.delicias-uk.com\/pt-pt\/wp-json\/wp\/v2\/types\/product"}],"author":[{"embeddable":true,"href":"https:\/\/www.delicias-uk.com\/pt-pt\/wp-json\/wp\/v2\/users\/43533"}],"replies":[{"embeddable":true,"href":"https:\/\/www.delicias-uk.com\/pt-pt\/wp-json\/wp\/v2\/comments?post=212226"}],"wp:featuredmedia":[{"embeddable":true,"href":"https:\/\/www.delicias-uk.com\/pt-pt\/wp-json\/wp\/v2\/media\/85408"}],"wp:attachment":[{"href":"https:\/\/www.delicias-uk.com\/pt-pt\/wp-json\/wp\/v2\/media?parent=212226"}],"wp:term":[{"taxonomy":"pwb-brand","embeddable":true,"href":"https:\/\/www.delicias-uk.com\/pt-pt\/wp-json\/wp\/v2\/pwb-brand?post=212226"},{"taxonomy":"product_brand","embeddable":true,"href":"https:\/\/www.delicias-uk.com\/pt-pt\/wp-json\/wp\/v2\/product_brand?post=212226"},{"taxonomy":"product_cat","embeddable":true,"href":"https:\/\/www.delicias-uk.com\/pt-pt\/wp-json\/wp\/v2\/product_cat?post=212226"},{"taxonomy":"product_tag","embeddable":true,"href":"https:\/\/www.delicias-uk.com\/pt-pt\/wp-json\/wp\/v2\/product_tag?post=212226"}],"curies":[{"name":"wp","href":"https:\/\/api.w.org\/{rel}","templated":true}]}}