{"id":212204,"date":"2019-12-20T18:23:42","date_gmt":"2019-12-20T18:23:42","guid":{"rendered":"https:\/\/www.delicias-uk.com\/product\/red-bairr-qta-do-encontro-encontro-1-2011-75cl-2\/"},"modified":"2025-08-29T10:39:00","modified_gmt":"2025-08-29T09:39:00","slug":"quinta-do-encontro-1","status":"publish","type":"product","link":"https:\/\/www.delicias-uk.com\/pt-pt\/produto\/quinta-do-encontro-1\/","title":{"rendered":"Quinta do Encontro 1 2011 75cl"},"content":{"rendered":"<p data-start=\"0\" data-end=\"22\"><strong>Quinta do Encontro 1<\/strong><\/p>\n<p data-start=\"24\" data-end=\"261\">Envelhecido em barricas de carvalho franc\u00eas. Cor dourada p\u00e1lida, notas c\u00edtricas com forte mineralidade. Madeira bem integrada, estrutura s\u00f3lida e final longo. Bom potencial de envelhecimento. Conservar deitado a 15\u00b0C. Servir a 16\u201318\u00baC.<\/p>\n<p data-start=\"263\" data-end=\"317\">Harmoniza com carnes vermelhas, assados e grelhados.<\/p>\n<p data-start=\"319\" data-end=\"499\"><strong>Produtor:<\/strong> Quinta do Encontro<br data-start=\"347\" data-end=\"350\" \/><strong>Regi\u00e3o:<\/strong> Bairrada, Portugal<br data-start=\"376\" data-end=\"379\" \/><strong>Estilo:<\/strong> Vinho Branco<br data-start=\"399\" data-end=\"402\" \/><strong>Castas:<\/strong> Touriga Nacional e Baga<br data-start=\"433\" data-end=\"436\" \/><strong>Garrafa:<\/strong> 75cl<br data-start=\"449\" data-end=\"452\" \/><strong>\u00c1lcool:<\/strong> 14%<br data-start=\"463\" data-end=\"466\" \/><strong>Temperatura de servi\u00e7o:<\/strong> 16\u201318\u00baC<\/p>\n<p data-start=\"501\" data-end=\"636\" data-is-last-node=\"\" data-is-only-node=\"\"><strong>Avalia\u00e7\u00f5es e Pr\u00e9mios:<\/strong><br data-start=\"522\" data-end=\"525\" \/>17,5 pontos na Revista de Vinhos<br data-start=\"557\" data-end=\"560\" \/>Bacchus de Plata \u2013 Concurso Internacional de Vinhos Madrid 2014 (safra 2009)<\/p>\n","protected":false},"excerpt":{"rendered":"<ul>\n<li><strong>Produtor:<\/strong> Quinta do Encontro<\/li>\n<li><strong>Regi\u00e3o:<\/strong> Bairrada, Portugal<\/li>\n<li><strong>Estilo:<\/strong> Vinho Branco<\/li>\n<li><strong>Castas:<\/strong> Touriga Nacional e Baga<\/li>\n<li><strong>Garrafa:<\/strong> 75cl<\/li>\n<li><strong>\u00c1lcool:<\/strong> 14%<\/li>\n<li><strong>Temperatura de servi\u00e7o:<\/strong> 16\u201318\u00baC<\/li>\n<\/ul>\n","protected":false},"author":43533,"featured_media":234186,"comment_status":"open","ping_status":"closed","template":"","meta":[],"pwb-brand":[],"product_brand":[],"product_cat":[8289,8291,8431,8449,8723],"product_tag":[9237,9238],"class_list":{"0":"post-212204","1":"product","2":"type-product","3":"status-publish","4":"has-post-thumbnail","6":"product_cat-inicio","7":"product_cat-produtos-portugueses","8":"product_cat-vinhos-pt-pt","9":"product_cat-vinho-tinto","10":"product_cat-bairrada-pt-pt","11":"product_tag-red-wine-pt-pt","12":"product_tag-wine-pt-pt","14":"first","15":"instock","16":"taxable","17":"shipping-taxable","18":"purchasable","19":"product-type-simple"},"aioseo_notices":[],"brands":[],"_links":{"self":[{"href":"https:\/\/www.delicias-uk.com\/pt-pt\/wp-json\/wp\/v2\/product\/212204","targetHints":{"allow":["GET"]}}],"collection":[{"href":"https:\/\/www.delicias-uk.com\/pt-pt\/wp-json\/wp\/v2\/product"}],"about":[{"href":"https:\/\/www.delicias-uk.com\/pt-pt\/wp-json\/wp\/v2\/types\/product"}],"author":[{"embeddable":true,"href":"https:\/\/www.delicias-uk.com\/pt-pt\/wp-json\/wp\/v2\/users\/43533"}],"replies":[{"embeddable":true,"href":"https:\/\/www.delicias-uk.com\/pt-pt\/wp-json\/wp\/v2\/comments?post=212204"}],"wp:featuredmedia":[{"embeddable":true,"href":"https:\/\/www.delicias-uk.com\/pt-pt\/wp-json\/wp\/v2\/media\/234186"}],"wp:attachment":[{"href":"https:\/\/www.delicias-uk.com\/pt-pt\/wp-json\/wp\/v2\/media?parent=212204"}],"wp:term":[{"taxonomy":"pwb-brand","embeddable":true,"href":"https:\/\/www.delicias-uk.com\/pt-pt\/wp-json\/wp\/v2\/pwb-brand?post=212204"},{"taxonomy":"product_brand","embeddable":true,"href":"https:\/\/www.delicias-uk.com\/pt-pt\/wp-json\/wp\/v2\/product_brand?post=212204"},{"taxonomy":"product_cat","embeddable":true,"href":"https:\/\/www.delicias-uk.com\/pt-pt\/wp-json\/wp\/v2\/product_cat?post=212204"},{"taxonomy":"product_tag","embeddable":true,"href":"https:\/\/www.delicias-uk.com\/pt-pt\/wp-json\/wp\/v2\/product_tag?post=212204"}],"curies":[{"name":"wp","href":"https:\/\/api.w.org\/{rel}","templated":true}]}}