{"id":212198,"date":"2019-12-20T17:21:35","date_gmt":"2019-12-20T17:21:35","guid":{"rendered":"https:\/\/www.delicias-uk.com\/product\/red-alent-scala-coeli-2014-75cl-2\/"},"modified":"2025-08-28T10:49:20","modified_gmt":"2025-08-28T09:49:20","slug":"cartuxa-scala-coeli","status":"publish","type":"product","link":"https:\/\/www.delicias-uk.com\/pt-pt\/produto\/cartuxa-scala-coeli\/","title":{"rendered":"Cartuxa Scala Coeli 2016 75Cl"},"content":{"rendered":"<p data-start=\"51\" data-end=\"381\"><strong data-start=\"51\" data-end=\"80\">Cartuxa Scala Coeli Tinto<\/strong><br data-start=\"80\" data-end=\"83\" \/>Scala Coeli deve o seu nome ao Mosteiro de Santa Maria Scala Coeli, conhecido como Mosteiro da Cartuxa, onde os monges cartuxos viveram em sil\u00eancio e ora\u00e7\u00e3o. Resulta das melhores vinifica\u00e7\u00f5es de cada ano, a partir de castas menos tradicionais no Alentejo. Foi produzido pela primeira vez em 2005.<\/p>\n<p data-start=\"383\" data-end=\"866\"><strong data-start=\"383\" data-end=\"399\">Vinifica\u00e7\u00e3o:<\/strong> Obtido a partir das melhores vinifica\u00e7\u00f5es da colheita, utilizando castas menos tradicionais na regi\u00e3o. Em 2020 resultou da vinifica\u00e7\u00e3o da casta Touriga Nacional, vindimada a 14 de setembro. Nesse dia as uvas foram cuidadosamente colhidas e levadas para a adega, onde se procedeu \u00e0 macera\u00e7\u00e3o pr\u00e9-fermentativa a frio, seguida de fermenta\u00e7\u00e3o alco\u00f3lica a 28\u00baC e de macera\u00e7\u00e3o prolongada. Encuba total de 30 dias. Estagiou 15 meses em barricas novas de carvalho franc\u00eas.<\/p>\n<p data-start=\"868\" data-end=\"1077\"><strong data-start=\"868\" data-end=\"881\">Produtor:<\/strong> Funda\u00e7\u00e3o Eug\u00e9nio de Almeida<br data-start=\"909\" data-end=\"912\" \/><strong data-start=\"912\" data-end=\"923\">Regi\u00e3o:<\/strong> Alentejo, Portugal<br data-start=\"942\" data-end=\"945\" \/><strong data-start=\"945\" data-end=\"956\">Estilo:<\/strong> Vinho Tinto<br data-start=\"968\" data-end=\"971\" \/><strong data-start=\"971\" data-end=\"982\">Castas:<\/strong> Touriga Nacional<br data-start=\"999\" data-end=\"1002\" data-is-only-node=\"\" \/><strong data-start=\"1002\" data-end=\"1014\">Garrafa:<\/strong> 75cl<br data-start=\"1019\" data-end=\"1022\" \/><strong data-start=\"1022\" data-end=\"1033\">\u00c1lcool:<\/strong> 14%<br data-start=\"1037\" data-end=\"1040\" \/><strong data-start=\"1040\" data-end=\"1067\">Temperatura de Servi\u00e7o:<\/strong> 16\u201318\u00baC<\/p>\n<p data-start=\"1079\" data-end=\"1251\">\n","protected":false},"excerpt":{"rendered":"<ul>\n<li><strong data-start=\"868\" data-end=\"881\">Produtor:<\/strong> Funda\u00e7\u00e3o Eug\u00e9nio de Almeida<\/li>\n<li><strong data-start=\"912\" data-end=\"923\">Regi\u00e3o:<\/strong> Alentejo, Portugal<\/li>\n<li><strong data-start=\"945\" data-end=\"956\">Estilo:<\/strong> Vinho Tinto<\/li>\n<li><strong data-start=\"971\" data-end=\"982\">Castas:<\/strong> Touriga Nacional<\/li>\n<li><strong data-start=\"1002\" data-end=\"1014\">Garrafa:<\/strong> 75cl<\/li>\n<li><strong data-start=\"1022\" data-end=\"1033\">\u00c1lcool:<\/strong> 14%<\/li>\n<li><strong data-start=\"1040\" data-end=\"1067\">Temperatura de Servi\u00e7o:<\/strong> 16\u201318\u00baC<\/li>\n<\/ul>\n","protected":false},"author":43533,"featured_media":234110,"comment_status":"open","ping_status":"closed","template":"","meta":[],"pwb-brand":[],"product_brand":[],"product_cat":[8289,8291,8431,8449,8685],"product_tag":[9239,9237,9238],"class_list":{"0":"post-212198","1":"product","2":"type-product","3":"status-publish","4":"has-post-thumbnail","6":"product_cat-inicio","7":"product_cat-produtos-portugueses","8":"product_cat-vinhos-pt-pt","9":"product_cat-vinho-tinto","10":"product_cat-alentejo-pt-pt","11":"product_tag-alentejo-pt-pt","12":"product_tag-red-wine-pt-pt","13":"product_tag-wine-pt-pt","15":"first","16":"outofstock","17":"taxable","18":"shipping-taxable","19":"purchasable","20":"product-type-simple"},"aioseo_notices":[],"brands":[],"_links":{"self":[{"href":"https:\/\/www.delicias-uk.com\/pt-pt\/wp-json\/wp\/v2\/product\/212198","targetHints":{"allow":["GET"]}}],"collection":[{"href":"https:\/\/www.delicias-uk.com\/pt-pt\/wp-json\/wp\/v2\/product"}],"about":[{"href":"https:\/\/www.delicias-uk.com\/pt-pt\/wp-json\/wp\/v2\/types\/product"}],"author":[{"embeddable":true,"href":"https:\/\/www.delicias-uk.com\/pt-pt\/wp-json\/wp\/v2\/users\/43533"}],"replies":[{"embeddable":true,"href":"https:\/\/www.delicias-uk.com\/pt-pt\/wp-json\/wp\/v2\/comments?post=212198"}],"wp:featuredmedia":[{"embeddable":true,"href":"https:\/\/www.delicias-uk.com\/pt-pt\/wp-json\/wp\/v2\/media\/234110"}],"wp:attachment":[{"href":"https:\/\/www.delicias-uk.com\/pt-pt\/wp-json\/wp\/v2\/media?parent=212198"}],"wp:term":[{"taxonomy":"pwb-brand","embeddable":true,"href":"https:\/\/www.delicias-uk.com\/pt-pt\/wp-json\/wp\/v2\/pwb-brand?post=212198"},{"taxonomy":"product_brand","embeddable":true,"href":"https:\/\/www.delicias-uk.com\/pt-pt\/wp-json\/wp\/v2\/product_brand?post=212198"},{"taxonomy":"product_cat","embeddable":true,"href":"https:\/\/www.delicias-uk.com\/pt-pt\/wp-json\/wp\/v2\/product_cat?post=212198"},{"taxonomy":"product_tag","embeddable":true,"href":"https:\/\/www.delicias-uk.com\/pt-pt\/wp-json\/wp\/v2\/product_tag?post=212198"}],"curies":[{"name":"wp","href":"https:\/\/api.w.org\/{rel}","templated":true}]}}