{"id":212192,"date":"2019-12-20T17:08:32","date_gmt":"2019-12-20T17:08:32","guid":{"rendered":"https:\/\/www.delicias-uk.com\/product\/red-alent-ea-organic-2016-75cl-2\/"},"modified":"2026-04-20T17:24:07","modified_gmt":"2026-04-20T16:24:07","slug":"cartuxa-ea-biologico","status":"publish","type":"product","link":"https:\/\/www.delicias-uk.com\/pt-pt\/produto\/cartuxa-ea-biologico\/","title":{"rendered":"Cartuxa EA Biol\u00f3gico 2018 75cl"},"content":{"rendered":"<p data-start=\"60\" data-end=\"80\"><strong data-start=\"60\" data-end=\"78\">EA Red Organic<\/strong><\/p>\n<p data-start=\"82\" data-end=\"256\">O EA Red Organic \u00e9 um blend de Alicante Bouschet e Syrah, plantados nas nossas pr\u00f3prias vinhas da Funda\u00e7\u00e3o Eug\u00e9nio de Almeida, seguindo pr\u00e1ticas de viticultura sustent\u00e1vel.<\/p>\n<p data-start=\"258\" data-end=\"547\">Quando as uvas atingem o ponto ideal de matura\u00e7\u00e3o, s\u00e3o cuidadosamente colhidas, desenga\u00e7adas e ligeiramente esmagadas. A fermenta\u00e7\u00e3o decorre em cubas de a\u00e7o inox com temperatura controlada. O vinho estagia 8 meses em barricas de carvalho franc\u00eas. Filtra\u00e7\u00e3o suave antes do engarrafamento.<\/p>\n<p data-start=\"549\" data-end=\"772\" data-is-only-node=\"\"><strong data-start=\"549\" data-end=\"562\">Produtor:<\/strong> Funda\u00e7\u00e3o Eug\u00e9nio de Almeida<br data-start=\"590\" data-end=\"593\" \/><strong data-start=\"593\" data-end=\"604\">Regi\u00e3o:<\/strong> Alentejo, Portugal<br data-start=\"623\" data-end=\"626\" \/><strong data-start=\"626\" data-end=\"637\">Estilo:<\/strong> Vinho Tinto<br data-start=\"649\" data-end=\"652\" data-is-only-node=\"\" \/><strong data-start=\"652\" data-end=\"663\">Castas:<\/strong> Trincadeira, Aragonez e Syrah<br data-start=\"693\" data-end=\"696\" \/><strong data-start=\"696\" data-end=\"707\">Volume:<\/strong> 75cl<br data-start=\"712\" data-end=\"715\" \/><strong data-start=\"715\" data-end=\"726\">\u00c1lcool:<\/strong> 13,5%<br data-start=\"732\" data-end=\"735\" \/><strong data-start=\"735\" data-end=\"762\">Temperatura de Servi\u00e7o:<\/strong> 16\u201318\u00baC<\/p>\n","protected":false},"excerpt":{"rendered":"<ul>\n<li><strong data-start=\"549\" data-end=\"562\">Produtor:<\/strong> Funda\u00e7\u00e3o Eug\u00e9nio de Almeida<\/li>\n<li><strong data-start=\"593\" data-end=\"604\">Regi\u00e3o:<\/strong> Alentejo, Portugal<\/li>\n<li><strong data-start=\"626\" data-end=\"637\">Estilo:<\/strong> Vinho Tinto<\/li>\n<li><strong data-start=\"652\" data-end=\"663\">Castas:<\/strong> Trincadeira, Aragonez e Syrah<\/li>\n<li><strong data-start=\"696\" data-end=\"707\">Volume:<\/strong> 75cl<\/li>\n<li><strong data-start=\"715\" data-end=\"726\">\u00c1lcool:<\/strong> 13,5%<\/li>\n<li><strong data-start=\"735\" data-end=\"762\">Temperatura de Servi\u00e7o:<\/strong> 16\u201318\u00baC<\/li>\n<\/ul>\n","protected":false},"author":43533,"featured_media":234077,"comment_status":"open","ping_status":"closed","template":"","meta":[],"pwb-brand":[],"product_brand":[],"product_cat":[9348,8289,8291,8431,8449,8685,8307,8331],"product_tag":[9239,9240,9237,9238],"class_list":{"0":"post-212192","1":"product","2":"type-product","3":"status-publish","4":"has-post-thumbnail","6":"product_cat-vinho-tinto-pt-pt-2","7":"product_cat-inicio","8":"product_cat-produtos-portugueses","9":"product_cat-vinhos-pt-pt","10":"product_cat-vinho-tinto","11":"product_cat-alentejo-pt-pt","12":"product_cat-dieta-e-estilo-de-vida-produtos","13":"product_cat-organico","14":"product_tag-alentejo-pt-pt","15":"product_tag-cartuxa-pt-pt","16":"product_tag-red-wine-pt-pt","17":"product_tag-wine-pt-pt","19":"first","20":"instock","21":"taxable","22":"shipping-taxable","23":"purchasable","24":"product-type-simple"},"aioseo_notices":[],"brands":[],"_links":{"self":[{"href":"https:\/\/www.delicias-uk.com\/pt-pt\/wp-json\/wp\/v2\/product\/212192","targetHints":{"allow":["GET"]}}],"collection":[{"href":"https:\/\/www.delicias-uk.com\/pt-pt\/wp-json\/wp\/v2\/product"}],"about":[{"href":"https:\/\/www.delicias-uk.com\/pt-pt\/wp-json\/wp\/v2\/types\/product"}],"author":[{"embeddable":true,"href":"https:\/\/www.delicias-uk.com\/pt-pt\/wp-json\/wp\/v2\/users\/43533"}],"replies":[{"embeddable":true,"href":"https:\/\/www.delicias-uk.com\/pt-pt\/wp-json\/wp\/v2\/comments?post=212192"}],"wp:featuredmedia":[{"embeddable":true,"href":"https:\/\/www.delicias-uk.com\/pt-pt\/wp-json\/wp\/v2\/media\/234077"}],"wp:attachment":[{"href":"https:\/\/www.delicias-uk.com\/pt-pt\/wp-json\/wp\/v2\/media?parent=212192"}],"wp:term":[{"taxonomy":"pwb-brand","embeddable":true,"href":"https:\/\/www.delicias-uk.com\/pt-pt\/wp-json\/wp\/v2\/pwb-brand?post=212192"},{"taxonomy":"product_brand","embeddable":true,"href":"https:\/\/www.delicias-uk.com\/pt-pt\/wp-json\/wp\/v2\/product_brand?post=212192"},{"taxonomy":"product_cat","embeddable":true,"href":"https:\/\/www.delicias-uk.com\/pt-pt\/wp-json\/wp\/v2\/product_cat?post=212192"},{"taxonomy":"product_tag","embeddable":true,"href":"https:\/\/www.delicias-uk.com\/pt-pt\/wp-json\/wp\/v2\/product_tag?post=212192"}],"curies":[{"name":"wp","href":"https:\/\/api.w.org\/{rel}","templated":true}]}}