{"id":212190,"date":"2019-12-20T17:06:13","date_gmt":"2019-12-20T17:06:13","guid":{"rendered":"https:\/\/www.delicias-uk.com\/product\/ea-cartuxa-2021-75cl-2\/"},"modified":"2025-12-12T17:01:42","modified_gmt":"2025-12-12T17:01:42","slug":"ea-cartuxa-tinto","status":"publish","type":"product","link":"https:\/\/www.delicias-uk.com\/pt-pt\/produto\/ea-cartuxa-tinto\/","title":{"rendered":"Cartuxa EA 2022 75cl"},"content":{"rendered":"<p data-start=\"60\" data-end=\"93\"><strong data-start=\"60\" data-end=\"91\">Funda\u00e7\u00e3o Eug\u00e9nio de Almeida<\/strong><\/p>\n<p data-start=\"95\" data-end=\"209\">A proposta da Adega Cartuxa para o dia a dia e ocasi\u00f5es mais informais. Foi produzido pela primeira vez em 1992.<\/p>\n<p data-start=\"211\" data-end=\"723\">Produzido a partir das castas Alicante Bouschet, Aragonez, Trincadeira e Syrah, plantadas nas vinhas da Funda\u00e7\u00e3o Eug\u00e9nio de Almeida. Quando as uvas atingem o estado ideal de matura\u00e7\u00e3o, s\u00e3o colhidas e transportadas para a adega, onde se inicia o processo tecnol\u00f3gico com desengace total e ligeiro esmagamento. A fermenta\u00e7\u00e3o decorre em cubas de a\u00e7o inox com temperatura controlada entre 24\u201327\u00baC. Ap\u00f3s a fermenta\u00e7\u00e3o, seguem-se as filtra\u00e7\u00f5es, loteamentos, estabiliza\u00e7\u00e3o tart\u00e1rica, filtra\u00e7\u00e3o final e engarrafamento.<\/p>\n<p data-start=\"725\" data-end=\"967\"><strong data-start=\"725\" data-end=\"738\">Produtor:<\/strong> Funda\u00e7\u00e3o Eug\u00e9nio de Almeida<br data-start=\"766\" data-end=\"769\" \/><strong data-start=\"769\" data-end=\"780\">Regi\u00e3o:<\/strong> Alentejo, Portugal<br data-start=\"799\" data-end=\"802\" \/><strong data-start=\"802\" data-end=\"813\">Estilo:<\/strong> Vinho Tinto<br data-start=\"825\" data-end=\"828\" \/><strong data-start=\"828\" data-end=\"839\">Castas:<\/strong> Alicante Bouschet, Aragonez, Trincadeira e Syrah<br data-start=\"888\" data-end=\"891\" data-is-only-node=\"\" \/><strong data-start=\"891\" data-end=\"902\">Volume:<\/strong> 75cl<br data-start=\"907\" data-end=\"910\" \/><strong data-start=\"910\" data-end=\"921\">\u00c1lcool:<\/strong> 13,5%<br data-start=\"927\" data-end=\"930\" \/><strong data-start=\"930\" data-end=\"957\">Temperatura de Servi\u00e7o:<\/strong> 16\u201318\u00baC<\/p>\n","protected":false},"excerpt":{"rendered":"<ul>\n<li><strong data-start=\"725\" data-end=\"738\">Produtor:<\/strong> Funda\u00e7\u00e3o Eug\u00e9nio de Almeida<\/li>\n<li><strong data-start=\"769\" data-end=\"780\">Regi\u00e3o:<\/strong> Alentejo, Portugal<\/li>\n<li><strong data-start=\"802\" data-end=\"813\">Estilo:<\/strong> Vinho Tinto<\/li>\n<li><strong data-start=\"828\" data-end=\"839\">Castas:<\/strong> Alicante Bouschet, Aragonez, Trincadeira e Syrah<\/li>\n<li><strong data-start=\"891\" data-end=\"902\">Volume:<\/strong> 75cl<\/li>\n<li><strong data-start=\"910\" data-end=\"921\">\u00c1lcool:<\/strong> 13,5%<\/li>\n<li><strong data-start=\"930\" data-end=\"957\">Temperatura de Servi\u00e7o:<\/strong> 16\u201318\u00baC<\/li>\n<\/ul>\n","protected":false},"author":43533,"featured_media":234067,"comment_status":"open","ping_status":"closed","template":"","meta":[],"pwb-brand":[],"product_brand":[],"product_cat":[8289,8291,8431,8449,8685],"product_tag":[9239,9240,9237,9238],"class_list":{"0":"post-212190","1":"product","2":"type-product","3":"status-publish","4":"has-post-thumbnail","6":"product_cat-inicio","7":"product_cat-produtos-portugueses","8":"product_cat-vinhos-pt-pt","9":"product_cat-vinho-tinto","10":"product_cat-alentejo-pt-pt","11":"product_tag-alentejo-pt-pt","12":"product_tag-cartuxa-pt-pt","13":"product_tag-red-wine-pt-pt","14":"product_tag-wine-pt-pt","16":"first","17":"instock","18":"taxable","19":"shipping-taxable","20":"purchasable","21":"product-type-simple"},"aioseo_notices":[],"brands":[],"_links":{"self":[{"href":"https:\/\/www.delicias-uk.com\/pt-pt\/wp-json\/wp\/v2\/product\/212190","targetHints":{"allow":["GET"]}}],"collection":[{"href":"https:\/\/www.delicias-uk.com\/pt-pt\/wp-json\/wp\/v2\/product"}],"about":[{"href":"https:\/\/www.delicias-uk.com\/pt-pt\/wp-json\/wp\/v2\/types\/product"}],"author":[{"embeddable":true,"href":"https:\/\/www.delicias-uk.com\/pt-pt\/wp-json\/wp\/v2\/users\/43533"}],"replies":[{"embeddable":true,"href":"https:\/\/www.delicias-uk.com\/pt-pt\/wp-json\/wp\/v2\/comments?post=212190"}],"wp:featuredmedia":[{"embeddable":true,"href":"https:\/\/www.delicias-uk.com\/pt-pt\/wp-json\/wp\/v2\/media\/234067"}],"wp:attachment":[{"href":"https:\/\/www.delicias-uk.com\/pt-pt\/wp-json\/wp\/v2\/media?parent=212190"}],"wp:term":[{"taxonomy":"pwb-brand","embeddable":true,"href":"https:\/\/www.delicias-uk.com\/pt-pt\/wp-json\/wp\/v2\/pwb-brand?post=212190"},{"taxonomy":"product_brand","embeddable":true,"href":"https:\/\/www.delicias-uk.com\/pt-pt\/wp-json\/wp\/v2\/product_brand?post=212190"},{"taxonomy":"product_cat","embeddable":true,"href":"https:\/\/www.delicias-uk.com\/pt-pt\/wp-json\/wp\/v2\/product_cat?post=212190"},{"taxonomy":"product_tag","embeddable":true,"href":"https:\/\/www.delicias-uk.com\/pt-pt\/wp-json\/wp\/v2\/product_tag?post=212190"}],"curies":[{"name":"wp","href":"https:\/\/api.w.org\/{rel}","templated":true}]}}