{"id":212176,"date":"2019-12-09T17:42:07","date_gmt":"2019-12-09T17:42:07","guid":{"rendered":"https:\/\/www.delicias-uk.com\/product\/red-alent-am-entre-tantos-2013-75cl-2\/"},"modified":"2019-12-09T17:42:07","modified_gmt":"2019-12-09T17:42:07","slug":"red-alent-am-entre-tantos-2013-75cl-2","status":"publish","type":"product","link":"https:\/\/www.delicias-uk.com\/pt-pt\/produto\/red-alent-am-entre-tantos-2013-75cl-2\/","title":{"rendered":"Adega Mayor Entre Tantos 2013 75cl"},"content":{"rendered":"<p style=\"margin-top:0pt;margin-bottom:0pt;margin-left:0in;text-align:left;\"><span style=\"font-size:12pt;font-family:Calibri;color:#000000;\">Provenientes de uma vinha j\u00e1 &#8220;maior&#8221; com aproximadamente 20 anos de idade, plantada em solo franco-argiloso de origem gran\u00edtica, as uvas de Alicante Boushet foram criteriosamente colhidas \u00e0 m\u00e3o e depositadas em caixas de 15 Kg. Na adega, foram objetivo de aprimorada sele\u00e7\u00e3o e desengace manual, ap\u00f3s ligeiro esmagamento dos bagos, macerou a frio por um per\u00edodo aproximado de 48 horas. J\u00e1 em balseiros de carvalho franc\u00eas de 1500 Lts. de capacidade, a fermenta\u00e7\u00e3o arrancou de forma espont\u00e2nea e seguiu a sua cin\u00e9tica normal sob temperatura controlada a 25\u00baC, com 3 interven\u00e7\u00f5es de pisa di\u00e1rias. O vinho realizou a fermenta\u00e7\u00e3o malol\u00e1ctica em barricas novas de carvalho franc\u00eas onde estagiou por mais 36 meses. Ap\u00f3s o est\u00e1gio, s\u00f3 as melhores barricas compuseram este lote, que repousou em garrafa at\u00e9 atingir o equil\u00edbrio e complexidade pretendidos.<\/span><\/p>\n<p style=\"margin-top:0pt;margin-bottom:0pt;margin-left:0in;text-align:left;\">\n<p style=\"margin-top:0pt;margin-bottom:0pt;margin-left:0in;text-align:left;\"><span style=\"font-size:12pt;font-family:Calibri;color:#000000;\">De aspeto denso, apresenta uma cor granada profunda. O nariz \u00e9 sedutor e complexo, sugerindo notas de cereja preta, ginja e ameixa madura, complementadas com um toque bals\u00e2mico, fumado e subtis apontamentos terci\u00e1rios de am\u00eandoa e chocolate negro. Na boca h\u00e1 um jogo de eleg\u00e2ncia, volume e estrutura, que se revela concentrado em fruta e especiarias terminando longo e arrebatador. Mostra excelente potencial de evolu\u00e7\u00e3o, com capacidade de agradar desde j\u00e1.<\/span><\/p>\n<p style=\"margin-top:0pt;margin-bottom:0pt;margin-left:0in;text-align:left;\">\n<p style=\"margin-top:0pt;margin-bottom:0pt;margin-left:0in;text-align:left;\">\n<p style=\"margin-top:0pt;margin-bottom:0pt;margin-left:0in;text-align:left;vertical-align:baseline;\"><span style=\"font-size:12pt;font-family:Calibri;color:#000000;\">Produtor<\/span><span style=\"font-size:12pt;font-family:Calibri;color:#000000;\">: <\/span><span style=\"font-size:12pt;font-family:Calibri;color:#000000;\">Adega<\/span><span style=\"font-size:12pt;font-family:Calibri;color:#000000;\"> Mayor<\/span><\/p>\n<p style=\"margin-top:0pt;margin-bottom:0pt;margin-left:0in;text-align:left;vertical-align:baseline;\"><span style=\"font-size:12pt;font-family:Calibri;color:#000000;\">Regi<\/span><span style=\"font-family:Calibri;font-size:16px;\">\u00e3<\/span><span style=\"font-size:12pt;font-family:Calibri;\">o<\/span><span style=\"font-size:12pt;font-family:Calibri;\">: <\/span><span style=\"font-size:12pt;font-family:Calibri;\">Alentejo<\/span><\/p>\n<p style=\"margin-top:0pt;margin-bottom:0pt;margin-left:0in;text-align:left;vertical-align:baseline;\"><span style=\"font-size:12pt;font-family:Calibri;color:#000000;\">Pa\u00eds: Portugal<\/span><\/p>\n<p style=\"margin-top:0pt;margin-bottom:0pt;margin-left:0in;text-align:left;vertical-align:baseline;\"><span style=\"font-size:12pt;font-family:Calibri;color:#000000;\">Tipo de <\/span><span style=\"font-size:12pt;font-family:Calibri;color:#000000;\">Vinho<\/span><span style=\"font-size:12pt;font-family:Calibri;color:#000000;\">: Tinto<\/span><\/p>\n<p style=\"margin-top:0pt;margin-bottom:0pt;margin-left:0in;text-align:left;vertical-align:baseline;\"><span style=\"font-size:12pt;font-family:Calibri;color:#000000;\">Uva<\/span><span style=\"font-size:12pt;font-family:Calibri;color:#000000;\">: <\/span><span style=\"font-size:12pt;font-family:Calibri;color:#000000;\">Alicante\u00a0<\/span><span style=\"font-size:12pt;font-family:Calibri;color:#000000;\">Bouschet<\/span><span style=\"font-size:12pt;font-family:Calibri;color:#000000;\">\u00a0<\/span><\/p>\n<p style=\"margin-top:0pt;margin-bottom:0pt;margin-left:0in;text-align:left;vertical-align:baseline;\"><span style=\"font-size:12pt;font-family:Calibri;color:#000000;\">G<\/span><span style=\"font-size:12pt;font-family:Calibri;color:#000000;\">arrafa<\/span><span style=\"font-size:12pt;font-family:Calibri;color:#000000;\">: <\/span><span style=\"font-size:12pt;font-family:Calibri;color:#000000;\">750ml<\/span><\/p>\n<p style=\"margin-top:0pt;margin-bottom:0pt;margin-left:0in;text-align:left;vertical-align:baseline;\"><span style=\"font-size:12pt;font-family:Calibri;color:#000000;\">Teor<\/span><span style=\"font-size:12pt;font-family:Calibri;color:#000000;\"> <\/span><span style=\"font-size:12pt;font-family:Calibri;color:#000000;\">Alcoolico<\/span><span style=\"font-size:12pt;font-family:Calibri;color:#000000;\">: 15.5% <\/span><\/p>\n<p style=\"margin-top:0pt;margin-bottom:0pt;margin-left:0in;text-align:left;vertical-align:baseline;\"><span style=\"font-size:12pt;font-family:Calibri;color:#000000;\">Gastronomia<\/span><span style=\"font-size:12pt;font-family:Calibri;color:#000000;\">: P<\/span><span style=\"font-size:12pt;font-family:Calibri;color:#000000;\">elo seu porte robusto e pela sua profundidade no palato, este tinto alentejano, revela-se uma excelente companhia para pratos de cozinha simples, puros e naturalmente intensos. Uma costeleta de vitela maturada assada ao sal e carne barros\u00e3. <\/span><\/p>\n","protected":false},"excerpt":{"rendered":"<p style=\"margin-top:0pt;margin-bottom:0pt;margin-left:0in;text-align:left;vertical-align:baseline;\"><span style=\"font-size:12pt;font-family:Calibri;color:#000000;\">Produtor<\/span><span style=\"font-size:12pt;font-family:Calibri;color:#000000;\">:\u00a0<\/span><span style=\"font-size:12pt;font-family:Calibri;color:#000000;\">Adega<\/span><span style=\"font-size:12pt;font-family:Calibri;color:#000000;\">\u00a0Mayor<\/span><\/p>\n<p style=\"margin-top:0pt;margin-bottom:0pt;margin-left:0in;text-align:left;vertical-align:baseline;\"><span style=\"font-size:12pt;font-family:Calibri;color:#000000;\">Regi<\/span><span style=\"font-family:Calibri;font-size:16px;\">\u00e3<\/span><span style=\"font-size:12pt;font-family:Calibri;\">o<\/span><span style=\"font-size:12pt;font-family:Calibri;\">:\u00a0<\/span><span style=\"font-size:12pt;font-family:Calibri;\">Alentejo<\/span><\/p>\n<p style=\"margin-top:0pt;margin-bottom:0pt;margin-left:0in;text-align:left;vertical-align:baseline;\"><span style=\"font-size:12pt;font-family:Calibri;color:#000000;\">Pa\u00eds: Portugal<\/span><\/p>\n<p style=\"margin-top:0pt;margin-bottom:0pt;margin-left:0in;text-align:left;vertical-align:baseline;\"><span style=\"font-size:12pt;font-family:Calibri;color:#000000;\">Tipo de\u00a0<\/span><span style=\"font-size:12pt;font-family:Calibri;color:#000000;\">Vinho<\/span><span style=\"font-size:12pt;font-family:Calibri;color:#000000;\">: Tinto<\/span><\/p>\n<p style=\"margin-top:0pt;margin-bottom:0pt;margin-left:0in;text-align:left;vertical-align:baseline;\"><span style=\"font-size:12pt;font-family:Calibri;color:#000000;\">Uva<\/span><span style=\"font-size:12pt;font-family:Calibri;color:#000000;\">:\u00a0<\/span><span style=\"font-size:12pt;font-family:Calibri;color:#000000;\">Alicante\u00a0<\/span><span style=\"font-size:12pt;font-family:Calibri;color:#000000;\">Bouschet<\/span><span style=\"font-size:12pt;font-family:Calibri;color:#000000;\">\u00a0<\/span><\/p>\n<p style=\"margin-top:0pt;margin-bottom:0pt;margin-left:0in;text-align:left;vertical-align:baseline;\"><span style=\"font-size:12pt;font-family:Calibri;color:#000000;\">G<\/span><span style=\"font-size:12pt;font-family:Calibri;color:#000000;\">arrafa<\/span><span style=\"font-size:12pt;font-family:Calibri;color:#000000;\">:\u00a0<\/span><span style=\"font-size:12pt;font-family:Calibri;color:#000000;\">750ml<\/span><\/p>\n<p style=\"margin-top:0pt;margin-bottom:0pt;margin-left:0in;text-align:left;vertical-align:baseline;\"><span style=\"font-size:12pt;font-family:Calibri;color:#000000;\">Teor<\/span><span style=\"font-size:12pt;font-family:Calibri;color:#000000;\">\u00a0<\/span><span style=\"font-size:12pt;font-family:Calibri;color:#000000;\">Alcoolico<\/span><span style=\"font-size:12pt;font-family:Calibri;color:#000000;\">: 15.5%<\/span><\/p>\n","protected":false},"author":43533,"featured_media":60244,"comment_status":"open","ping_status":"closed","template":"","meta":[],"pwb-brand":[],"product_brand":[],"product_cat":[8289,8291,8431,8449,8685],"product_tag":[],"class_list":{"0":"post-212176","1":"product","2":"type-product","3":"status-publish","4":"has-post-thumbnail","6":"product_cat-inicio","7":"product_cat-produtos-portugueses","8":"product_cat-vinhos-pt-pt","9":"product_cat-vinho-tinto","10":"product_cat-alentejo-pt-pt","12":"first","13":"outofstock","14":"taxable","15":"shipping-taxable","16":"purchasable","17":"product-type-simple"},"aioseo_notices":[],"brands":[],"_links":{"self":[{"href":"https:\/\/www.delicias-uk.com\/pt-pt\/wp-json\/wp\/v2\/product\/212176","targetHints":{"allow":["GET"]}}],"collection":[{"href":"https:\/\/www.delicias-uk.com\/pt-pt\/wp-json\/wp\/v2\/product"}],"about":[{"href":"https:\/\/www.delicias-uk.com\/pt-pt\/wp-json\/wp\/v2\/types\/product"}],"author":[{"embeddable":true,"href":"https:\/\/www.delicias-uk.com\/pt-pt\/wp-json\/wp\/v2\/users\/43533"}],"replies":[{"embeddable":true,"href":"https:\/\/www.delicias-uk.com\/pt-pt\/wp-json\/wp\/v2\/comments?post=212176"}],"wp:featuredmedia":[{"embeddable":true,"href":"https:\/\/www.delicias-uk.com\/pt-pt\/wp-json\/wp\/v2\/media\/60244"}],"wp:attachment":[{"href":"https:\/\/www.delicias-uk.com\/pt-pt\/wp-json\/wp\/v2\/media?parent=212176"}],"wp:term":[{"taxonomy":"pwb-brand","embeddable":true,"href":"https:\/\/www.delicias-uk.com\/pt-pt\/wp-json\/wp\/v2\/pwb-brand?post=212176"},{"taxonomy":"product_brand","embeddable":true,"href":"https:\/\/www.delicias-uk.com\/pt-pt\/wp-json\/wp\/v2\/product_brand?post=212176"},{"taxonomy":"product_cat","embeddable":true,"href":"https:\/\/www.delicias-uk.com\/pt-pt\/wp-json\/wp\/v2\/product_cat?post=212176"},{"taxonomy":"product_tag","embeddable":true,"href":"https:\/\/www.delicias-uk.com\/pt-pt\/wp-json\/wp\/v2\/product_tag?post=212176"}],"curies":[{"name":"wp","href":"https:\/\/api.w.org\/{rel}","templated":true}]}}