{"id":212136,"date":"2019-12-04T10:08:36","date_gmt":"2019-12-04T10:08:36","guid":{"rendered":"https:\/\/www.delicias-uk.com\/product\/bacalhau-salg-desfiado-migas-paloco-lugrade-400gr\/"},"modified":"2026-03-21T08:29:13","modified_gmt":"2026-03-21T08:29:13","slug":"acalhau-salgado-desfiado-paloco-lugrade-400g","status":"publish","type":"product","link":"https:\/\/www.delicias-uk.com\/pt-pt\/produto\/acalhau-salgado-desfiado-paloco-lugrade-400g\/","title":{"rendered":"Bacalhau Salgado Desfiado Paloco Lugrade 400g (ref: 80136)"},"content":{"rendered":"<p data-start=\"109\" data-end=\"382\">O Paloco Desfiado Seco Salgado Lugrade \u00e9 cuidadosamente preparado a partir de peixe paloco selecionado, seco e salgado segundo m\u00e9todos tradicionais, garantindo qualidade, praticidade e sabor aut\u00eantico. Ap\u00f3s a demolha, est\u00e1 pronto a utilizar numa grande variedade de pratos.<\/p>\n<p data-start=\"384\" data-end=\"608\">Ideal para o dia a dia, este produto vers\u00e1til \u00e9 perfeito para saladas, pataniscas, bolinhos, pratos de arroz e outras receitas tradicionais. O formato desfiado torna a prepara\u00e7\u00e3o mais r\u00e1pida e f\u00e1cil, sem comprometer o sabor.<\/p>\n<p data-start=\"610\" data-end=\"791\"><strong data-start=\"610\" data-end=\"641\">Caracter\u00edsticas do Produto:<\/strong><br data-start=\"641\" data-end=\"644\" \/>\u2022 Paloco seco salgado e desfiado<br data-start=\"676\" data-end=\"679\" \/>\u2022 Pr\u00e1tico e pronto a utilizar ap\u00f3s demolha<br data-start=\"721\" data-end=\"724\" \/>\u2022 Sabor suave e textura macia<br data-start=\"753\" data-end=\"756\" \/>\u2022 Adequado para diversas receitas<\/p>\n<p data-start=\"793\" data-end=\"818\"><strong data-start=\"793\" data-end=\"810\">Peso l\u00edquido:<\/strong> 400 g<\/p>\n","protected":false},"excerpt":{"rendered":"<p style=\"margin: 0cm;\"><span lang=\"pt\" style=\"font-size: 11pt; font-family: Calibri, sans-serif;\" xml:lang=\"pt\">. Bacalhau Salgado Desfiado Migas<\/span><\/p>\n<p style=\"margin-top: 0pt; margin-bottom: 0pt; margin-left: 0in; text-align: left;\"><span lang=\"pt\" style=\"font-size: 11pt; font-family: Calibri, sans-serif;\" xml:lang=\"pt\">. Marca: Lugrade<\/span><\/p>\n<p style=\"margin-top: 0pt; margin-bottom: 0pt; margin-left: 0in; text-align: left;\"><span lang=\"pt\" style=\"font-size: 11pt; font-family: Calibri, sans-serif;\" xml:lang=\"pt\">. Esp\u00e9cie: Paloco<\/span><\/p>\n<p style=\"margin-top: 0pt; margin-bottom: 0pt; margin-left: 0in; text-align: left;\"><span lang=\"pt\" style=\"font-size: 11pt; font-family: Calibri, sans-serif;\" xml:lang=\"pt\">. Origem: Pac\u00edfico<\/span><\/p>\n","protected":false},"author":43533,"featured_media":85265,"comment_status":"open","ping_status":"closed","template":"","meta":[],"pwb-brand":[],"product_brand":[],"product_cat":[9331,8289,8291,8387],"product_tag":[],"class_list":{"0":"post-212136","1":"product","2":"type-product","3":"status-publish","4":"has-post-thumbnail","6":"product_cat-desfiado","7":"product_cat-inicio","8":"product_cat-produtos-portugueses","9":"product_cat-bacalhau-seco","11":"first","12":"outofstock","13":"taxable","14":"shipping-taxable","15":"purchasable","16":"product-type-simple"},"aioseo_notices":[],"brands":[],"_links":{"self":[{"href":"https:\/\/www.delicias-uk.com\/pt-pt\/wp-json\/wp\/v2\/product\/212136","targetHints":{"allow":["GET"]}}],"collection":[{"href":"https:\/\/www.delicias-uk.com\/pt-pt\/wp-json\/wp\/v2\/product"}],"about":[{"href":"https:\/\/www.delicias-uk.com\/pt-pt\/wp-json\/wp\/v2\/types\/product"}],"author":[{"embeddable":true,"href":"https:\/\/www.delicias-uk.com\/pt-pt\/wp-json\/wp\/v2\/users\/43533"}],"replies":[{"embeddable":true,"href":"https:\/\/www.delicias-uk.com\/pt-pt\/wp-json\/wp\/v2\/comments?post=212136"}],"wp:featuredmedia":[{"embeddable":true,"href":"https:\/\/www.delicias-uk.com\/pt-pt\/wp-json\/wp\/v2\/media\/85265"}],"wp:attachment":[{"href":"https:\/\/www.delicias-uk.com\/pt-pt\/wp-json\/wp\/v2\/media?parent=212136"}],"wp:term":[{"taxonomy":"pwb-brand","embeddable":true,"href":"https:\/\/www.delicias-uk.com\/pt-pt\/wp-json\/wp\/v2\/pwb-brand?post=212136"},{"taxonomy":"product_brand","embeddable":true,"href":"https:\/\/www.delicias-uk.com\/pt-pt\/wp-json\/wp\/v2\/product_brand?post=212136"},{"taxonomy":"product_cat","embeddable":true,"href":"https:\/\/www.delicias-uk.com\/pt-pt\/wp-json\/wp\/v2\/product_cat?post=212136"},{"taxonomy":"product_tag","embeddable":true,"href":"https:\/\/www.delicias-uk.com\/pt-pt\/wp-json\/wp\/v2\/product_tag?post=212136"}],"curies":[{"name":"wp","href":"https:\/\/api.w.org\/{rel}","templated":true}]}}