{"id":212134,"date":"2019-11-27T10:58:40","date_gmt":"2019-11-27T10:58:40","guid":{"rendered":"https:\/\/www.delicias-uk.com\/product\/frootiva-maracuja-bits-500g-2\/"},"modified":"2025-02-06T17:12:58","modified_gmt":"2025-02-06T17:12:58","slug":"frootiva-maracuja-bits-500g-2","status":"publish","type":"product","link":"https:\/\/www.delicias-uk.com\/pt-pt\/produto\/frootiva-maracuja-bits-500g-2\/","title":{"rendered":"Peda\u00e7os de Maracuj\u00e1 Frootiva 500g"},"content":{"rendered":"<p>Manter uma dieta rica em frutas nem sempre \u00e9 assim t\u00e3o f\u00e1cil, especialmente em nossas movimentadas vidas di\u00e1rias, certo? Mas agora voc\u00ea pode contar com Frootiva, uma maneira pr\u00e1tica e saborosa de incluir frutas em sua dieta \u201d. Frootiva \u00e9 um granulado de ma\u00e7\u00e3 desidratado coberto com frutas brasileiras crocantes (a\u00e7a\u00ed, maracuj\u00e1 e cupua\u00e7u).\u00a0<\/p>\n","protected":false},"excerpt":{"rendered":"<p>\u2022Maracuj\u00e1 Desidratado\u00a0<\/p>\n<p>\u2022Gluten Free<\/p>\n<p>\u20220% Gordura trans<\/p>\n<p>\u20220% Corantes<\/p>\n<p>\u20220% Aditivos<\/p>\n","protected":false},"author":43533,"featured_media":85260,"comment_status":"open","ping_status":"closed","template":"","meta":[],"pwb-brand":[],"product_brand":[],"product_cat":[8289,8293,8401,8577,8307,8315,8499],"product_tag":[],"class_list":{"0":"post-212134","1":"product","2":"type-product","3":"status-publish","4":"has-post-thumbnail","6":"product_cat-inicio","7":"product_cat-produtos-brasileiros","8":"product_cat-mercearia-pt-pt","9":"product_cat-cereais","10":"product_cat-dieta-e-estilo-de-vida-produtos","11":"product_cat-free-from-pt-pt","12":"product_cat-sem-glutem","14":"first","15":"instock","16":"featured","17":"taxable","18":"shipping-taxable","19":"purchasable","20":"product-type-simple"},"aioseo_notices":[],"brands":[],"_links":{"self":[{"href":"https:\/\/www.delicias-uk.com\/pt-pt\/wp-json\/wp\/v2\/product\/212134","targetHints":{"allow":["GET"]}}],"collection":[{"href":"https:\/\/www.delicias-uk.com\/pt-pt\/wp-json\/wp\/v2\/product"}],"about":[{"href":"https:\/\/www.delicias-uk.com\/pt-pt\/wp-json\/wp\/v2\/types\/product"}],"author":[{"embeddable":true,"href":"https:\/\/www.delicias-uk.com\/pt-pt\/wp-json\/wp\/v2\/users\/43533"}],"replies":[{"embeddable":true,"href":"https:\/\/www.delicias-uk.com\/pt-pt\/wp-json\/wp\/v2\/comments?post=212134"}],"wp:featuredmedia":[{"embeddable":true,"href":"https:\/\/www.delicias-uk.com\/pt-pt\/wp-json\/wp\/v2\/media\/85260"}],"wp:attachment":[{"href":"https:\/\/www.delicias-uk.com\/pt-pt\/wp-json\/wp\/v2\/media?parent=212134"}],"wp:term":[{"taxonomy":"pwb-brand","embeddable":true,"href":"https:\/\/www.delicias-uk.com\/pt-pt\/wp-json\/wp\/v2\/pwb-brand?post=212134"},{"taxonomy":"product_brand","embeddable":true,"href":"https:\/\/www.delicias-uk.com\/pt-pt\/wp-json\/wp\/v2\/product_brand?post=212134"},{"taxonomy":"product_cat","embeddable":true,"href":"https:\/\/www.delicias-uk.com\/pt-pt\/wp-json\/wp\/v2\/product_cat?post=212134"},{"taxonomy":"product_tag","embeddable":true,"href":"https:\/\/www.delicias-uk.com\/pt-pt\/wp-json\/wp\/v2\/product_tag?post=212134"}],"curies":[{"name":"wp","href":"https:\/\/api.w.org\/{rel}","templated":true}]}}