{"id":212126,"date":"2019-11-21T12:12:00","date_gmt":"2019-11-21T12:12:00","guid":{"rendered":"https:\/\/www.delicias-uk.com\/product\/filtro-de-barros-sao-pedro-pagua-6-ltr\/"},"modified":"2026-04-24T13:05:16","modified_gmt":"2026-04-24T12:05:16","slug":"filtro-de-barros-sao-pedro-pagua-6-ltr","status":"publish","type":"product","link":"https:\/\/www.delicias-uk.com\/pt-pt\/produto\/filtro-de-barros-sao-pedro-pagua-6-ltr\/","title":{"rendered":"Filtro de Barro Para \u00c1gua S\u00e3o Pedro 6L"},"content":{"rendered":"<p class=\"MsoNormal\" style=\"margin-bottom:0cm;line-height:normal;background:#FAFBFC\"><span lang=\"pt\" style=\"color:#000000\" xml:lang=\"pt\">O Filtro de argila S\u00e3o Pedro \u00e9 considerado um dos mais eficientes do mundo!<\/span><\/p>\n<p class=\"MsoNormal\" style=\"margin-bottom:0cm;line-height:normal;background:#FAFBFC\"><span lang=\"pt\" style=\"color:#000000\" xml:lang=\"pt\">Os filtros de argila funcionam com um filtro interno feito de ceramica, conhecido como vela e, muitas vezes, essa \u201cvela\u201d \u00e9 preenchida com carv\u00e3o ativado.\u00a0<\/span><\/p>\n<p class=\"MsoNormal\" style=\"margin-bottom:0cm;line-height:normal;background:#FAFBFC\"><span lang=\"pt\" style=\"color:#000000\" xml:lang=\"pt\">A filtra\u00e7\u00e3o da \u00e1gua deve-se \u00e0 porosidade da cer\u00e2mica. Por ser microperfurada, a \u00e1gua passa pela cer\u00e2mica e sai sem impurezas do outro lado pois as part\u00edculas s\u00f3lidas ficam presas na vela. A cer\u00e2mica filtra as part\u00edculas s\u00f3lidas mas n\u00e3o filtra os gases e cloro em excesso que s\u00e3o usados para tratar a \u00e1gua da torneira. Esta fun\u00e7\u00e3o \u00e9 do carv\u00e3o ativado, que torna a \u00e1gua limpa, sem odor e ins\u00edpida.\u00a0<\/span><\/p>\n<p class=\"MsoNormal\" style=\"margin-bottom:0cm;line-height:normal;background:#FAFBFC\"><span lang=\"pt\" style=\"color:#000000\" xml:lang=\"pt\"><br \/><b>Com\u00a0que frequ\u00eancia devo limpar o filtro de barro?<\/b><\/span><\/p>\n<p class=\"MsoNormal\" style=\"margin-bottom:0cm;line-height:normal;background:#FAFBFC;vertical-align:baseline\"><span lang=\"pt\" style=\"color:#000000\" xml:lang=\"pt\">O ideal \u00e9 que voc\u00ea fa\u00e7a uma limpeza caprichada no filtro a cada 15 dias ou uma vez por m\u00eas. \u00c9 necess\u00e1rio limpar a parte externa, interna e, principalmente, a vela &#8211; pe\u00e7a que funciona como c\u00e2mara de filtragem, geralmente preenchida com carv\u00e3o ativado, para reter o cloro, ferro, alum\u00ednio e outras subst\u00e2ncias presentes na \u00e1gua.<\/span><\/p>\n<p class=\"MsoNormal\" style=\"margin-bottom:0cm;line-height:normal;background:#FAFBFC;vertical-align:baseline\"><b><span lang=\"pt\" style=\"color:#000000\" xml:lang=\"pt\">Use sempre o lado macio da esponja e evite o uso de produtos de limpeza<\/span><\/b><span lang=\"pt\" style=\"color:#000000\" xml:lang=\"pt\"><\/span><\/p>\n<p class=\"MsoNormal\" style=\"margin-bottom:0cm;line-height:normal;background:#FAFBFC;vertical-align:baseline\"><span lang=\"pt\" style=\"color:#000000\" xml:lang=\"pt\">Para limpar o filtro sem danific\u00e1-lo, o ideal \u00e9 que voc\u00ea use apenas flanelas ou o lado macio de uma esponja. Isso porque a superf\u00edcie interna do recipiente \u00e9 bastante porosa, e isso \u00e9 fundamental para o processo de filtragem. Ent\u00e3o, para n\u00e3o correr o risco de raspar e afetar a porosidade do material, o mais indicado \u00e9 que voc\u00ea use apenas panos macios.<\/span><\/p>\n<p class=\"MsoNormal\" style=\"margin-bottom:0cm;line-height:normal;background:#FAFBFC;vertical-align:baseline\"><span lang=\"pt\" style=\"color:#000000\" xml:lang=\"pt\">Al\u00e9m disso, outra dica importante \u00e9 evitar o uso de produtos de limpeza\u00a0\u00a0&#8211; como detergente, \u00e1lcool, desinfetante, cloro ou qualquer subst\u00e2ncia qu\u00edmica &#8211; na lavagem do filtro. Embora pare\u00e7a estranho, o ideal \u00e9 realmente usar apenas a esponja para tirar as sujeiras. Lembre-se de enxaguar bem.<\/span><\/p>\n<p class=\"MsoNormal\" style=\"margin-bottom:0cm;line-height:normal;background:#FAFBFC;vertical-align:baseline\"><b><span lang=\"pt\" style=\"color:#000000\" xml:lang=\"pt\">Passo a passo da limpeza do filtro de barro<\/span><\/b><span lang=\"pt\" style=\"color:#000000\" xml:lang=\"pt\"><\/span><\/p>\n<p class=\"MsoNormal\" style=\"margin-bottom:0cm;line-height:normal;background:#FAFBFC;vertical-align:baseline\"><b><span lang=\"pt\" style=\"color:#000000\" xml:lang=\"pt\">1.<\/span><\/b><span lang=\"pt\" style=\"color:#000000\" xml:lang=\"pt\">\u00a0Comece removendo a vela do interior do filtro e, ent\u00e3o, inicie a limpeza da parte interna do recipiente. O ideal, como j\u00e1 explicamos, \u00e9 n\u00e3o usar nenhum produto &#8211; apenas uma esponja macia com \u00e1gua para esfregar e remover as sujeiras;<\/span><\/p>\n<p class=\"MsoNormal\" style=\"margin-bottom:0cm;line-height:normal;background:#FAFBFC;vertical-align:baseline\"><b><span lang=\"pt\" style=\"color:#000000\" xml:lang=\"pt\">2.<\/span><\/b><span lang=\"pt\" style=\"color:#000000\" xml:lang=\"pt\">\u00a0Limpe a parte externa do filtro com um pano umedecido. Basta esfregar a superf\u00edcie sem usar nenhum produto;<\/span><\/p>\n<p class=\"MsoNormal\" style=\"margin-bottom:0cm;line-height:normal;background:#FAFBFC;vertical-align:baseline\"><b><span lang=\"pt\" style=\"color:#000000\" xml:lang=\"pt\">3.<\/span><\/b><span lang=\"pt\" style=\"color:#000000\" xml:lang=\"pt\">\u00a0Agora chegou a hora de lavar a vela antes de encaix\u00e1-la novamente na estrutura. Basta coloc\u00e1-la debaixo de \u00e1gua corrente, esfregar com o lado macio da esponja e prontinho!\u00a0\u00a0Al\u00e9m\u00a0disso, \u00e9 importante que voc\u00ea espere a vela secar completamente antes de coloc\u00e1-la no interior do filtro novamente;<\/span><\/p>\n<p class=\"MsoNormal\" style=\"line-height:normal;background:#FFFFFF;margin:15pt 0cm 15pt 0cm\"><b><span lang=\"pt\" style=\"color:#000000\" xml:lang=\"pt\">Quanto tempo dura a vela filtro de barro?<\/span><\/b><span lang=\"pt\" style=\"color:#000000\" xml:lang=\"pt\"><\/span><\/p>\n<p class=\"MsoNormal\" style=\"line-height:normal;background:#FAFBFC\"><span lang=\"pt\" style=\"color:#000000\" xml:lang=\"pt\">A durabilidade da vela de filtro de barro costuma ser de seis meses ou a cada 500 litros de \u00e1gua purificados.<\/span><\/p>\n<p class=\"MsoNormal\" style=\"line-height:normal;background:#FAFBFC\"><span lang=\"pt\" style=\"color:#000000\" xml:lang=\"pt\">Quando atingir esse prazo, recomenda-se a troca da pe\u00e7a, o que garantir\u00e1 \u00e1gua de qualidade todos os dias. Portanto, n\u00e3o deixe de realizar procedimento sempre que necess\u00e1rio!<\/span><span style=\"color:#000000\"><\/span><\/p><\/p>\n","protected":false},"excerpt":{"rendered":"<p>O Filtro de argila S\u00e3o Pedro \u00e9 considerado um dos mais eficientes do mundo! Os filtros de argila funcionam com um filtro interno feito de ceramica, conhecido como vela e, muitas vezes, essa \u201cvela\u201d \u00e9 preenchida com carv\u00e3o ativado.\u00a0 A filtra\u00e7\u00e3o da \u00e1gua deve-se \u00e0 porosidade da cer\u00e2mica. Por ser microperfurada, a \u00e1gua passa pela [&hellip;]<\/p>\n","protected":false},"author":43533,"featured_media":85245,"comment_status":"open","ping_status":"closed","template":"","meta":[],"pwb-brand":[],"product_brand":[],"product_cat":[8289,8293,8425],"product_tag":[],"class_list":{"0":"post-212126","1":"product","2":"type-product","3":"status-publish","4":"has-post-thumbnail","6":"product_cat-inicio","7":"product_cat-produtos-brasileiros","8":"product_cat-utensilios-de-cozinha","9":"pa_size-54x21x21","11":"first","12":"outofstock","13":"taxable","14":"shipping-taxable","15":"purchasable","16":"product-type-simple"},"aioseo_notices":[],"brands":[],"_links":{"self":[{"href":"https:\/\/www.delicias-uk.com\/pt-pt\/wp-json\/wp\/v2\/product\/212126","targetHints":{"allow":["GET"]}}],"collection":[{"href":"https:\/\/www.delicias-uk.com\/pt-pt\/wp-json\/wp\/v2\/product"}],"about":[{"href":"https:\/\/www.delicias-uk.com\/pt-pt\/wp-json\/wp\/v2\/types\/product"}],"author":[{"embeddable":true,"href":"https:\/\/www.delicias-uk.com\/pt-pt\/wp-json\/wp\/v2\/users\/43533"}],"replies":[{"embeddable":true,"href":"https:\/\/www.delicias-uk.com\/pt-pt\/wp-json\/wp\/v2\/comments?post=212126"}],"wp:featuredmedia":[{"embeddable":true,"href":"https:\/\/www.delicias-uk.com\/pt-pt\/wp-json\/wp\/v2\/media\/85245"}],"wp:attachment":[{"href":"https:\/\/www.delicias-uk.com\/pt-pt\/wp-json\/wp\/v2\/media?parent=212126"}],"wp:term":[{"taxonomy":"pwb-brand","embeddable":true,"href":"https:\/\/www.delicias-uk.com\/pt-pt\/wp-json\/wp\/v2\/pwb-brand?post=212126"},{"taxonomy":"product_brand","embeddable":true,"href":"https:\/\/www.delicias-uk.com\/pt-pt\/wp-json\/wp\/v2\/product_brand?post=212126"},{"taxonomy":"product_cat","embeddable":true,"href":"https:\/\/www.delicias-uk.com\/pt-pt\/wp-json\/wp\/v2\/product_cat?post=212126"},{"taxonomy":"product_tag","embeddable":true,"href":"https:\/\/www.delicias-uk.com\/pt-pt\/wp-json\/wp\/v2\/product_tag?post=212126"}],"curies":[{"name":"wp","href":"https:\/\/api.w.org\/{rel}","templated":true}]}}