{"id":212114,"date":"2019-11-01T17:13:05","date_gmt":"2019-11-01T17:13:05","guid":{"rendered":"https:\/\/www.delicias-uk.com\/product\/it-cantucci-corti-classici-200g-2\/"},"modified":"2025-02-20T13:59:08","modified_gmt":"2025-02-20T13:59:08","slug":"it-cantucci-corti-classici-200g-2","status":"publish","type":"product","link":"https:\/\/www.delicias-uk.com\/pt-pt\/produto\/it-cantucci-corti-classici-200g-2\/","title":{"rendered":"Cantucci Toscano de Amendoas 300g"},"content":{"rendered":"<p><span class=\"TextRun SCXW101432161 BCX8\" lang=\"pt-br\" style=\"margin: 0px;padding: 0px;background-color: #ffffff;color: #292929;font-size: 11pt;line-height: 19.7625px;font-family: Calibri, 'Calibri_EmbeddedFont', 'Calibri_MSFontService', sans-serif\" xml:lang=\"pt-br\"><span class=\"NormalTextRun SpellingErrorV2Themed SCXW101432161 BCX8\" style=\"margin: 0px;padding: 0px;background-position: 0px 100%;background-repeat: repeat-x;border-bottom: 1px solid transparent\">Cantuccini<\/span><span class=\"NormalTextRun SCXW101432161 BCX8\" style=\"margin: 0px;padding: 0px\"> Toscani <\/span><span class=\"NormalTextRun SpellingErrorV2Themed SCXW101432161 BCX8\" style=\"margin: 0px;padding: 0px;background-position: 0px 100%;background-repeat: repeat-x;border-bottom: 1px solid transparent\">Almond<\/span> <span class=\"NormalTextRun SpellingErrorV2Themed SCXW101432161 BCX8\" style=\"margin: 0px;padding: 0px;background-position: 0px 100%;background-repeat: repeat-x;border-bottom: 1px solid transparent\">Biscotti<\/span><span class=\"NormalTextRun SCXW101432161 BCX8\" style=\"margin: 0px;padding: 0px\"> s\u00e3o importados da Toscana, It\u00e1lia. Do delicado sabor a am\u00eandoa \u00e0 leve croc\u00e2ncia, estes biscoitos podem ser saboreados sozinhos, acompanhados de caf\u00e9 ou ch\u00e1.\u00a0 Tradicional <\/span><span class=\"NormalTextRun SpellingErrorV2Themed SCXW101432161 BCX8\" style=\"margin: 0px;padding: 0px;background-position: 0px 100%;background-repeat: repeat-x;border-bottom: 1px solid transparent\">Cantuccini<\/span><span class=\"NormalTextRun SCXW101432161 BCX8\" style=\"margin: 0px;padding: 0px\"> longo artesanal com am\u00eandoas italianas.<\/span><\/span><\/p>\n","protected":false},"excerpt":{"rendered":"<p class=\"MsoListParagraphCxSpFirst\" style=\"text-indent: -18pt\"><!-- [if !supportLists]--><span lang=\"pt\" style=\"font-family: Symbol\" xml:lang=\"pt\">\u00b7<span style=\"font: 7pt 'Times New Roman'\">\u00a0 \u00a0 \u00a0 \u00a0 . <\/span><\/span><!--[endif]--><span lang=\"pt\" xml:lang=\"pt\">Produto Italiano<\/span><\/p>\n<p class=\"MsoListParagraphCxSpMiddle\" style=\"text-indent: -18pt\"><!-- [if !supportLists]--><span lang=\"pt\" style=\"font-family: Symbol\" xml:lang=\"pt\">\u00b7<span style=\"font: 7pt 'Times New Roman'\">\u00a0 \u00a0 \u00a0 \u00a0 \u00a0.<\/span><\/span><!--[endif]--><span lang=\"pt\" xml:lang=\"pt\">Artesanal<\/span><\/p>\n<p class=\"MsoListParagraphCxSpLast\" style=\"text-indent: -18pt\"><!-- [if !supportLists]--><span lang=\"pt\" style=\"font-family: Symbol\" xml:lang=\"pt\">\u00b7<span style=\"font: 7pt 'Times New Roman'\">\u00a0 \u00a0 \u00a0 \u00a0 \u00a0.<\/span><\/span><!--[endif]--><span lang=\"pt\" xml:lang=\"pt\">Am\u00eandoas<\/span><\/p>\n<p>.Validade: 01\/05\/2025<\/p>\n","protected":false},"author":43533,"featured_media":194095,"comment_status":"open","ping_status":"closed","template":"","meta":[],"pwb-brand":[],"product_brand":[],"product_cat":[9182,9188,8289],"product_tag":[],"class_list":{"0":"post-212114","1":"product","2":"type-product","3":"status-publish","4":"has-post-thumbnail","6":"product_cat-natal","7":"product_cat-amendoas","8":"product_cat-inicio","10":"first","11":"outofstock","12":"taxable","13":"shipping-taxable","14":"purchasable","15":"product-type-simple"},"aioseo_notices":[],"brands":[],"_links":{"self":[{"href":"https:\/\/www.delicias-uk.com\/pt-pt\/wp-json\/wp\/v2\/product\/212114","targetHints":{"allow":["GET"]}}],"collection":[{"href":"https:\/\/www.delicias-uk.com\/pt-pt\/wp-json\/wp\/v2\/product"}],"about":[{"href":"https:\/\/www.delicias-uk.com\/pt-pt\/wp-json\/wp\/v2\/types\/product"}],"author":[{"embeddable":true,"href":"https:\/\/www.delicias-uk.com\/pt-pt\/wp-json\/wp\/v2\/users\/43533"}],"replies":[{"embeddable":true,"href":"https:\/\/www.delicias-uk.com\/pt-pt\/wp-json\/wp\/v2\/comments?post=212114"}],"wp:featuredmedia":[{"embeddable":true,"href":"https:\/\/www.delicias-uk.com\/pt-pt\/wp-json\/wp\/v2\/media\/194095"}],"wp:attachment":[{"href":"https:\/\/www.delicias-uk.com\/pt-pt\/wp-json\/wp\/v2\/media?parent=212114"}],"wp:term":[{"taxonomy":"pwb-brand","embeddable":true,"href":"https:\/\/www.delicias-uk.com\/pt-pt\/wp-json\/wp\/v2\/pwb-brand?post=212114"},{"taxonomy":"product_brand","embeddable":true,"href":"https:\/\/www.delicias-uk.com\/pt-pt\/wp-json\/wp\/v2\/product_brand?post=212114"},{"taxonomy":"product_cat","embeddable":true,"href":"https:\/\/www.delicias-uk.com\/pt-pt\/wp-json\/wp\/v2\/product_cat?post=212114"},{"taxonomy":"product_tag","embeddable":true,"href":"https:\/\/www.delicias-uk.com\/pt-pt\/wp-json\/wp\/v2\/product_tag?post=212114"}],"curies":[{"name":"wp","href":"https:\/\/api.w.org\/{rel}","templated":true}]}}