{"id":212098,"date":"2019-08-05T17:27:43","date_gmt":"2019-08-05T17:27:43","guid":{"rendered":"https:\/\/www.delicias-uk.com\/product\/tang-em-po-sabor-laranja-e-mamao-sache-18g\/"},"modified":"2019-08-05T17:27:43","modified_gmt":"2019-08-05T17:27:43","slug":"tang-em-po-sabor-laranja-e-mamao-sache-18g","status":"publish","type":"product","link":"https:\/\/www.delicias-uk.com\/pt-pt\/produto\/tang-em-po-sabor-laranja-e-mamao-sache-18g\/","title":{"rendered":"Tang em P\u00f3 de Laranja e Mam\u00e3o Saqueta 18g"},"content":{"rendered":"<p>Misture o conte\u00fado deste envelope com 1 litro de \u00e1gua filtrada fria ou gelada. N\u00e3o \u00e9 necess\u00e1rio acrescentar a\u00e7\u00facar. TANG j\u00e1 vem ado\u00e7ado.<\/p>\n<p><strong>Ingredientes:<\/strong> <em>A\u00e7\u00facar, suco de laranja desidratado (0,056% v\/v), maltodextrina, vitamina C, sulfato de zinco, suco de mam\u00e3o desidratado (0,005% v\/v), vitamina D, acidulante \u00e1cido c\u00edtrico, espessantes: goma guar e goma xantana, antiumectantes: fosfato tric\u00e1lcico e di\u00f3xido de sil\u00edcio, regulador de acidez citrato de s\u00f3dio, edulcorantes: aspartame (29 mg\/100 mL), ciclamato de s\u00f3dio (15 mg\/100 mL), acesulfame de pot\u00e1ssio (3,5 mg\/100 mL) e sacarina s\u00f3dica (1,3 mg\/100 mL), corantes: di\u00f3xido de tit\u00e2nio, caramelo IV, amarelo crep\u00fasculo FCF e vermelho 40, aromatizantes e espumante extrato de quil\u00e1ia.<\/em><\/p>\n<p><strong>AL\u00c9RGICOS: PODE CONTER LEITE. N\u00c3O CONT\u00c9M GL\u00daTEN. FENILCETON\u00daRICOS: CONT\u00c9M FENILALANINA.<\/strong><\/p>\n","protected":false},"excerpt":{"rendered":"<ul style=\"list-style-type:disc;\">\n<li>Peso l\u00edquido 18g<\/li>\n<li>Para preparar com \u00e1gua ou leite<\/li>\n<li>Produto Brasileiro<\/li>\n<\/ul>\n","protected":false},"author":43533,"featured_media":85148,"comment_status":"open","ping_status":"closed","template":"","meta":[],"pwb-brand":[],"product_brand":[],"product_cat":[8289,8293,8601,8499,8347],"product_tag":[],"class_list":{"0":"post-212098","1":"product","2":"type-product","3":"status-publish","4":"has-post-thumbnail","6":"product_cat-inicio","7":"product_cat-produtos-brasileiros","8":"product_cat-suco-em-po","9":"product_cat-sem-glutem","10":"product_cat-vegetariano","12":"first","13":"instock","14":"taxable","15":"shipping-taxable","16":"purchasable","17":"product-type-simple"},"aioseo_notices":[],"brands":[],"_links":{"self":[{"href":"https:\/\/www.delicias-uk.com\/pt-pt\/wp-json\/wp\/v2\/product\/212098","targetHints":{"allow":["GET"]}}],"collection":[{"href":"https:\/\/www.delicias-uk.com\/pt-pt\/wp-json\/wp\/v2\/product"}],"about":[{"href":"https:\/\/www.delicias-uk.com\/pt-pt\/wp-json\/wp\/v2\/types\/product"}],"author":[{"embeddable":true,"href":"https:\/\/www.delicias-uk.com\/pt-pt\/wp-json\/wp\/v2\/users\/43533"}],"replies":[{"embeddable":true,"href":"https:\/\/www.delicias-uk.com\/pt-pt\/wp-json\/wp\/v2\/comments?post=212098"}],"wp:featuredmedia":[{"embeddable":true,"href":"https:\/\/www.delicias-uk.com\/pt-pt\/wp-json\/wp\/v2\/media\/85148"}],"wp:attachment":[{"href":"https:\/\/www.delicias-uk.com\/pt-pt\/wp-json\/wp\/v2\/media?parent=212098"}],"wp:term":[{"taxonomy":"pwb-brand","embeddable":true,"href":"https:\/\/www.delicias-uk.com\/pt-pt\/wp-json\/wp\/v2\/pwb-brand?post=212098"},{"taxonomy":"product_brand","embeddable":true,"href":"https:\/\/www.delicias-uk.com\/pt-pt\/wp-json\/wp\/v2\/product_brand?post=212098"},{"taxonomy":"product_cat","embeddable":true,"href":"https:\/\/www.delicias-uk.com\/pt-pt\/wp-json\/wp\/v2\/product_cat?post=212098"},{"taxonomy":"product_tag","embeddable":true,"href":"https:\/\/www.delicias-uk.com\/pt-pt\/wp-json\/wp\/v2\/product_tag?post=212098"}],"curies":[{"name":"wp","href":"https:\/\/api.w.org\/{rel}","templated":true}]}}