{"id":212090,"date":"2019-08-05T17:42:52","date_gmt":"2019-08-05T16:42:52","guid":{"rendered":"https:\/\/www.delicias-uk.com\/product\/pate-de-sardinha-manna-pack-4-x-22g\/"},"modified":"2026-02-24T11:55:28","modified_gmt":"2026-02-24T11:55:28","slug":"pate-de-sardinha-manna-pack-4-x-22g","status":"publish","type":"product","link":"https:\/\/www.delicias-uk.com\/pt-pt\/produto\/pate-de-sardinha-manna-pack-4-x-22g\/","title":{"rendered":"Pat\u00ea de Sardinha Mann\u00e1 22g x 4"},"content":{"rendered":"<p>Pat\u00e9 de Sardinha Mann\u00e1, inconfund\u00edvel, cremoso e produzido sem adi\u00e7\u00e3o de corantes nem conservantes, \u00e9 perfeito para barrar. Aquele momento especial no in\u00edcio da refei\u00e7\u00e3o ou o teu snack pr\u00e1tico e saboroso que n\u00e3o dispensas. Lan\u00e7ado em 1986, \u00e9 sem d\u00favida, o nosso produto mais popular.<\/p>\n<p><strong>Ingredientes:<\/strong> Sardinha (APROX. 37%) (Sardina pilchardus), Cavala (APROX. 20%) (Scomber spp), \u00d3leo vegetal (girassol), \u00c1gua, Concentrado de tomate, Prote\u00edna de soja, Condimento de mostarda, Especiarias e Sal.ALERG\u00c9NIOS: Cont\u00e9m Peixe, Soja e Mostarda.<\/p>\n","protected":false},"excerpt":{"rendered":"<ul style=\"list-style-type:disc;\">\n<li>Sem adi\u00e7\u00e3o de Corantes nem Conservantes<\/li>\n<li>Sem Gl\u00faten<\/li>\n<li>Fonte de Prote\u00edna<\/li>\n<li>Contem \u00e1cidos gordos \u00f3mega-3<\/li>\n<li>Cont\u00e9m C\u00e1lcio, Magn\u00e9sio, Ferro e Zinco<\/li>\n<li>Peixe Azul<\/li>\n<li>Peixe Selvagem<\/li>\n<li>Pr\u00e1tico e Saboroso<\/li>\n<\/ul>\n","protected":false},"author":43533,"featured_media":194066,"comment_status":"open","ping_status":"closed","template":"","meta":[],"pwb-brand":[],"product_brand":[],"product_cat":[9325,8289,8291,8411,8557],"product_tag":[],"class_list":{"0":"post-212090","1":"product","2":"type-product","3":"status-publish","4":"has-post-thumbnail","6":"product_cat-pickles-conservas","7":"product_cat-inicio","8":"product_cat-produtos-portugueses","9":"product_cat-conservas","10":"product_cat-pates-pt-pt","12":"first","13":"instock","14":"taxable","15":"shipping-taxable","16":"purchasable","17":"product-type-simple"},"aioseo_notices":[],"brands":[],"_links":{"self":[{"href":"https:\/\/www.delicias-uk.com\/pt-pt\/wp-json\/wp\/v2\/product\/212090","targetHints":{"allow":["GET"]}}],"collection":[{"href":"https:\/\/www.delicias-uk.com\/pt-pt\/wp-json\/wp\/v2\/product"}],"about":[{"href":"https:\/\/www.delicias-uk.com\/pt-pt\/wp-json\/wp\/v2\/types\/product"}],"author":[{"embeddable":true,"href":"https:\/\/www.delicias-uk.com\/pt-pt\/wp-json\/wp\/v2\/users\/43533"}],"replies":[{"embeddable":true,"href":"https:\/\/www.delicias-uk.com\/pt-pt\/wp-json\/wp\/v2\/comments?post=212090"}],"wp:featuredmedia":[{"embeddable":true,"href":"https:\/\/www.delicias-uk.com\/pt-pt\/wp-json\/wp\/v2\/media\/194066"}],"wp:attachment":[{"href":"https:\/\/www.delicias-uk.com\/pt-pt\/wp-json\/wp\/v2\/media?parent=212090"}],"wp:term":[{"taxonomy":"pwb-brand","embeddable":true,"href":"https:\/\/www.delicias-uk.com\/pt-pt\/wp-json\/wp\/v2\/pwb-brand?post=212090"},{"taxonomy":"product_brand","embeddable":true,"href":"https:\/\/www.delicias-uk.com\/pt-pt\/wp-json\/wp\/v2\/product_brand?post=212090"},{"taxonomy":"product_cat","embeddable":true,"href":"https:\/\/www.delicias-uk.com\/pt-pt\/wp-json\/wp\/v2\/product_cat?post=212090"},{"taxonomy":"product_tag","embeddable":true,"href":"https:\/\/www.delicias-uk.com\/pt-pt\/wp-json\/wp\/v2\/product_tag?post=212090"}],"curies":[{"name":"wp","href":"https:\/\/api.w.org\/{rel}","templated":true}]}}