{"id":212088,"date":"2019-08-05T16:40:11","date_gmt":"2019-08-05T16:40:11","guid":{"rendered":"https:\/\/www.delicias-uk.com\/product\/panela-de-pudim-banho-de-maria-oliveira-n20-x-1\/"},"modified":"2025-02-06T17:18:34","modified_gmt":"2025-02-06T17:18:34","slug":"panela-de-pudim-banho-de-maria-oliveira-n20-x-1","status":"publish","type":"product","link":"https:\/\/www.delicias-uk.com\/pt-pt\/produto\/panela-de-pudim-banho-de-maria-oliveira-n20-x-1\/","title":{"rendered":"Panela de Pudim Banho Maria Oliveira N20"},"content":{"rendered":"","protected":false},"excerpt":{"rendered":"<ul style=\"list-style-type:disc;\">\n<li>Material: alum\u00ednio polido<\/li>\n<li>Pode ser utilizado em fog\u00f5es a g\u00e1s, el\u00e9trico e vitrocer\u00e2mico<\/li>\n<li>Podem ir ao lava lou\u00e7a<\/li>\n<li>Pa\u00eds de origem: BR<\/li>\n<\/ul>\n","protected":false},"author":43533,"featured_media":85128,"comment_status":"open","ping_status":"closed","template":"","meta":[],"pwb-brand":[],"product_brand":[],"product_cat":[8289,8293,8425],"product_tag":[],"class_list":{"0":"post-212088","1":"product","2":"type-product","3":"status-publish","4":"has-post-thumbnail","6":"product_cat-inicio","7":"product_cat-produtos-brasileiros","8":"product_cat-utensilios-de-cozinha","10":"first","11":"instock","12":"taxable","13":"shipping-taxable","14":"purchasable","15":"product-type-simple"},"aioseo_notices":[],"brands":[],"_links":{"self":[{"href":"https:\/\/www.delicias-uk.com\/pt-pt\/wp-json\/wp\/v2\/product\/212088","targetHints":{"allow":["GET"]}}],"collection":[{"href":"https:\/\/www.delicias-uk.com\/pt-pt\/wp-json\/wp\/v2\/product"}],"about":[{"href":"https:\/\/www.delicias-uk.com\/pt-pt\/wp-json\/wp\/v2\/types\/product"}],"author":[{"embeddable":true,"href":"https:\/\/www.delicias-uk.com\/pt-pt\/wp-json\/wp\/v2\/users\/43533"}],"replies":[{"embeddable":true,"href":"https:\/\/www.delicias-uk.com\/pt-pt\/wp-json\/wp\/v2\/comments?post=212088"}],"wp:featuredmedia":[{"embeddable":true,"href":"https:\/\/www.delicias-uk.com\/pt-pt\/wp-json\/wp\/v2\/media\/85128"}],"wp:attachment":[{"href":"https:\/\/www.delicias-uk.com\/pt-pt\/wp-json\/wp\/v2\/media?parent=212088"}],"wp:term":[{"taxonomy":"pwb-brand","embeddable":true,"href":"https:\/\/www.delicias-uk.com\/pt-pt\/wp-json\/wp\/v2\/pwb-brand?post=212088"},{"taxonomy":"product_brand","embeddable":true,"href":"https:\/\/www.delicias-uk.com\/pt-pt\/wp-json\/wp\/v2\/product_brand?post=212088"},{"taxonomy":"product_cat","embeddable":true,"href":"https:\/\/www.delicias-uk.com\/pt-pt\/wp-json\/wp\/v2\/product_cat?post=212088"},{"taxonomy":"product_tag","embeddable":true,"href":"https:\/\/www.delicias-uk.com\/pt-pt\/wp-json\/wp\/v2\/product_tag?post=212088"}],"curies":[{"name":"wp","href":"https:\/\/api.w.org\/{rel}","templated":true}]}}