{"id":212052,"date":"2019-06-14T15:41:33","date_gmt":"2019-06-14T14:41:33","guid":{"rendered":"https:\/\/www.delicias-uk.com\/product\/goiabada-cascao-de-colher-reserva-de-minas-650gr-2\/"},"modified":"2026-02-24T11:51:06","modified_gmt":"2026-02-24T11:51:06","slug":"goiabada-cascao-de-colher-reserva-de-minas-650gr-2","status":"publish","type":"product","link":"https:\/\/www.delicias-uk.com\/pt-pt\/produto\/goiabada-cascao-de-colher-reserva-de-minas-650gr-2\/","title":{"rendered":"Goiabada Casc\u00e3o de Colher Reserva de Minas 650g"},"content":{"rendered":"<div class=\"OutlineElement Ltr SCXW175894843 BCX8\" style=\"margin: 0px; padding: 0px; clear: both; font-family: 'Segoe UI', 'Segoe UI Web', Arial, Verdana, sans-serif; font-size: 12px; background-color: #ffffff;\">\n<p class=\"Paragraph SCXW175894843 BCX8\" lang=\"pt-br\" style=\"margin: 14px 0px; padding: 0px; vertical-align: baseline;\" xml:lang=\"pt-br\"><span class=\"TextRun SCXW175894843 BCX8\" lang=\"pt-br\" style=\"margin: 0px; padding: 0px; font-size: 11pt; line-height: 19.7625px; font-family: Calibri, 'Calibri_EmbeddedFont', 'Calibri_MSFontService', sans-serif;\" xml:lang=\"pt-br\">A\u00a0<\/span><span class=\"TextRun SCXW175894843 BCX8\" lang=\"pt-br\" style=\"margin: 0px; padding: 0px; font-size: 11pt; line-height: 19.7625px; font-family: Calibri, 'Calibri_EmbeddedFont', 'Calibri_MSFontService', sans-serif; font-weight: bold;\" xml:lang=\"pt-br\"><span class=\"NormalTextRun SCXW175894843 BCX8\" style=\"margin: 0px; padding: 0px;\">Goiabada Casc\u00e3o de Colher da Reserva de <\/span><span class=\"NormalTextRun ContextualSpellingAndGrammarErrorV2Themed SCXW175894843 BCX8\" style=\"margin: 0px; padding: 0px; background-position: 0px 100%; background-repeat: repeat-x; border-bottom: 1px solid transparent;\">Minas<\/span><\/span><span class=\"TextRun SCXW175894843 BCX8\" lang=\"pt-br\" style=\"margin: 0px; padding: 0px; font-size: 11pt; line-height: 19.7625px; font-family: Calibri, 'Calibri_EmbeddedFont', 'Calibri_MSFontService', sans-serif;\" xml:lang=\"pt-br\"><span class=\"NormalTextRun ContextualSpellingAndGrammarErrorV2Themed SCXW175894843 BCX8\" style=\"margin: 0px; padding: 0px; background-position: 0px 100%; background-repeat: repeat-x; border-bottom: 1px solid transparent;\">\u00a0<\/span><span class=\"NormalTextRun ContextualSpellingAndGrammarErrorV2Themed SCXW175894843 BCX8\" style=\"margin: 0px; padding: 0px; background-position: 0px 100%; background-repeat: repeat-x; border-bottom: 1px solid transparent;\">,<\/span><span class=\"NormalTextRun SCXW175894843 BCX8\" style=\"margin: 0px; padding: 0px;\"> em sua vers\u00e3o de 650 gramas, \u00e9 uma homenagem ao tradicional casc\u00e3o mineiro goiabada, com uma textura cremosa e peda\u00e7os da fruta que derretem na boca. Feita com goiabas frescas e selecionadas, essa goiabada \u00e9 produzida de forma artesanal, preservando o sabor intenso e aut\u00eantico da fruta. Ideal para quem busca uma sobremesa pr\u00e1tica e chinesa, ela traz o toque caseiro e a qualidade que s\u00e3o marcas registradas da Reserva de Minas.<\/span><\/span><span class=\"EOP SCXW175894843 BCX8\" style=\"margin: 0px; padding: 0px; font-size: 11pt; line-height: 19.7625px; font-family: Calibri, 'Calibri_EmbeddedFont', 'Calibri_MSFontService', sans-serif;\">\u00a0<\/span><\/p>\n<\/div>\n<div class=\"OutlineElement Ltr SCXW175894843 BCX8\" style=\"margin: 0px; padding: 0px; clear: both; font-family: 'Segoe UI', 'Segoe UI Web', Arial, Verdana, sans-serif; font-size: 12px; background-color: #ffffff;\">\n<p class=\"Paragraph SCXW175894843 BCX8\" lang=\"pt-br\" style=\"margin: 14px 0px; padding: 0px; vertical-align: baseline;\" xml:lang=\"pt-br\"><span class=\"TextRun SCXW175894843 BCX8\" lang=\"pt-br\" style=\"margin: 0px; padding: 0px; font-size: 11pt; line-height: 19.7625px; font-family: Calibri, 'Calibri_EmbeddedFont', 'Calibri_MSFontService', sans-serif;\" xml:lang=\"pt-br\">Com sua consist\u00eancia cremosa, o\u00a0<\/span><span class=\"TextRun SCXW175894843 BCX8\" lang=\"pt-br\" style=\"margin: 0px; padding: 0px; font-size: 11pt; line-height: 19.7625px; font-family: Calibri, 'Calibri_EmbeddedFont', 'Calibri_MSFontService', sans-serif; font-weight: bold;\" xml:lang=\"pt-br\">Casc\u00e3o de Colher Goiabada<\/span><span class=\"TextRun SCXW175894843 BCX8\" lang=\"pt-br\" style=\"margin: 0px; padding: 0px; font-size: 11pt; line-height: 19.7625px; font-family: Calibri, 'Calibri_EmbeddedFont', 'Calibri_MSFontService', sans-serif;\" xml:lang=\"pt-br\"><span class=\"NormalTextRun SCXW175894843 BCX8\" style=\"margin: 0px; padding: 0px;\">\u00a0<\/span><span class=\"NormalTextRun SCXW175894843 BCX8\" style=\"margin: 0px; padding: 0px;\">\u00e9 perfeito para ser consumido de diversas maneiras:<\/span><\/span><span class=\"EOP SCXW175894843 BCX8\" style=\"margin: 0px; padding: 0px; font-size: 11pt; line-height: 19.7625px; font-family: Calibri, 'Calibri_EmbeddedFont', 'Calibri_MSFontService', sans-serif;\">\u00a0<\/span><\/p>\n<\/div>\n<div class=\"ListContainerWrapper SCXW175894843 BCX8\" style=\"margin: 0px; padding: 0px; font-family: 'Segoe UI', 'Segoe UI Web', Arial, Verdana, sans-serif; font-size: 12px; background-color: #ffffff;\">\n<ul class=\"BulletListStyle1 SCXW175894843 BCX8\" style=\"margin: 0px; padding: 0px; font-family: verdana;\">\n<li class=\"OutlineElement Ltr SCXW175894843 BCX8\" style=\"margin: 0px 0px 0px 24px; padding: 0px; clear: both; font-size: 11pt; font-family: Calibri, 'Calibri_MSFontService', sans-serif; vertical-align: baseline;\">\n<p class=\"Paragraph SCXW175894843 BCX8\" lang=\"pt-br\" style=\"margin: 0px; padding: 0px; vertical-align: baseline;\" xml:lang=\"pt-br\"><span class=\"TextRun SCXW175894843 BCX8\" lang=\"pt-br\" style=\"margin: 0px; padding: 0px; font-size: 11pt; line-height: 19.7625px; font-family: Calibri, 'Calibri_EmbeddedFont', 'Calibri_MSFontService', sans-serif; font-weight: bold;\" xml:lang=\"pt-br\"><span class=\"NormalTextRun SCXW175894843 BCX8\" style=\"margin: 0px; padding: 0px;\">Consumo <\/span><span class=\"NormalTextRun ContextualSpellingAndGrammarErrorV2Themed SCXW175894843 BCX8\" style=\"margin: 0px; padding: 0px; background-position: 0px 100%; background-repeat: repeat-x; border-bottom: 1px solid transparent;\">direto<\/span><\/span><span class=\"TextRun SCXW175894843 BCX8\" lang=\"pt-br\" style=\"margin: 0px; padding: 0px; font-size: 11pt; line-height: 19.7625px; font-family: Calibri, 'Calibri_EmbeddedFont', 'Calibri_MSFontService', sans-serif;\" xml:lang=\"pt-br\"><span class=\"NormalTextRun ContextualSpellingAndGrammarErrorV2Themed SCXW175894843 BCX8\" style=\"margin: 0px; padding: 0px; background-position: 0px 100%; background-repeat: repeat-x; border-bottom: 1px solid transparent;\">\u00a0:<\/span><span class=\"NormalTextRun SCXW175894843 BCX8\" style=\"margin: 0px; padding: 0px;\"> Aprecie-a pura, direto do pote, com uma colherada generosa, aproveitando o sabor doce e natural da goiaba.<\/span><\/span><span class=\"EOP SCXW175894843 BCX8\" style=\"margin: 0px; padding: 0px; font-size: 11pt; line-height: 19.7625px; font-family: Calibri, 'Calibri_EmbeddedFont', 'Calibri_MSFontService', sans-serif;\">\u00a0<\/span><\/p>\n<\/li>\n<\/ul>\n<\/div>\n<div class=\"ListContainerWrapper SCXW175894843 BCX8\" style=\"margin: 0px; padding: 0px; font-family: 'Segoe UI', 'Segoe UI Web', Arial, Verdana, sans-serif; font-size: 12px; background-color: #ffffff;\">\n<ul class=\"BulletListStyle1 SCXW175894843 BCX8\" style=\"margin: 0px; padding: 0px; font-family: verdana;\">\n<li class=\"OutlineElement Ltr SCXW175894843 BCX8\" style=\"margin: 0px 0px 0px 24px; padding: 0px; clear: both; font-size: 11pt; font-family: Calibri, 'Calibri_MSFontService', sans-serif; vertical-align: baseline;\">\n<p class=\"Paragraph SCXW175894843 BCX8\" lang=\"pt-br\" style=\"margin: 0px; padding: 0px; vertical-align: baseline;\" xml:lang=\"pt-br\"><span class=\"TextRun SCXW175894843 BCX8\" lang=\"pt-br\" style=\"margin: 0px; padding: 0px; font-size: 11pt; line-height: 19.7625px; font-family: Calibri, 'Calibri_EmbeddedFont', 'Calibri_MSFontService', sans-serif; font-weight: bold;\" xml:lang=\"pt-br\"><span class=\"NormalTextRun SCXW175894843 BCX8\" style=\"margin: 0px; padding: 0px;\">Acompanhamento para <\/span><span class=\"NormalTextRun ContextualSpellingAndGrammarErrorV2Themed SCXW175894843 BCX8\" style=\"margin: 0px; padding: 0px; background-position: 0px 100%; background-repeat: repeat-x; border-bottom: 1px solid transparent;\">queijos<\/span><\/span><span class=\"TextRun SCXW175894843 BCX8\" lang=\"pt-br\" style=\"margin: 0px; padding: 0px; font-size: 11pt; line-height: 19.7625px; font-family: Calibri, 'Calibri_EmbeddedFont', 'Calibri_MSFontService', sans-serif;\" xml:lang=\"pt-br\"><span class=\"NormalTextRun ContextualSpellingAndGrammarErrorV2Themed SCXW175894843 BCX8\" style=\"margin: 0px; padding: 0px; background-position: 0px 100%; background-repeat: repeat-x; border-bottom: 1px solid transparent;\">\u00a0:<\/span><span class=\"NormalTextRun SCXW175894843 BCX8\" style=\"margin: 0px; padding: 0px;\"> Ideal para harmonizar com queijos, especialmente o queijo Minas, criando uma famosa combina\u00e7\u00e3o Romeu e Julieta.<\/span><\/span><span class=\"EOP SCXW175894843 BCX8\" style=\"margin: 0px; padding: 0px; font-size: 11pt; line-height: 19.7625px; font-family: Calibri, 'Calibri_EmbeddedFont', 'Calibri_MSFontService', sans-serif;\">\u00a0<\/span><\/p>\n<\/li>\n<\/ul>\n<\/div>\n<div class=\"ListContainerWrapper SCXW175894843 BCX8\" style=\"margin: 0px; padding: 0px; font-family: 'Segoe UI', 'Segoe UI Web', Arial, Verdana, sans-serif; font-size: 12px; background-color: #ffffff;\">\n<ul class=\"BulletListStyle1 SCXW175894843 BCX8\" style=\"margin: 0px; padding: 0px; font-family: verdana;\">\n<li class=\"OutlineElement Ltr SCXW175894843 BCX8\" style=\"margin: 0px 0px 0px 24px; padding: 0px; clear: both; font-size: 11pt; font-family: Calibri, 'Calibri_MSFontService', sans-serif; vertical-align: baseline;\">\n<p class=\"Paragraph SCXW175894843 BCX8\" lang=\"pt-br\" style=\"margin: 0px; padding: 0px; vertical-align: baseline;\" xml:lang=\"pt-br\"><span class=\"TextRun SCXW175894843 BCX8\" lang=\"pt-br\" style=\"margin: 0px; padding: 0px; font-size: 11pt; line-height: 19.7625px; font-family: Calibri, 'Calibri_EmbeddedFont', 'Calibri_MSFontService', sans-serif; font-weight: bold;\" xml:lang=\"pt-br\"><span class=\"NormalTextRun SCXW175894843 BCX8\" style=\"margin: 0px; padding: 0px;\">Recheio e cobertura para <\/span><span class=\"NormalTextRun ContextualSpellingAndGrammarErrorV2Themed SCXW175894843 BCX8\" style=\"margin: 0px; padding: 0px; background-position: 0px 100%; background-repeat: repeat-x; border-bottom: 1px solid transparent;\">sobremesas<\/span><\/span><span class=\"TextRun SCXW175894843 BCX8\" lang=\"pt-br\" style=\"margin: 0px; padding: 0px; font-size: 11pt; line-height: 19.7625px; font-family: Calibri, 'Calibri_EmbeddedFont', 'Calibri_MSFontService', sans-serif;\" xml:lang=\"pt-br\"><span class=\"NormalTextRun ContextualSpellingAndGrammarErrorV2Themed SCXW175894843 BCX8\" style=\"margin: 0px; padding: 0px; background-position: 0px 100%; background-repeat: repeat-x; border-bottom: 1px solid transparent;\">\u00a0:<\/span><span class=\"NormalTextRun SCXW175894843 BCX8\" style=\"margin: 0px; padding: 0px;\"> Use como recheio para bolos, tortas, pav\u00eas, ou como cobertura para cupcakes e sorvetes, adicionando um toque de sabor e tradi\u00e7\u00e3o mineira \u00e0s suas receitas.<\/span><\/span><span class=\"EOP SCXW175894843 BCX8\" style=\"margin: 0px; padding: 0px; font-size: 11pt; line-height: 19.7625px; font-family: Calibri, 'Calibri_EmbeddedFont', 'Calibri_MSFontService', sans-serif;\">\u00a0<\/span><\/p>\n<\/li>\n<\/ul>\n<\/div>\n<div class=\"OutlineElement Ltr SCXW175894843 BCX8\" style=\"margin: 0px; padding: 0px; clear: both; font-family: 'Segoe UI', 'Segoe UI Web', Arial, Verdana, sans-serif; font-size: 12px; background-color: #ffffff;\">\n<p class=\"Paragraph SCXW175894843 BCX8\" lang=\"pt-br\" style=\"margin: 14px 0px; padding: 0px; vertical-align: baseline;\" xml:lang=\"pt-br\"><span class=\"TextRun SCXW175894843 BCX8\" lang=\"pt-br\" style=\"margin: 0px; padding: 0px; font-size: 11pt; line-height: 19.7625px; font-family: Calibri, 'Calibri_EmbeddedFont', 'Calibri_MSFontService', sans-serif;\" xml:lang=\"pt-br\">Produzida sem conservantes artificiais, a\u00a0<\/span><span class=\"TextRun SCXW175894843 BCX8\" lang=\"pt-br\" style=\"margin: 0px; padding: 0px; font-size: 11pt; line-height: 19.7625px; font-family: Calibri, 'Calibri_EmbeddedFont', 'Calibri_MSFontService', sans-serif; font-weight: bold;\" xml:lang=\"pt-br\">Goiabada Casc\u00e3o de Colher Reserva de Minas<\/span><span class=\"TextRun SCXW175894843 BCX8\" lang=\"pt-br\" style=\"margin: 0px; padding: 0px; font-size: 11pt; line-height: 19.7625px; font-family: Calibri, 'Calibri_EmbeddedFont', 'Calibri_MSFontService', sans-serif;\" xml:lang=\"pt-br\"><span class=\"NormalTextRun SCXW175894843 BCX8\" style=\"margin: 0px; padding: 0px;\">\u00a0<\/span><span class=\"NormalTextRun SCXW175894843 BCX8\" style=\"margin: 0px; padding: 0px;\">mant\u00e9m o sabor genu\u00edno da fruta, preservando as desvantagens e a qualidade do produto. A embalagem de 650g \u00e9 generosa e ideal para consumo familiar, sendo perfeita para dividir em momentos especiais com a fam\u00edlia e amigos.<\/span><\/span><\/p>\n<\/div>\n","protected":false},"excerpt":{"rendered":"<ul>\n<li><strong>Sabor aut\u00eantico e peda\u00e7os de fruta<\/strong><\/li>\n<li><strong>Textura cremosa de colher<\/strong><\/li>\n<li><strong>Qualidade artesanal<\/strong><\/li>\n<li><strong>Embalagem de 650g<\/strong><\/li>\n<\/ul>\n","protected":false},"author":43533,"featured_media":85057,"comment_status":"open","ping_status":"closed","template":"","meta":[],"pwb-brand":[],"product_brand":[],"product_cat":[8289,8293,8385,8597],"product_tag":[],"class_list":{"0":"post-212052","1":"product","2":"type-product","3":"status-publish","4":"has-post-thumbnail","6":"product_cat-inicio","7":"product_cat-produtos-brasileiros","8":"product_cat-confeitaria-pt-pt","9":"product_cat-doces-tradicionais-amendoim","11":"first","12":"instock","13":"taxable","14":"shipping-taxable","15":"purchasable","16":"product-type-simple"},"aioseo_notices":[],"brands":[],"_links":{"self":[{"href":"https:\/\/www.delicias-uk.com\/pt-pt\/wp-json\/wp\/v2\/product\/212052","targetHints":{"allow":["GET"]}}],"collection":[{"href":"https:\/\/www.delicias-uk.com\/pt-pt\/wp-json\/wp\/v2\/product"}],"about":[{"href":"https:\/\/www.delicias-uk.com\/pt-pt\/wp-json\/wp\/v2\/types\/product"}],"author":[{"embeddable":true,"href":"https:\/\/www.delicias-uk.com\/pt-pt\/wp-json\/wp\/v2\/users\/43533"}],"replies":[{"embeddable":true,"href":"https:\/\/www.delicias-uk.com\/pt-pt\/wp-json\/wp\/v2\/comments?post=212052"}],"wp:featuredmedia":[{"embeddable":true,"href":"https:\/\/www.delicias-uk.com\/pt-pt\/wp-json\/wp\/v2\/media\/85057"}],"wp:attachment":[{"href":"https:\/\/www.delicias-uk.com\/pt-pt\/wp-json\/wp\/v2\/media?parent=212052"}],"wp:term":[{"taxonomy":"pwb-brand","embeddable":true,"href":"https:\/\/www.delicias-uk.com\/pt-pt\/wp-json\/wp\/v2\/pwb-brand?post=212052"},{"taxonomy":"product_brand","embeddable":true,"href":"https:\/\/www.delicias-uk.com\/pt-pt\/wp-json\/wp\/v2\/product_brand?post=212052"},{"taxonomy":"product_cat","embeddable":true,"href":"https:\/\/www.delicias-uk.com\/pt-pt\/wp-json\/wp\/v2\/product_cat?post=212052"},{"taxonomy":"product_tag","embeddable":true,"href":"https:\/\/www.delicias-uk.com\/pt-pt\/wp-json\/wp\/v2\/product_tag?post=212052"}],"curies":[{"name":"wp","href":"https:\/\/api.w.org\/{rel}","templated":true}]}}