{"id":212036,"date":"2019-05-13T15:00:19","date_gmt":"2019-05-13T14:00:19","guid":{"rendered":"https:\/\/www.delicias-uk.com\/product\/azeite-oliveira-da-serra-classico-750ml\/"},"modified":"2026-04-14T09:18:06","modified_gmt":"2026-04-14T08:18:06","slug":"azeite-oliveira-da-serra-classico-750ml","status":"publish","type":"product","link":"https:\/\/www.delicias-uk.com\/pt-pt\/produto\/azeite-oliveira-da-serra-classico-750ml\/","title":{"rendered":"Azeite Oliveira da Serra Cl\u00e1ssico 750ml"},"content":{"rendered":"<p>Este \u00e9 um azeite extremamente vers\u00e1til na cozinha, adaptando-se facilmente a uma grande variedade de pratos. Tem um frutado predominantemente maduro de intensidade m\u00e9dia a ligeira, com notas de ma\u00e7\u00e3 madura, mas tamb\u00e9m com uma ligeira perce\u00e7\u00e3o de folhas verdes e azeitona.<\/p>\n<p>Em boca \u00e9 um azeite suave com uma intensidade m\u00e9dia a ligeira de amargo e picante. O seu uso vai desde a confe\u00e7\u00e3o na cozinha ao tempero final.<\/p>\n","protected":false},"excerpt":{"rendered":"<ul>\n<li>Tamanho 750ml<\/li>\n<li>Extra virgem<\/li>\n<li>Ideal para cozinhar ou finalizar<\/li>\n<li>Oliveira da Serra \u00e9 uma marca Portuguesa<\/li>\n<\/ul>\n","protected":false},"author":43533,"featured_media":85027,"comment_status":"open","ping_status":"closed","template":"","meta":[],"pwb-brand":[],"product_brand":[],"product_cat":[8289,8291,8403,8451],"product_tag":[],"class_list":{"0":"post-212036","1":"product","2":"type-product","3":"status-publish","4":"has-post-thumbnail","6":"product_cat-inicio","7":"product_cat-produtos-portugueses","8":"product_cat-azeitona-azeite-vinagre","9":"product_cat-azeite","11":"first","12":"instock","13":"taxable","14":"shipping-taxable","15":"purchasable","16":"product-type-simple"},"aioseo_notices":[],"brands":[],"_links":{"self":[{"href":"https:\/\/www.delicias-uk.com\/pt-pt\/wp-json\/wp\/v2\/product\/212036","targetHints":{"allow":["GET"]}}],"collection":[{"href":"https:\/\/www.delicias-uk.com\/pt-pt\/wp-json\/wp\/v2\/product"}],"about":[{"href":"https:\/\/www.delicias-uk.com\/pt-pt\/wp-json\/wp\/v2\/types\/product"}],"author":[{"embeddable":true,"href":"https:\/\/www.delicias-uk.com\/pt-pt\/wp-json\/wp\/v2\/users\/43533"}],"replies":[{"embeddable":true,"href":"https:\/\/www.delicias-uk.com\/pt-pt\/wp-json\/wp\/v2\/comments?post=212036"}],"wp:featuredmedia":[{"embeddable":true,"href":"https:\/\/www.delicias-uk.com\/pt-pt\/wp-json\/wp\/v2\/media\/85027"}],"wp:attachment":[{"href":"https:\/\/www.delicias-uk.com\/pt-pt\/wp-json\/wp\/v2\/media?parent=212036"}],"wp:term":[{"taxonomy":"pwb-brand","embeddable":true,"href":"https:\/\/www.delicias-uk.com\/pt-pt\/wp-json\/wp\/v2\/pwb-brand?post=212036"},{"taxonomy":"product_brand","embeddable":true,"href":"https:\/\/www.delicias-uk.com\/pt-pt\/wp-json\/wp\/v2\/product_brand?post=212036"},{"taxonomy":"product_cat","embeddable":true,"href":"https:\/\/www.delicias-uk.com\/pt-pt\/wp-json\/wp\/v2\/product_cat?post=212036"},{"taxonomy":"product_tag","embeddable":true,"href":"https:\/\/www.delicias-uk.com\/pt-pt\/wp-json\/wp\/v2\/product_tag?post=212036"}],"curies":[{"name":"wp","href":"https:\/\/api.w.org\/{rel}","templated":true}]}}