{"id":212034,"date":"2019-05-13T14:44:43","date_gmt":"2019-05-13T13:44:43","guid":{"rendered":"https:\/\/www.delicias-uk.com\/product\/oliveira-da-serra-gourmet-pop-up-2\/"},"modified":"2026-04-18T08:47:35","modified_gmt":"2026-04-18T07:47:35","slug":"oliveira-da-serra-gourmet-pop-up-2","status":"publish","type":"product","link":"https:\/\/www.delicias-uk.com\/pt-pt\/produto\/oliveira-da-serra-gourmet-pop-up-2\/","title":{"rendered":"Azeite Oliveira da Serra Gourmet Pop-Up 500ml"},"content":{"rendered":"<p>Azeite Premium. \u00c9 um azeite maduro, macio e delicadamente doce. Caracterizado por um aroma arrebatador que os ju\u00edzes das melhores competi\u00e7\u00f5es nacionais e internacionais apreciam muito.<\/p>\n","protected":false},"excerpt":{"rendered":"<ul>\n<li>Garrafa de vidro de 500ml<\/li>\n<li>Azeite gourmet pop-up<\/li>\n<li>Oliveira da Serra \u00e9 uma marca Portuguesa<\/li>\n<\/ul>\n","protected":false},"author":43533,"featured_media":85023,"comment_status":"open","ping_status":"closed","template":"","meta":[],"pwb-brand":[],"product_brand":[],"product_cat":[8289,8291,8403,8451,8573,8499,8539,8347,8363,8375],"product_tag":[],"class_list":{"0":"post-212034","1":"product","2":"type-product","3":"status-publish","4":"has-post-thumbnail","6":"product_cat-inicio","7":"product_cat-produtos-portugueses","8":"product_cat-azeitona-azeite-vinagre","9":"product_cat-azeite","10":"product_cat-sem-acucar","11":"product_cat-sem-glutem","12":"product_cat-sem-lactose","13":"product_cat-vegetariano","14":"product_cat-halal-pt-pt","15":"product_cat-kosher-pt-pt","17":"first","18":"instock","19":"taxable","20":"shipping-taxable","21":"purchasable","22":"product-type-simple"},"aioseo_notices":[],"brands":[],"_links":{"self":[{"href":"https:\/\/www.delicias-uk.com\/pt-pt\/wp-json\/wp\/v2\/product\/212034","targetHints":{"allow":["GET"]}}],"collection":[{"href":"https:\/\/www.delicias-uk.com\/pt-pt\/wp-json\/wp\/v2\/product"}],"about":[{"href":"https:\/\/www.delicias-uk.com\/pt-pt\/wp-json\/wp\/v2\/types\/product"}],"author":[{"embeddable":true,"href":"https:\/\/www.delicias-uk.com\/pt-pt\/wp-json\/wp\/v2\/users\/43533"}],"replies":[{"embeddable":true,"href":"https:\/\/www.delicias-uk.com\/pt-pt\/wp-json\/wp\/v2\/comments?post=212034"}],"wp:featuredmedia":[{"embeddable":true,"href":"https:\/\/www.delicias-uk.com\/pt-pt\/wp-json\/wp\/v2\/media\/85023"}],"wp:attachment":[{"href":"https:\/\/www.delicias-uk.com\/pt-pt\/wp-json\/wp\/v2\/media?parent=212034"}],"wp:term":[{"taxonomy":"pwb-brand","embeddable":true,"href":"https:\/\/www.delicias-uk.com\/pt-pt\/wp-json\/wp\/v2\/pwb-brand?post=212034"},{"taxonomy":"product_brand","embeddable":true,"href":"https:\/\/www.delicias-uk.com\/pt-pt\/wp-json\/wp\/v2\/product_brand?post=212034"},{"taxonomy":"product_cat","embeddable":true,"href":"https:\/\/www.delicias-uk.com\/pt-pt\/wp-json\/wp\/v2\/product_cat?post=212034"},{"taxonomy":"product_tag","embeddable":true,"href":"https:\/\/www.delicias-uk.com\/pt-pt\/wp-json\/wp\/v2\/product_tag?post=212034"}],"curies":[{"name":"wp","href":"https:\/\/api.w.org\/{rel}","templated":true}]}}