{"id":212010,"date":"2019-05-03T16:59:34","date_gmt":"2019-05-03T15:59:34","guid":{"rendered":"https:\/\/www.delicias-uk.com\/product\/quinta-das-bageiras-garrafeira-2016-75cl-2\/"},"modified":"2025-10-11T12:22:22","modified_gmt":"2025-10-11T11:22:22","slug":"quinta-das-bageiras-garrafeira-2016-75cl-2","status":"publish","type":"product","link":"https:\/\/www.delicias-uk.com\/pt-pt\/produto\/quinta-das-bageiras-garrafeira-2016-75cl-2\/","title":{"rendered":"Quinta das Bageiras Garrafeira 2016 75cl"},"content":{"rendered":"<p>As uvas deste vinho t\u00eam origem em vinhas muito velhas (idade superior a 90 anos). S\u00e3o fermentadas entre 5 a 8 dias em lagar aberto e sem desengace (n\u00e3o se retiram os bagos do cacho). Depois, \u00e9 feita uma remontagem com massas de madeira, v\u00e1rias vezes ao dia, at\u00e9 atingirem a intensidade correta. De seguida, o vinho acaba a fermenta\u00e7\u00e3o em ton\u00e9is de madeira j\u00e1 antigos. Enquanto repousa \u00e9 passado a limpo e estagia nos mesmos ton\u00e9is cerca de 18 meses. \u00c9 engarrafado sem qualquer colagem ou filtragem. Todos estes processos s\u00e3o feitos manualmente. \u00c9 um vinho que s\u00f3 se produz em anos de excepcional qualidade.<\/p>\n<ul>\n<li><strong>Produtor<\/strong>: Quinta das Bageiras<\/li>\n<li><strong>Regi\u00e3o<\/strong>: Bairrada<\/li>\n<li><strong>Pa\u00eds<\/strong>: Portugal<\/li>\n<li><strong>Tipo de Vinho<\/strong>: Tinto<\/li>\n<li><strong>Castas<\/strong>:\u00a0 Baga<\/li>\n<li><strong>Garrafa<\/strong>: 750ml<\/li>\n<li><strong>Teor Alcoolico<\/strong>: 13.5%<\/li>\n<\/ul>\n","protected":false},"excerpt":{"rendered":"<ul style=\"list-style-type: disc;\">\n<li><strong>Produtor<\/strong>: Quinta das Bageiras<\/li>\n<li><strong>Regi\u00e3o<\/strong>: Bairrada<\/li>\n<li><strong>Pa\u00eds<\/strong>: Portugal<\/li>\n<li><strong>Tipo de Vinho<\/strong>: Tinto<\/li>\n<li><strong>Castas<\/strong>:\u00a0 Baga<\/li>\n<li><strong>Garrafa<\/strong>: 750ml<\/li>\n<li><strong>Teor Alcoolico<\/strong>: 13.5%<\/li>\n<\/ul>\n","protected":false},"author":43533,"featured_media":234177,"comment_status":"open","ping_status":"closed","template":"","meta":[],"pwb-brand":[],"product_brand":[],"product_cat":[8289,8291,8431,8449,8723],"product_tag":[9237,9238],"class_list":{"0":"post-212010","1":"product","2":"type-product","3":"status-publish","4":"has-post-thumbnail","6":"product_cat-inicio","7":"product_cat-produtos-portugueses","8":"product_cat-vinhos-pt-pt","9":"product_cat-vinho-tinto","10":"product_cat-bairrada-pt-pt","11":"product_tag-red-wine-pt-pt","12":"product_tag-wine-pt-pt","14":"first","15":"instock","16":"taxable","17":"shipping-taxable","18":"purchasable","19":"product-type-simple"},"aioseo_notices":[],"brands":[],"_links":{"self":[{"href":"https:\/\/www.delicias-uk.com\/pt-pt\/wp-json\/wp\/v2\/product\/212010","targetHints":{"allow":["GET"]}}],"collection":[{"href":"https:\/\/www.delicias-uk.com\/pt-pt\/wp-json\/wp\/v2\/product"}],"about":[{"href":"https:\/\/www.delicias-uk.com\/pt-pt\/wp-json\/wp\/v2\/types\/product"}],"author":[{"embeddable":true,"href":"https:\/\/www.delicias-uk.com\/pt-pt\/wp-json\/wp\/v2\/users\/43533"}],"replies":[{"embeddable":true,"href":"https:\/\/www.delicias-uk.com\/pt-pt\/wp-json\/wp\/v2\/comments?post=212010"}],"wp:featuredmedia":[{"embeddable":true,"href":"https:\/\/www.delicias-uk.com\/pt-pt\/wp-json\/wp\/v2\/media\/234177"}],"wp:attachment":[{"href":"https:\/\/www.delicias-uk.com\/pt-pt\/wp-json\/wp\/v2\/media?parent=212010"}],"wp:term":[{"taxonomy":"pwb-brand","embeddable":true,"href":"https:\/\/www.delicias-uk.com\/pt-pt\/wp-json\/wp\/v2\/pwb-brand?post=212010"},{"taxonomy":"product_brand","embeddable":true,"href":"https:\/\/www.delicias-uk.com\/pt-pt\/wp-json\/wp\/v2\/product_brand?post=212010"},{"taxonomy":"product_cat","embeddable":true,"href":"https:\/\/www.delicias-uk.com\/pt-pt\/wp-json\/wp\/v2\/product_cat?post=212010"},{"taxonomy":"product_tag","embeddable":true,"href":"https:\/\/www.delicias-uk.com\/pt-pt\/wp-json\/wp\/v2\/product_tag?post=212010"}],"curies":[{"name":"wp","href":"https:\/\/api.w.org\/{rel}","templated":true}]}}