{"id":212006,"date":"2019-05-03T17:57:25","date_gmt":"2019-05-03T16:57:25","guid":{"rendered":"https:\/\/www.delicias-uk.com\/product\/quinta-das-bageiras-avo-fausto-2016-75cl\/"},"modified":"2026-02-24T11:49:59","modified_gmt":"2026-02-24T11:49:59","slug":"quinta-das-bageiras-avo-fausto-2016-75cl","status":"publish","type":"product","link":"https:\/\/www.delicias-uk.com\/pt-pt\/produto\/quinta-das-bageiras-avo-fausto-2016-75cl\/","title":{"rendered":"Quinta das Bageiras Av\u00f3 Fausto 2016 75cl"},"content":{"rendered":"<p data-start=\"51\" data-end=\"87\"><strong data-start=\"51\" data-end=\"85\">Quinta das Bageiras Av\u00f3 Fausto<\/strong><\/p>\n<p data-start=\"89\" data-end=\"725\">As uvas para este vinho prov\u00eam de um conjunto de parcelas que, devido \u00e0s suas caracter\u00edsticas (solo, exposi\u00e7\u00e3o solar, etc.), d\u00e3o origem a tintos elegantes e frescos. As uvas de ambas as castas fermentaram com enga\u00e7o, durante cerca de uma semana, em lagar aberto. Durante este per\u00edodo, foram efetuadas v\u00e1rias remontagens di\u00e1rias com massas de madeira, at\u00e9 o vinho atingir a intensidade desejada. Finalmente, o vinho terminou a fermenta\u00e7\u00e3o em barricas usadas da Borgonha (carvalho franc\u00eas), onde estagiou. Posteriormente, passou para um pequeno tonel de madeira, onde permaneceu at\u00e9 ao engarrafamento, sem qualquer colagem ou filtra\u00e7\u00e3o.<\/p>\n<p data-start=\"727\" data-end=\"937\"><strong data-start=\"727\" data-end=\"740\">Produtor:<\/strong> Quinta das Bageiras<br data-start=\"760\" data-end=\"763\" \/><strong data-start=\"763\" data-end=\"774\">Regi\u00e3o:<\/strong> Bairrada, Portugal<br data-start=\"793\" data-end=\"796\" \/><strong data-start=\"796\" data-end=\"807\">Estilo:<\/strong> Vinho Tinto<br data-start=\"819\" data-end=\"822\" \/><strong data-start=\"822\" data-end=\"833\" data-is-only-node=\"\">Castas:<\/strong> Baga e Touriga Nacional<br data-start=\"857\" data-end=\"860\" \/><strong data-start=\"860\" data-end=\"872\">Garrafa:<\/strong> 75cl<br data-start=\"877\" data-end=\"880\" \/><strong data-start=\"880\" data-end=\"891\">\u00c1lcool:<\/strong> 12,5%<br data-start=\"897\" data-end=\"900\" \/><strong data-start=\"900\" data-end=\"927\">Temperatura de Servi\u00e7o:<\/strong> 16\u201318\u00baC<\/p>\n","protected":false},"excerpt":{"rendered":"<ul>\n<li><strong data-start=\"727\" data-end=\"740\">Produtor:<\/strong> Quinta das Bageiras<\/li>\n<li><strong data-start=\"763\" data-end=\"774\">Regi\u00e3o:<\/strong> Bairrada, Portugal<\/li>\n<li><strong data-start=\"796\" data-end=\"807\">Estilo:<\/strong> Vinho Tinto<\/li>\n<li><strong data-start=\"822\" data-end=\"833\" data-is-only-node=\"\">Castas:<\/strong> Baga e Touriga Nacional<\/li>\n<li><strong data-start=\"860\" data-end=\"872\">Garrafa:<\/strong> 75cl<\/li>\n<li><strong data-start=\"880\" data-end=\"891\">\u00c1lcool:<\/strong> 12,5%<\/li>\n<li><strong data-start=\"900\" data-end=\"927\">Temperatura de Servi\u00e7o:<\/strong> 16\u201318\u00baC<\/li>\n<\/ul>\n","protected":false},"author":43533,"featured_media":234175,"comment_status":"open","ping_status":"closed","template":"","meta":[],"pwb-brand":[],"product_brand":[],"product_cat":[8289,8291,8431,8449,8723],"product_tag":[9238],"class_list":{"0":"post-212006","1":"product","2":"type-product","3":"status-publish","4":"has-post-thumbnail","6":"product_cat-inicio","7":"product_cat-produtos-portugueses","8":"product_cat-vinhos-pt-pt","9":"product_cat-vinho-tinto","10":"product_cat-bairrada-pt-pt","11":"product_tag-wine-pt-pt","13":"first","14":"instock","15":"taxable","16":"shipping-taxable","17":"purchasable","18":"product-type-simple"},"aioseo_notices":[],"brands":[],"_links":{"self":[{"href":"https:\/\/www.delicias-uk.com\/pt-pt\/wp-json\/wp\/v2\/product\/212006","targetHints":{"allow":["GET"]}}],"collection":[{"href":"https:\/\/www.delicias-uk.com\/pt-pt\/wp-json\/wp\/v2\/product"}],"about":[{"href":"https:\/\/www.delicias-uk.com\/pt-pt\/wp-json\/wp\/v2\/types\/product"}],"author":[{"embeddable":true,"href":"https:\/\/www.delicias-uk.com\/pt-pt\/wp-json\/wp\/v2\/users\/43533"}],"replies":[{"embeddable":true,"href":"https:\/\/www.delicias-uk.com\/pt-pt\/wp-json\/wp\/v2\/comments?post=212006"}],"wp:featuredmedia":[{"embeddable":true,"href":"https:\/\/www.delicias-uk.com\/pt-pt\/wp-json\/wp\/v2\/media\/234175"}],"wp:attachment":[{"href":"https:\/\/www.delicias-uk.com\/pt-pt\/wp-json\/wp\/v2\/media?parent=212006"}],"wp:term":[{"taxonomy":"pwb-brand","embeddable":true,"href":"https:\/\/www.delicias-uk.com\/pt-pt\/wp-json\/wp\/v2\/pwb-brand?post=212006"},{"taxonomy":"product_brand","embeddable":true,"href":"https:\/\/www.delicias-uk.com\/pt-pt\/wp-json\/wp\/v2\/product_brand?post=212006"},{"taxonomy":"product_cat","embeddable":true,"href":"https:\/\/www.delicias-uk.com\/pt-pt\/wp-json\/wp\/v2\/product_cat?post=212006"},{"taxonomy":"product_tag","embeddable":true,"href":"https:\/\/www.delicias-uk.com\/pt-pt\/wp-json\/wp\/v2\/product_tag?post=212006"}],"curies":[{"name":"wp","href":"https:\/\/api.w.org\/{rel}","templated":true}]}}