{"id":211986,"date":"2019-04-26T15:05:53","date_gmt":"2019-04-26T14:05:53","guid":{"rendered":"https:\/\/www.delicias-uk.com\/product\/vinagre-cristal-vinho-branco-65-acidity-pet-250ml\/"},"modified":"2026-04-13T14:47:32","modified_gmt":"2026-04-13T13:47:32","slug":"vinagre-cristal-vinho-branco-65-acidity-pet-250ml","status":"publish","type":"product","link":"https:\/\/www.delicias-uk.com\/pt-pt\/produto\/vinagre-cristal-vinho-branco-65-acidity-pet-250ml\/","title":{"rendered":"Vinagre de Vinho Branco Cristal Pet 250ml"},"content":{"rendered":"<p>O vinagre \u00e9 um condimento utilizado para adicionar sabor e preservar a comida desde a antiguidade. Existem in\u00fameros tipos de vinagre, geralmente nomeados pela subst\u00e2ncia utilizada como base. H\u00e1, tamb\u00e9m, vinagres aromatizados com ervas, flores ou frutas.<\/p>\n","protected":false},"excerpt":{"rendered":"<p>O vinagre \u00e9 um condimento utilizado para adicionar sabor e preservar a comida desde a antiguidade. Existem in\u00fameros tipos de vinagre, geralmente nomeados pela subst\u00e2ncia utilizada como base. H\u00e1, tamb\u00e9m, vinagres aromatizados com ervas, flores ou frutas.<\/p>\n","protected":false},"author":43533,"featured_media":226659,"comment_status":"open","ping_status":"closed","template":"","meta":[],"pwb-brand":[],"product_brand":[],"product_cat":[8289,8291,8403,8559],"product_tag":[],"class_list":{"0":"post-211986","1":"product","2":"type-product","3":"status-publish","4":"has-post-thumbnail","6":"product_cat-inicio","7":"product_cat-produtos-portugueses","8":"product_cat-azeitona-azeite-vinagre","9":"product_cat-vinagre","11":"first","12":"instock","13":"taxable","14":"shipping-taxable","15":"purchasable","16":"product-type-simple"},"aioseo_notices":[],"brands":[],"_links":{"self":[{"href":"https:\/\/www.delicias-uk.com\/pt-pt\/wp-json\/wp\/v2\/product\/211986","targetHints":{"allow":["GET"]}}],"collection":[{"href":"https:\/\/www.delicias-uk.com\/pt-pt\/wp-json\/wp\/v2\/product"}],"about":[{"href":"https:\/\/www.delicias-uk.com\/pt-pt\/wp-json\/wp\/v2\/types\/product"}],"author":[{"embeddable":true,"href":"https:\/\/www.delicias-uk.com\/pt-pt\/wp-json\/wp\/v2\/users\/43533"}],"replies":[{"embeddable":true,"href":"https:\/\/www.delicias-uk.com\/pt-pt\/wp-json\/wp\/v2\/comments?post=211986"}],"wp:featuredmedia":[{"embeddable":true,"href":"https:\/\/www.delicias-uk.com\/pt-pt\/wp-json\/wp\/v2\/media\/226659"}],"wp:attachment":[{"href":"https:\/\/www.delicias-uk.com\/pt-pt\/wp-json\/wp\/v2\/media?parent=211986"}],"wp:term":[{"taxonomy":"pwb-brand","embeddable":true,"href":"https:\/\/www.delicias-uk.com\/pt-pt\/wp-json\/wp\/v2\/pwb-brand?post=211986"},{"taxonomy":"product_brand","embeddable":true,"href":"https:\/\/www.delicias-uk.com\/pt-pt\/wp-json\/wp\/v2\/product_brand?post=211986"},{"taxonomy":"product_cat","embeddable":true,"href":"https:\/\/www.delicias-uk.com\/pt-pt\/wp-json\/wp\/v2\/product_cat?post=211986"},{"taxonomy":"product_tag","embeddable":true,"href":"https:\/\/www.delicias-uk.com\/pt-pt\/wp-json\/wp\/v2\/product_tag?post=211986"}],"curies":[{"name":"wp","href":"https:\/\/api.w.org\/{rel}","templated":true}]}}