{"id":211982,"date":"2019-04-25T15:55:18","date_gmt":"2019-04-25T15:55:18","guid":{"rendered":"https:\/\/www.delicias-uk.com\/product\/queijo-palhais-cabra-rustico-pimentao-metades-320gr\/"},"modified":"2025-11-23T16:29:28","modified_gmt":"2025-11-23T16:29:28","slug":"queijo-palhais-cabra-rustico-pimentao-metades-320gr","status":"publish","type":"product","link":"https:\/\/www.delicias-uk.com\/pt-pt\/produto\/queijo-palhais-cabra-rustico-pimentao-metades-320gr\/","title":{"rendered":"Queijo de Cabra R\u00fastico Com Piment\u00e3o Palhais 320g"},"content":{"rendered":"<p>O queijo palhais r\u00fastico \u00e9 proveniente da queijo saloio, curado, de pasta dura, apresenta-se com formato cil\u00edndrico. Casca fina e uniforme, sem fendas, de cor tijolo escuro. A pasta bem ligada, sem fendas, apresenta uma colora\u00e7\u00e3o branca marfim com alguns olhos distribu\u00eddos de forma irregular. Apresenta um aroma caracter\u00edstico a piment\u00e3o.<\/p>\n","protected":false},"excerpt":{"rendered":"<p>O queijo palhais r\u00fastico \u00e9 proveniente da queijo saloio, curado, de pasta dura, apresenta-se com formato cil\u00edndrico. Casca fina e uniforme, sem fendas, de cor tijolo escuro. A pasta bem ligada, sem fendas, apresenta uma colora\u00e7\u00e3o branca marfim com alguns olhos distribu\u00eddos de forma irregular. Apresenta um aroma caracter\u00edstico a piment\u00e3o.<\/p>\n","protected":false},"author":43533,"featured_media":84944,"comment_status":"open","ping_status":"closed","template":"","meta":[],"pwb-brand":[],"product_brand":[],"product_cat":[9322,9323,8289,8715],"product_tag":[],"class_list":{"0":"post-211982","1":"product","2":"type-product","3":"status-publish","4":"has-post-thumbnail","6":"product_cat-salgados-de-natal","7":"product_cat-selecao-de-queijos","8":"product_cat-inicio","9":"product_cat-cabra-pt-pt","11":"first","12":"outofstock","13":"taxable","14":"shipping-taxable","15":"purchasable","16":"product-type-simple"},"aioseo_notices":[],"brands":[],"_links":{"self":[{"href":"https:\/\/www.delicias-uk.com\/pt-pt\/wp-json\/wp\/v2\/product\/211982","targetHints":{"allow":["GET"]}}],"collection":[{"href":"https:\/\/www.delicias-uk.com\/pt-pt\/wp-json\/wp\/v2\/product"}],"about":[{"href":"https:\/\/www.delicias-uk.com\/pt-pt\/wp-json\/wp\/v2\/types\/product"}],"author":[{"embeddable":true,"href":"https:\/\/www.delicias-uk.com\/pt-pt\/wp-json\/wp\/v2\/users\/43533"}],"replies":[{"embeddable":true,"href":"https:\/\/www.delicias-uk.com\/pt-pt\/wp-json\/wp\/v2\/comments?post=211982"}],"wp:featuredmedia":[{"embeddable":true,"href":"https:\/\/www.delicias-uk.com\/pt-pt\/wp-json\/wp\/v2\/media\/84944"}],"wp:attachment":[{"href":"https:\/\/www.delicias-uk.com\/pt-pt\/wp-json\/wp\/v2\/media?parent=211982"}],"wp:term":[{"taxonomy":"pwb-brand","embeddable":true,"href":"https:\/\/www.delicias-uk.com\/pt-pt\/wp-json\/wp\/v2\/pwb-brand?post=211982"},{"taxonomy":"product_brand","embeddable":true,"href":"https:\/\/www.delicias-uk.com\/pt-pt\/wp-json\/wp\/v2\/product_brand?post=211982"},{"taxonomy":"product_cat","embeddable":true,"href":"https:\/\/www.delicias-uk.com\/pt-pt\/wp-json\/wp\/v2\/product_cat?post=211982"},{"taxonomy":"product_tag","embeddable":true,"href":"https:\/\/www.delicias-uk.com\/pt-pt\/wp-json\/wp\/v2\/product_tag?post=211982"}],"curies":[{"name":"wp","href":"https:\/\/api.w.org\/{rel}","templated":true}]}}