{"id":211946,"date":"2019-03-13T16:31:10","date_gmt":"2019-03-13T16:31:10","guid":{"rendered":"https:\/\/www.delicias-uk.com\/product\/amendoa-vcastro-paris-cone-180gr-2\/"},"modified":"2026-02-25T16:57:10","modified_gmt":"2026-02-25T16:57:10","slug":"amendoa-vcastro-paris-cone-180gr-2","status":"publish","type":"product","link":"https:\/\/www.delicias-uk.com\/pt-pt\/produto\/amendoa-vcastro-paris-cone-180gr-2\/","title":{"rendered":"Am\u00eandoas Paris Vieira 180g"},"content":{"rendered":"<p>As Ic\u00f3nicas am\u00eandoas cobertas com a\u00e7\u00facar. Uma tradi\u00e7\u00e3o de fam\u00edlia, deliciosamente mantida.<\/p>\n","protected":false},"excerpt":{"rendered":"<p>As Ic\u00f3nicas am\u00eandoas cobertas com a\u00e7\u00facar. Uma tradi\u00e7\u00e3o de fam\u00edlia, deliciosamente mantida.<\/p>\n","protected":false},"author":43533,"featured_media":249815,"comment_status":"open","ping_status":"closed","template":"","meta":[],"pwb-brand":[],"product_brand":[],"product_cat":[9182,9188,8289,8591],"product_tag":[],"class_list":{"0":"post-211946","1":"product","2":"type-product","3":"status-publish","4":"has-post-thumbnail","6":"product_cat-natal","7":"product_cat-amendoas","8":"product_cat-inicio","9":"product_cat-nozes-e-frutas-secas","11":"first","12":"outofstock","13":"taxable","14":"shipping-taxable","15":"purchasable","16":"product-type-simple"},"aioseo_notices":[],"brands":[],"_links":{"self":[{"href":"https:\/\/www.delicias-uk.com\/pt-pt\/wp-json\/wp\/v2\/product\/211946","targetHints":{"allow":["GET"]}}],"collection":[{"href":"https:\/\/www.delicias-uk.com\/pt-pt\/wp-json\/wp\/v2\/product"}],"about":[{"href":"https:\/\/www.delicias-uk.com\/pt-pt\/wp-json\/wp\/v2\/types\/product"}],"author":[{"embeddable":true,"href":"https:\/\/www.delicias-uk.com\/pt-pt\/wp-json\/wp\/v2\/users\/43533"}],"replies":[{"embeddable":true,"href":"https:\/\/www.delicias-uk.com\/pt-pt\/wp-json\/wp\/v2\/comments?post=211946"}],"wp:featuredmedia":[{"embeddable":true,"href":"https:\/\/www.delicias-uk.com\/pt-pt\/wp-json\/wp\/v2\/media\/249815"}],"wp:attachment":[{"href":"https:\/\/www.delicias-uk.com\/pt-pt\/wp-json\/wp\/v2\/media?parent=211946"}],"wp:term":[{"taxonomy":"pwb-brand","embeddable":true,"href":"https:\/\/www.delicias-uk.com\/pt-pt\/wp-json\/wp\/v2\/pwb-brand?post=211946"},{"taxonomy":"product_brand","embeddable":true,"href":"https:\/\/www.delicias-uk.com\/pt-pt\/wp-json\/wp\/v2\/product_brand?post=211946"},{"taxonomy":"product_cat","embeddable":true,"href":"https:\/\/www.delicias-uk.com\/pt-pt\/wp-json\/wp\/v2\/product_cat?post=211946"},{"taxonomy":"product_tag","embeddable":true,"href":"https:\/\/www.delicias-uk.com\/pt-pt\/wp-json\/wp\/v2\/product_tag?post=211946"}],"curies":[{"name":"wp","href":"https:\/\/api.w.org\/{rel}","templated":true}]}}