{"id":211910,"date":"2019-02-11T11:42:17","date_gmt":"2019-02-11T11:42:17","guid":{"rendered":"https:\/\/www.delicias-uk.com\/product\/vinegar-cristal-cider-5-acidity-pet-500ml-2\/"},"modified":"2025-10-14T21:54:24","modified_gmt":"2025-10-14T20:54:24","slug":"vinegar-cristal-cider-5-acidity-pet-500ml-2","status":"publish","type":"product","link":"https:\/\/www.delicias-uk.com\/pt-pt\/produto\/vinegar-cristal-cider-5-acidity-pet-500ml-2\/","title":{"rendered":"Vinagre de Sidra Cristal Pet 500ml"},"content":{"rendered":"<p>Confere um requintado aroma e sabor \u00e0s suas saladas, molhos e marinadas. \u00c9 tamb\u00e9m adequado para o tempero de peixe e carne. A ma\u00e7\u00e3 tornou-se conhecida ao longo dos s\u00e9culos pelos seus surpreendentes benef\u00edcios para a sa\u00fade que refor\u00e7am o sistema imunit\u00e1rio do organismo.<\/p>\n","protected":false},"excerpt":{"rendered":"<p>Confere um requintado aroma e sabor \u00e0s suas saladas, molhos e marinadas. \u00c9 tamb\u00e9m adequado para o tempero de peixe e carne. A ma\u00e7\u00e3 tornou-se conhecida ao longo dos s\u00e9culos pelos seus surpreendentes benef\u00edcios para a sa\u00fade que refor\u00e7am o sistema imunit\u00e1rio do organismo.<\/p>\n","protected":false},"author":43533,"featured_media":226655,"comment_status":"open","ping_status":"closed","template":"","meta":[],"pwb-brand":[],"product_brand":[],"product_cat":[8289,8291,8403,8559],"product_tag":[],"class_list":{"0":"post-211910","1":"product","2":"type-product","3":"status-publish","4":"has-post-thumbnail","6":"product_cat-inicio","7":"product_cat-produtos-portugueses","8":"product_cat-azeitona-azeite-vinagre","9":"product_cat-vinagre","11":"first","12":"instock","13":"taxable","14":"shipping-taxable","15":"purchasable","16":"product-type-simple"},"aioseo_notices":[],"brands":[],"_links":{"self":[{"href":"https:\/\/www.delicias-uk.com\/pt-pt\/wp-json\/wp\/v2\/product\/211910","targetHints":{"allow":["GET"]}}],"collection":[{"href":"https:\/\/www.delicias-uk.com\/pt-pt\/wp-json\/wp\/v2\/product"}],"about":[{"href":"https:\/\/www.delicias-uk.com\/pt-pt\/wp-json\/wp\/v2\/types\/product"}],"author":[{"embeddable":true,"href":"https:\/\/www.delicias-uk.com\/pt-pt\/wp-json\/wp\/v2\/users\/43533"}],"replies":[{"embeddable":true,"href":"https:\/\/www.delicias-uk.com\/pt-pt\/wp-json\/wp\/v2\/comments?post=211910"}],"wp:featuredmedia":[{"embeddable":true,"href":"https:\/\/www.delicias-uk.com\/pt-pt\/wp-json\/wp\/v2\/media\/226655"}],"wp:attachment":[{"href":"https:\/\/www.delicias-uk.com\/pt-pt\/wp-json\/wp\/v2\/media?parent=211910"}],"wp:term":[{"taxonomy":"pwb-brand","embeddable":true,"href":"https:\/\/www.delicias-uk.com\/pt-pt\/wp-json\/wp\/v2\/pwb-brand?post=211910"},{"taxonomy":"product_brand","embeddable":true,"href":"https:\/\/www.delicias-uk.com\/pt-pt\/wp-json\/wp\/v2\/product_brand?post=211910"},{"taxonomy":"product_cat","embeddable":true,"href":"https:\/\/www.delicias-uk.com\/pt-pt\/wp-json\/wp\/v2\/product_cat?post=211910"},{"taxonomy":"product_tag","embeddable":true,"href":"https:\/\/www.delicias-uk.com\/pt-pt\/wp-json\/wp\/v2\/product_tag?post=211910"}],"curies":[{"name":"wp","href":"https:\/\/api.w.org\/{rel}","templated":true}]}}