{"id":211908,"date":"2019-02-11T11:36:03","date_gmt":"2019-02-11T11:36:03","guid":{"rendered":"https:\/\/www.delicias-uk.com\/product\/painho-de-alho-de-porco-preto-do-campo-sel-saqueta-300g\/"},"modified":"2025-12-16T17:21:55","modified_gmt":"2025-12-16T17:21:55","slug":"painho-de-alho-de-porco-preto-do-campo-sel-saqueta-300g","status":"publish","type":"product","link":"https:\/\/www.delicias-uk.com\/pt-pt\/produto\/painho-de-alho-de-porco-preto-do-campo-sel-saqueta-300g\/","title":{"rendered":"Painho de Alho de Porco Preto do Campo SEL Saqueta 300g"},"content":{"rendered":"<p>Obtido a partir de carne de porco, sujeito a um processo de cura em c\u00e2maras de humidade e temperatura controlada seguida de fumagem a baixas temperaturas.<\/p>\n<p><strong>Ingredientes<\/strong>: Carne de porco (Origem: UE) (93%), \u00e1gua, sal, alho (3%), conservantes: (nitrito de s\u00f3dio e nitrato de pot\u00e1ssio) e antioxidantes: (\u00e1cido asc\u00f3rbico, ascorbato de s\u00f3dio, citrato de s\u00f3dio )<\/p>\n<p><strong>Alerg\u00e9nios<\/strong>: nenhum.<\/p>\n<p><strong>Informa\u00e7\u00e3o nutricional por 100g:<\/strong><\/p>\n<ul style=\"list-style-type:disc;\">\n<li>Energia 1737 kJ \/ 419 Kcal<\/li>\n<li>L\u00edpidos 35g<\/li>\n<li>dos quais satura 14 g<\/li>\n<li>Hidratos de carbono 0 g<\/li>\n<li>dos quais a\u00e7\u00facares 0 g<\/li>\n<li>Fibra 0g<\/li>\n<li>Prote\u00edna 26g<\/li>\n<li>Sal 4,0 g<\/li>\n<\/ul>\n<p><strong>Pa\u00eds de origem<\/strong>: UE<\/p>\n","protected":false},"excerpt":{"rendered":"<ul style=\"list-style-type:disc;\">\n<li>Peso l\u00edquido 300g<\/li>\n<li>Fonte de prote\u00edna<\/li>\n<li>Temperado com alho<\/li>\n<\/ul>\n","protected":false},"author":43533,"featured_media":84794,"comment_status":"open","ping_status":"closed","template":"","meta":[],"pwb-brand":[],"product_brand":[],"product_cat":[8289,8291,8337,8669,8499],"product_tag":[],"class_list":{"0":"post-211908","1":"product","2":"type-product","3":"status-publish","4":"has-post-thumbnail","6":"product_cat-inicio","7":"product_cat-produtos-portugueses","8":"product_cat-charcutaria","9":"product_cat-paio-outros","10":"product_cat-sem-glutem","12":"first","13":"instock","14":"taxable","15":"shipping-taxable","16":"purchasable","17":"product-type-simple"},"aioseo_notices":[],"brands":[],"_links":{"self":[{"href":"https:\/\/www.delicias-uk.com\/pt-pt\/wp-json\/wp\/v2\/product\/211908","targetHints":{"allow":["GET"]}}],"collection":[{"href":"https:\/\/www.delicias-uk.com\/pt-pt\/wp-json\/wp\/v2\/product"}],"about":[{"href":"https:\/\/www.delicias-uk.com\/pt-pt\/wp-json\/wp\/v2\/types\/product"}],"author":[{"embeddable":true,"href":"https:\/\/www.delicias-uk.com\/pt-pt\/wp-json\/wp\/v2\/users\/43533"}],"replies":[{"embeddable":true,"href":"https:\/\/www.delicias-uk.com\/pt-pt\/wp-json\/wp\/v2\/comments?post=211908"}],"wp:featuredmedia":[{"embeddable":true,"href":"https:\/\/www.delicias-uk.com\/pt-pt\/wp-json\/wp\/v2\/media\/84794"}],"wp:attachment":[{"href":"https:\/\/www.delicias-uk.com\/pt-pt\/wp-json\/wp\/v2\/media?parent=211908"}],"wp:term":[{"taxonomy":"pwb-brand","embeddable":true,"href":"https:\/\/www.delicias-uk.com\/pt-pt\/wp-json\/wp\/v2\/pwb-brand?post=211908"},{"taxonomy":"product_brand","embeddable":true,"href":"https:\/\/www.delicias-uk.com\/pt-pt\/wp-json\/wp\/v2\/product_brand?post=211908"},{"taxonomy":"product_cat","embeddable":true,"href":"https:\/\/www.delicias-uk.com\/pt-pt\/wp-json\/wp\/v2\/product_cat?post=211908"},{"taxonomy":"product_tag","embeddable":true,"href":"https:\/\/www.delicias-uk.com\/pt-pt\/wp-json\/wp\/v2\/product_tag?post=211908"}],"curies":[{"name":"wp","href":"https:\/\/api.w.org\/{rel}","templated":true}]}}