{"id":211906,"date":"2019-02-11T11:34:55","date_gmt":"2019-02-11T11:34:55","guid":{"rendered":"https:\/\/www.delicias-uk.com\/product\/chourico-de-carne-de-porco-preto-do-campo-sel-saqueta-200g\/"},"modified":"2026-05-04T18:20:56","modified_gmt":"2026-05-04T17:20:56","slug":"chourico-de-carne-de-porco-preto-do-campo-sel-saqueta-200g","status":"publish","type":"product","link":"https:\/\/www.delicias-uk.com\/pt-pt\/produto\/chourico-de-carne-de-porco-preto-do-campo-sel-saqueta-200g\/","title":{"rendered":"Chourico de Carne de Porco Preto do Campo SEL Saqueta 200g"},"content":{"rendered":"<p>Selecciona-se a melhor carne e, depois de picada finamente, tempera-se com condimentos tradicionais alentejanos. Apresenta um aroma ativo e persistente e um sabor intenso e ligeiramente salgado. \u00c9 uma pe\u00e7a com uma textura consistente mas muito tenra, um produto 100% tradicional.<\/p>\n<p><strong>Ingredientes<\/strong>: Carne de porco (Origem: UE) (91%), \u00e1gua, sal, pasta de pimenta, alho, conservantes: (nitrito de s\u00f3dio e nitrato de pot\u00e1ssio), antioxidantes: (\u00e1cido asc\u00f3rbico, ascorbato de s\u00f3dio, citrato de s\u00f3dio ). Recheado em tripa natural. Fumado com madeira de azinheira. Cont\u00e9m a\u00e7\u00facares naturalmente presentes.<\/p>\n<p><strong>Alerg\u00e9nios<\/strong>: nenhum<\/p>\n<p><strong>Informa\u00e7\u00e3o nutricional por 100g:<\/strong><\/p>\n<ul style=\"list-style-type:disc;\">\n<li>Energia 1726 kJ \/ 416 Kcal<\/li>\n<li>L\u00edpidos 34,5 g<\/li>\n<li>dos quais satura 13,8 g<\/li>\n<li>Hidratos de carbono 4,9 g<\/li>\n<li>dos quais a\u00e7\u00facares 0,2 g<\/li>\n<li>Fibra 0,1 g<\/li>\n<li>Prote\u00edna 21,4 g<\/li>\n<li>Sal 3,5g<\/li>\n<\/ul>\n<p><strong>Pa\u00eds de origem<\/strong>: UE<\/p>\n","protected":false},"excerpt":{"rendered":"<ul style=\"list-style-type:disc;\">\n<li>Peso l\u00edquido 200g<\/li>\n<li>Fonte de prote\u00edna<\/li>\n<li>Sem gl\u00faten, lactose e a\u00e7\u00facar<\/li>\n<\/ul>\n","protected":false},"author":43533,"featured_media":84787,"comment_status":"open","ping_status":"closed","template":"","meta":[],"pwb-brand":[],"product_brand":[],"product_cat":[8289,8291,8337,8663,8499],"product_tag":[],"class_list":{"0":"post-211906","1":"product","2":"type-product","3":"status-publish","4":"has-post-thumbnail","6":"product_cat-inicio","7":"product_cat-produtos-portugueses","8":"product_cat-charcutaria","9":"product_cat-chourico-e-salsicha","10":"product_cat-sem-glutem","12":"first","13":"instock","14":"taxable","15":"shipping-taxable","16":"purchasable","17":"product-type-simple"},"aioseo_notices":[],"brands":[],"_links":{"self":[{"href":"https:\/\/www.delicias-uk.com\/pt-pt\/wp-json\/wp\/v2\/product\/211906","targetHints":{"allow":["GET"]}}],"collection":[{"href":"https:\/\/www.delicias-uk.com\/pt-pt\/wp-json\/wp\/v2\/product"}],"about":[{"href":"https:\/\/www.delicias-uk.com\/pt-pt\/wp-json\/wp\/v2\/types\/product"}],"author":[{"embeddable":true,"href":"https:\/\/www.delicias-uk.com\/pt-pt\/wp-json\/wp\/v2\/users\/43533"}],"replies":[{"embeddable":true,"href":"https:\/\/www.delicias-uk.com\/pt-pt\/wp-json\/wp\/v2\/comments?post=211906"}],"wp:featuredmedia":[{"embeddable":true,"href":"https:\/\/www.delicias-uk.com\/pt-pt\/wp-json\/wp\/v2\/media\/84787"}],"wp:attachment":[{"href":"https:\/\/www.delicias-uk.com\/pt-pt\/wp-json\/wp\/v2\/media?parent=211906"}],"wp:term":[{"taxonomy":"pwb-brand","embeddable":true,"href":"https:\/\/www.delicias-uk.com\/pt-pt\/wp-json\/wp\/v2\/pwb-brand?post=211906"},{"taxonomy":"product_brand","embeddable":true,"href":"https:\/\/www.delicias-uk.com\/pt-pt\/wp-json\/wp\/v2\/product_brand?post=211906"},{"taxonomy":"product_cat","embeddable":true,"href":"https:\/\/www.delicias-uk.com\/pt-pt\/wp-json\/wp\/v2\/product_cat?post=211906"},{"taxonomy":"product_tag","embeddable":true,"href":"https:\/\/www.delicias-uk.com\/pt-pt\/wp-json\/wp\/v2\/product_tag?post=211906"}],"curies":[{"name":"wp","href":"https:\/\/api.w.org\/{rel}","templated":true}]}}