{"id":211878,"date":"2019-02-08T18:12:16","date_gmt":"2019-02-08T18:12:16","guid":{"rendered":"https:\/\/www.delicias-uk.com\/product\/filetes-de-atum-em-azeite-biologico-jupiter-120g\/"},"modified":"2019-02-08T18:12:16","modified_gmt":"2019-02-08T18:12:16","slug":"filetes-de-atum-em-azeite-biologico-jupiter-120g","status":"publish","type":"product","link":"https:\/\/www.delicias-uk.com\/pt-pt\/produto\/filetes-de-atum-em-azeite-biologico-jupiter-120g\/","title":{"rendered":"Filetes de Atum em Azeite Biol\u00f3gico Jupiter 120g"},"content":{"rendered":"<p>Como entrada ou at\u00e9 como refei\u00e7\u00e3o, em uma torrada, em um sandu\u00edche, em um prato gourmet, em uma salada de ver\u00e3o, \u00e9 um produto vers\u00e1til, muito saboroso e uma sugest\u00e3o nutricionalmente equilibrada. Os filetes de atum de J\u00fapiter no azeite org\u00e2nico demonstram ser uma excelente fonte de prote\u00edna e uma maneira criativa de aumentar o consumo de peixe.<\/p>\n","protected":false},"excerpt":{"rendered":"<ul style=\"list-style-type:disc;\">\n<li>Peso l\u00edquido 120g<\/li>\n<li>Fonte de prote\u00edna e omega3<\/li>\n<li>Pronto para usar<\/li>\n<li>Produto Portugu\u00eas<\/li>\n<\/ul>\n","protected":false},"author":43533,"featured_media":84736,"comment_status":"open","ping_status":"closed","template":"","meta":[],"pwb-brand":[],"product_brand":[],"product_cat":[9325,8289,8291,8411,8555],"product_tag":[],"class_list":{"0":"post-211878","1":"product","2":"type-product","3":"status-publish","4":"has-post-thumbnail","6":"product_cat-pickles-conservas","7":"product_cat-inicio","8":"product_cat-produtos-portugueses","9":"product_cat-conservas","10":"product_cat-atum","12":"first","13":"outofstock","14":"taxable","15":"shipping-taxable","16":"purchasable","17":"product-type-simple"},"aioseo_notices":[],"brands":[],"_links":{"self":[{"href":"https:\/\/www.delicias-uk.com\/pt-pt\/wp-json\/wp\/v2\/product\/211878","targetHints":{"allow":["GET"]}}],"collection":[{"href":"https:\/\/www.delicias-uk.com\/pt-pt\/wp-json\/wp\/v2\/product"}],"about":[{"href":"https:\/\/www.delicias-uk.com\/pt-pt\/wp-json\/wp\/v2\/types\/product"}],"author":[{"embeddable":true,"href":"https:\/\/www.delicias-uk.com\/pt-pt\/wp-json\/wp\/v2\/users\/43533"}],"replies":[{"embeddable":true,"href":"https:\/\/www.delicias-uk.com\/pt-pt\/wp-json\/wp\/v2\/comments?post=211878"}],"wp:featuredmedia":[{"embeddable":true,"href":"https:\/\/www.delicias-uk.com\/pt-pt\/wp-json\/wp\/v2\/media\/84736"}],"wp:attachment":[{"href":"https:\/\/www.delicias-uk.com\/pt-pt\/wp-json\/wp\/v2\/media?parent=211878"}],"wp:term":[{"taxonomy":"pwb-brand","embeddable":true,"href":"https:\/\/www.delicias-uk.com\/pt-pt\/wp-json\/wp\/v2\/pwb-brand?post=211878"},{"taxonomy":"product_brand","embeddable":true,"href":"https:\/\/www.delicias-uk.com\/pt-pt\/wp-json\/wp\/v2\/product_brand?post=211878"},{"taxonomy":"product_cat","embeddable":true,"href":"https:\/\/www.delicias-uk.com\/pt-pt\/wp-json\/wp\/v2\/product_cat?post=211878"},{"taxonomy":"product_tag","embeddable":true,"href":"https:\/\/www.delicias-uk.com\/pt-pt\/wp-json\/wp\/v2\/product_tag?post=211878"}],"curies":[{"name":"wp","href":"https:\/\/api.w.org\/{rel}","templated":true}]}}