{"id":211876,"date":"2019-02-08T18:10:47","date_gmt":"2019-02-08T18:10:47","guid":{"rendered":"https:\/\/www.delicias-uk.com\/product\/camil-feijao-bolinha-500g\/"},"modified":"2026-04-20T22:12:04","modified_gmt":"2026-04-20T21:12:04","slug":"camil-feijao-bolinha-500g","status":"publish","type":"product","link":"https:\/\/www.delicias-uk.com\/pt-pt\/produto\/camil-feijao-bolinha-500g\/","title":{"rendered":"Feij\u00e3o Bolinha Camil 500g"},"content":{"rendered":"<p>Voc\u00ea sabia que o feij\u00e3o bolinha foi introduzido no Brasil atrav\u00e9s dos colonizadores portugueses que consumiam esse tipo de feij\u00e3o em sua terra natal? \u00c9 uma heran\u00e7a portuguesa que pode fazer cada vez mais parte do dia a dia da sua fam\u00edlia.<\/p>\n<p>Com formato arredondado e cor verde-amarelada, possui consist\u00eancia macia e \u00e9 muito utilizado em sopas e saladas, agradando a todos os paladares.<\/p>\n<p>Como outras variedades de feij\u00e3o, o feij\u00e3o &#8220;bolinha&#8221; \u00e9 rico em ferro, um mineral importante na preven\u00e7\u00e3o contra a anemia. \u00c9 apontado com um grande aliado no combate aos n\u00edveis altos de colesterol no sangue, que pode trazer riscos a sa\u00fade do cora\u00e7\u00e3o.<\/p>\n<p>____________________________________________________________________________________________________________________________________________________________<\/p>\n<p><strong>RECEITA B\u00c1SICA<\/strong><\/p>\n<p>1) Em uma panela de press\u00e3o, adicione 1 x\u00edcara (ch\u00e1) de Feij\u00e3o Bolinha CAMIL e 6 x\u00edcaras (ch\u00e1) de \u00e1gua.\u00a0<\/p>\n<p>2) Tampe a panela e cozinhe em fogo m\u00e9dio por 25 a 35 minutos contados a partir do in\u00edcio da press\u00e3o.\u00a0<\/p>\n<p>3) Desligue o fogo e aguarde sair toda a press\u00e3o antes de abrir a panela. Reserve.\u00a0<\/p>\n<p>4) Em outra panela, aque\u00e7a em fogo m\u00e9dio 1 colher (sopa) de \u00f3leo e refogue 1 cebola pequena ou os temperos de sua prefer\u00eancia.\u00a0<\/p>\n<p>5) Adicione 1 concha do Feij\u00e3o Bolinha CAMIL cozido e amasse os gr\u00e3os com as costas da concha.\u00a0\u00a0<\/p>\n<p>6) Em seguida, adicione todo o Feij\u00e3o Bolinha CAMIL cozido e 1 colher (ch\u00e1) de sal e cozinhe por 10 minutos ou at\u00e9 engrossar o caldo.\u00a0<\/p>\n<\/p>\n<p><strong>Rendimento:<\/strong> 4 por\u00e7\u00f5es\u00a0\u00a0<\/p>\n<p><strong>Tempo de preparo:<\/strong>\u00a0 50 minutos\u00a0<\/p>\n<p><strong>DICA:<\/strong>\u00a0Para cozinhar mais r\u00e1pido, deixe o feij\u00e3o Bolinha CAMIL de molho na v\u00e9spera. Descarte a \u00e1gua do molho e cozinhe com 4 x\u00edcaras (ch\u00e1) de \u00e1gua por 10 minutos, a partir do in\u00edcio da press\u00e3o.\u00a0<\/p>\n","protected":false},"excerpt":{"rendered":"<p>\u2022 Embalagem de 500g<\/p>\n<p>\u2022 Feij\u00e3o tipo &#8220;Bolinha&#8221;<\/p>\n<p>\u2022 Gr\u00e3o premium<\/p>\n<p>\u2022 Fonte de fibra e ferro<\/p>\n<p>\u2022 Fabricado no Brasil pela Camil<\/p><\/p>\n","protected":false},"author":43533,"featured_media":84732,"comment_status":"open","ping_status":"closed","template":"","meta":[],"pwb-brand":[],"product_brand":[],"product_cat":[8289,8293,8401,8483,8709],"product_tag":[],"class_list":{"0":"post-211876","1":"product","2":"type-product","3":"status-publish","4":"has-post-thumbnail","6":"product_cat-inicio","7":"product_cat-produtos-brasileiros","8":"product_cat-mercearia-pt-pt","9":"product_cat-feijao-arroz","10":"product_cat-feijao-pt-pt","12":"first","13":"instock","14":"taxable","15":"shipping-taxable","16":"purchasable","17":"product-type-simple"},"aioseo_notices":[],"brands":[],"_links":{"self":[{"href":"https:\/\/www.delicias-uk.com\/pt-pt\/wp-json\/wp\/v2\/product\/211876","targetHints":{"allow":["GET"]}}],"collection":[{"href":"https:\/\/www.delicias-uk.com\/pt-pt\/wp-json\/wp\/v2\/product"}],"about":[{"href":"https:\/\/www.delicias-uk.com\/pt-pt\/wp-json\/wp\/v2\/types\/product"}],"author":[{"embeddable":true,"href":"https:\/\/www.delicias-uk.com\/pt-pt\/wp-json\/wp\/v2\/users\/43533"}],"replies":[{"embeddable":true,"href":"https:\/\/www.delicias-uk.com\/pt-pt\/wp-json\/wp\/v2\/comments?post=211876"}],"wp:featuredmedia":[{"embeddable":true,"href":"https:\/\/www.delicias-uk.com\/pt-pt\/wp-json\/wp\/v2\/media\/84732"}],"wp:attachment":[{"href":"https:\/\/www.delicias-uk.com\/pt-pt\/wp-json\/wp\/v2\/media?parent=211876"}],"wp:term":[{"taxonomy":"pwb-brand","embeddable":true,"href":"https:\/\/www.delicias-uk.com\/pt-pt\/wp-json\/wp\/v2\/pwb-brand?post=211876"},{"taxonomy":"product_brand","embeddable":true,"href":"https:\/\/www.delicias-uk.com\/pt-pt\/wp-json\/wp\/v2\/product_brand?post=211876"},{"taxonomy":"product_cat","embeddable":true,"href":"https:\/\/www.delicias-uk.com\/pt-pt\/wp-json\/wp\/v2\/product_cat?post=211876"},{"taxonomy":"product_tag","embeddable":true,"href":"https:\/\/www.delicias-uk.com\/pt-pt\/wp-json\/wp\/v2\/product_tag?post=211876"}],"curies":[{"name":"wp","href":"https:\/\/api.w.org\/{rel}","templated":true}]}}