{"id":211856,"date":"2018-12-04T16:34:50","date_gmt":"2018-12-04T16:34:50","guid":{"rendered":"https:\/\/www.delicias-uk.com\/product\/pao-de-lo-artesanal-flor-do-vouga-700gr-2\/"},"modified":"2025-11-28T06:52:24","modified_gmt":"2025-11-28T06:52:24","slug":"pao-de-lo-artesanal-flor-do-vouga-700gr-2","status":"publish","type":"product","link":"https:\/\/www.delicias-uk.com\/pt-pt\/produto\/pao-de-lo-artesanal-flor-do-vouga-700gr-2\/","title":{"rendered":"Pao De Lo Artesanal Flor Do Vouga 700G"},"content":{"rendered":"<p style=\"margin-top:0pt;margin-bottom:0pt;margin-left:0in;vertical-align:baseline;\"><span style=\"font-size:12pt;font-family:Calibri;\">Produto Congelado. Ser\u00e1 descongelado antes do envio.<\/span><\/p>\n<p style=\"margin-top:0pt;margin-bottom:0pt;margin-left:0in;vertical-align:baseline;\">\n<p style=\"margin-top:0pt;margin-bottom:0pt;margin-left:0in;vertical-align:baseline;\"><span style=\"font-size:12pt;font-family:Calibri;color:#202124;vertical-align:baseline;\">O P\u00e3o de L\u00f3 est\u00e1 presente na cozinha portuguesa pelo menos desde o s\u00e9culo XVIII. Sua receita \u00e9 simples, no sentido de que possui apenas 3 ingredientes: ovos, a\u00e7\u00facar e farinha. Bolo de Leve, cremoso e fofo.\u00a0<\/span><\/p>\n<p style=\"margin-top:0pt;margin-bottom:0pt;margin-left:0in;vertical-align:baseline;\"><span style=\"font-size:12pt;font-family:Calibri;color:#202124;vertical-align:baseline;\">\u00a0Ingredientes: Ovos, a\u00e7\u00facar, farinha de trigo e sal. Pode conter vest\u00edgios de nozes, soja, leite e sulfitos<\/span><\/p>\n","protected":false},"excerpt":{"rendered":"<p style=\"background:#FFFFFF;margin:0cm 0cm 11.25pt 0cm;\"><span lang=\"pt\" style=\"font-size:11pt;font-family:Calibri, sans-serif;color:#000000;\" xml:lang=\"pt\">. Pao de Lo Artesanal<\/span><\/p>\n<p style=\"background:#FFFFFF;margin:0cm 0cm 11.25pt 0cm;\"><span lang=\"pt\" style=\"font-size:11pt;font-family:Calibri, sans-serif;color:#000000;\" xml:lang=\"pt\">. Produto Congelado (ser\u00e1 descongelado antes do envio)<\/span><span lang=\"pt\" style=\"font-size:11pt;font-family:Calibri, sans-serif;\" xml:lang=\"pt\"><\/span><\/p>\n<p style=\"margin-top:0px;margin-bottom:0px;color:#7a7a7a;font-family:Poppins, Helvetica, Arial, 'sans-serif';font-size:14px;background-color:#ffffff;\"><span lang=\"pt\" style=\"font-size:11pt;font-family:Calibri, sans-serif;color:#000000;\" xml:lang=\"pt\">. Flor do Vouga<\/span><span lang=\"pt\" style=\"font-size:11pt;font-family:Calibri, sans-serif;\" xml:lang=\"pt\"><\/span><\/p><\/p>\n","protected":false},"author":43533,"featured_media":84694,"comment_status":"open","ping_status":"closed","template":"","meta":[],"pwb-brand":[],"product_brand":[],"product_cat":[9313,8289,8305,8399],"product_tag":[],"class_list":{"0":"post-211856","1":"product","2":"type-product","3":"status-publish","4":"has-post-thumbnail","6":"product_cat-bolos-de-natal","7":"product_cat-inicio","8":"product_cat-produtos-congelados","9":"product_cat-pastelaria-congelada","11":"first","12":"instock","13":"taxable","14":"shipping-taxable","15":"purchasable","16":"product-type-simple"},"aioseo_notices":[],"brands":[],"_links":{"self":[{"href":"https:\/\/www.delicias-uk.com\/pt-pt\/wp-json\/wp\/v2\/product\/211856","targetHints":{"allow":["GET"]}}],"collection":[{"href":"https:\/\/www.delicias-uk.com\/pt-pt\/wp-json\/wp\/v2\/product"}],"about":[{"href":"https:\/\/www.delicias-uk.com\/pt-pt\/wp-json\/wp\/v2\/types\/product"}],"author":[{"embeddable":true,"href":"https:\/\/www.delicias-uk.com\/pt-pt\/wp-json\/wp\/v2\/users\/43533"}],"replies":[{"embeddable":true,"href":"https:\/\/www.delicias-uk.com\/pt-pt\/wp-json\/wp\/v2\/comments?post=211856"}],"wp:featuredmedia":[{"embeddable":true,"href":"https:\/\/www.delicias-uk.com\/pt-pt\/wp-json\/wp\/v2\/media\/84694"}],"wp:attachment":[{"href":"https:\/\/www.delicias-uk.com\/pt-pt\/wp-json\/wp\/v2\/media?parent=211856"}],"wp:term":[{"taxonomy":"pwb-brand","embeddable":true,"href":"https:\/\/www.delicias-uk.com\/pt-pt\/wp-json\/wp\/v2\/pwb-brand?post=211856"},{"taxonomy":"product_brand","embeddable":true,"href":"https:\/\/www.delicias-uk.com\/pt-pt\/wp-json\/wp\/v2\/product_brand?post=211856"},{"taxonomy":"product_cat","embeddable":true,"href":"https:\/\/www.delicias-uk.com\/pt-pt\/wp-json\/wp\/v2\/product_cat?post=211856"},{"taxonomy":"product_tag","embeddable":true,"href":"https:\/\/www.delicias-uk.com\/pt-pt\/wp-json\/wp\/v2\/product_tag?post=211856"}],"curies":[{"name":"wp","href":"https:\/\/api.w.org\/{rel}","templated":true}]}}