{"id":211852,"date":"2018-12-04T16:29:43","date_gmt":"2018-12-04T16:29:43","guid":{"rendered":"https:\/\/www.delicias-uk.com\/product\/bolo-rei-de-gila-flor-do-vouga-750gr-2\/"},"modified":"2025-12-22T14:00:20","modified_gmt":"2025-12-22T14:00:20","slug":"bolo-rei-de-gila-flor-do-vouga-750gr-2","status":"publish","type":"product","link":"https:\/\/www.delicias-uk.com\/pt-pt\/produto\/bolo-rei-de-gila-flor-do-vouga-750gr-2\/","title":{"rendered":"Bolo Rei De Gila Flor Do Vouga 750G"},"content":{"rendered":"<p>O Bolo Rei Gila feito inteiramente \u00e0 m\u00e3o segundo receitas tradicionais em forma de coroa. Usando massa l\u00eaveda rica, fruta caramelizada e frutos secos. Produto Congelado. Ser\u00e1 descongelado antes do envio.<\/p>\n<p>Ingredientes: farinha de trigo, a\u00e7\u00facar, \u00e1gua, ovos, fermento, margarina, sal, frutas cristalizadas, sultanas, am\u00eandoas, nozes, pinh\u00e3o, vinho do porto, anis, baunilha e canela, entre outros.<\/p><\/p>\n","protected":false},"excerpt":{"rendered":"<ul style=\"list-style-type:disc;\">\n<li>Bolo Rei Gila<\/li>\n<li>Marca: Flor do Vouga<\/li>\n<li>Tamanho: 750g<\/li>\n<\/ul>\n","protected":false},"author":43533,"featured_media":84687,"comment_status":"open","ping_status":"closed","template":"","meta":[],"pwb-brand":[],"product_brand":[],"product_cat":[9313,8289],"product_tag":[],"class_list":{"0":"post-211852","1":"product","2":"type-product","3":"status-publish","4":"has-post-thumbnail","6":"product_cat-bolos-de-natal","7":"product_cat-inicio","9":"first","10":"outofstock","11":"taxable","12":"shipping-taxable","13":"purchasable","14":"product-type-simple"},"aioseo_notices":[],"brands":[],"_links":{"self":[{"href":"https:\/\/www.delicias-uk.com\/pt-pt\/wp-json\/wp\/v2\/product\/211852","targetHints":{"allow":["GET"]}}],"collection":[{"href":"https:\/\/www.delicias-uk.com\/pt-pt\/wp-json\/wp\/v2\/product"}],"about":[{"href":"https:\/\/www.delicias-uk.com\/pt-pt\/wp-json\/wp\/v2\/types\/product"}],"author":[{"embeddable":true,"href":"https:\/\/www.delicias-uk.com\/pt-pt\/wp-json\/wp\/v2\/users\/43533"}],"replies":[{"embeddable":true,"href":"https:\/\/www.delicias-uk.com\/pt-pt\/wp-json\/wp\/v2\/comments?post=211852"}],"wp:featuredmedia":[{"embeddable":true,"href":"https:\/\/www.delicias-uk.com\/pt-pt\/wp-json\/wp\/v2\/media\/84687"}],"wp:attachment":[{"href":"https:\/\/www.delicias-uk.com\/pt-pt\/wp-json\/wp\/v2\/media?parent=211852"}],"wp:term":[{"taxonomy":"pwb-brand","embeddable":true,"href":"https:\/\/www.delicias-uk.com\/pt-pt\/wp-json\/wp\/v2\/pwb-brand?post=211852"},{"taxonomy":"product_brand","embeddable":true,"href":"https:\/\/www.delicias-uk.com\/pt-pt\/wp-json\/wp\/v2\/product_brand?post=211852"},{"taxonomy":"product_cat","embeddable":true,"href":"https:\/\/www.delicias-uk.com\/pt-pt\/wp-json\/wp\/v2\/product_cat?post=211852"},{"taxonomy":"product_tag","embeddable":true,"href":"https:\/\/www.delicias-uk.com\/pt-pt\/wp-json\/wp\/v2\/product_tag?post=211852"}],"curies":[{"name":"wp","href":"https:\/\/api.w.org\/{rel}","templated":true}]}}