{"id":211844,"date":"2018-12-04T16:17:36","date_gmt":"2018-12-04T16:17:36","guid":{"rendered":"https:\/\/www.delicias-uk.com\/product\/bolo-ingles-flor-do-vouga-750gr-2\/"},"modified":"2025-02-06T17:14:15","modified_gmt":"2025-02-06T17:14:15","slug":"bolo-ingles-flor-do-vouga-750gr-2","status":"publish","type":"product","link":"https:\/\/www.delicias-uk.com\/pt-pt\/produto\/bolo-ingles-flor-do-vouga-750gr-2\/","title":{"rendered":"Bolo Ingl\u00eas Congelado Flor do Vouga 750g"},"content":{"rendered":"<p style=\"margin-top:0pt;margin-bottom:0pt;margin-left:0in;text-align:left;\"><span style=\"font-size:12pt;font-family:Calibri;color:#000000;font-weight:normal;font-style:normal;\">Produto Congelado. Ser\u00e1 descongelado antes do envio.<\/span><\/p>\n<p style=\"margin-top:0pt;margin-bottom:0pt;margin-left:0in;text-align:left;\"><span style=\"font-size:12pt;font-family:Calibri;color:#000000;\">O Bolo Ingles feito inteiramente \u00e0 m\u00e3o segundo receitas tradicionais usando massa l\u00eaveda rica e uma enorme quantidade de <\/span><span style=\"font-size:12pt;font-family:Calibri;color:#000000;\">frutas<\/span><span style=\"font-size:12pt;font-family:Calibri;color:#000000;\"> <\/span><span style=\"font-size:12pt;font-family:Calibri;color:#000000;\">caramelizadas<\/span><span style=\"font-size:12pt;font-family:Calibri;color:#000000;\">.<\/span><\/p>\n<p style=\"margin-top:0pt;margin-bottom:0pt;margin-left:0in;text-align:left;\"><span style=\"font-size:12pt;font-family:Calibri;color:#000000;\"><br \/><\/span><span style=\"font-size:12pt;font-family:Calibri;color:#202124;font-weight:normal;font-style:normal;\">Ingredientes: Farinha de Trigo, A\u00e7\u00facar, Amido de Trigo (gl\u00faten), Leite, Ovo em P\u00f3, Gordura Vegetal, Agentes Levantadores Fruta Picada e Gel\u00e9ia de Am\u00eandoa e outros.<\/span><\/p>\n","protected":false},"excerpt":{"rendered":"<p>Produto Congelado. Ser\u00e1 descongelado antes do envio. O Bolo Ingles feito inteiramente \u00e0 m\u00e3o segundo receitas tradicionais usando massa l\u00eaveda rica e uma enorme quantidade de frutas caramelizadas. Ingredientes: Farinha de Trigo, A\u00e7\u00facar, Amido de Trigo (gl\u00faten), Leite, Ovo em P\u00f3, Gordura Vegetal, Agentes Levantadores Fruta Picada e Gel\u00e9ia de Am\u00eandoa e outros.<\/p>\n","protected":false},"author":43533,"featured_media":84670,"comment_status":"open","ping_status":"closed","template":"","meta":[],"pwb-brand":[],"product_brand":[],"product_cat":[9313,8289],"product_tag":[],"class_list":{"0":"post-211844","1":"product","2":"type-product","3":"status-publish","4":"has-post-thumbnail","6":"product_cat-bolos-de-natal","7":"product_cat-inicio","9":"first","10":"outofstock","11":"taxable","12":"shipping-taxable","13":"purchasable","14":"product-type-simple"},"aioseo_notices":[],"brands":[],"_links":{"self":[{"href":"https:\/\/www.delicias-uk.com\/pt-pt\/wp-json\/wp\/v2\/product\/211844","targetHints":{"allow":["GET"]}}],"collection":[{"href":"https:\/\/www.delicias-uk.com\/pt-pt\/wp-json\/wp\/v2\/product"}],"about":[{"href":"https:\/\/www.delicias-uk.com\/pt-pt\/wp-json\/wp\/v2\/types\/product"}],"author":[{"embeddable":true,"href":"https:\/\/www.delicias-uk.com\/pt-pt\/wp-json\/wp\/v2\/users\/43533"}],"replies":[{"embeddable":true,"href":"https:\/\/www.delicias-uk.com\/pt-pt\/wp-json\/wp\/v2\/comments?post=211844"}],"wp:featuredmedia":[{"embeddable":true,"href":"https:\/\/www.delicias-uk.com\/pt-pt\/wp-json\/wp\/v2\/media\/84670"}],"wp:attachment":[{"href":"https:\/\/www.delicias-uk.com\/pt-pt\/wp-json\/wp\/v2\/media?parent=211844"}],"wp:term":[{"taxonomy":"pwb-brand","embeddable":true,"href":"https:\/\/www.delicias-uk.com\/pt-pt\/wp-json\/wp\/v2\/pwb-brand?post=211844"},{"taxonomy":"product_brand","embeddable":true,"href":"https:\/\/www.delicias-uk.com\/pt-pt\/wp-json\/wp\/v2\/product_brand?post=211844"},{"taxonomy":"product_cat","embeddable":true,"href":"https:\/\/www.delicias-uk.com\/pt-pt\/wp-json\/wp\/v2\/product_cat?post=211844"},{"taxonomy":"product_tag","embeddable":true,"href":"https:\/\/www.delicias-uk.com\/pt-pt\/wp-json\/wp\/v2\/product_tag?post=211844"}],"curies":[{"name":"wp","href":"https:\/\/api.w.org\/{rel}","templated":true}]}}