{"id":211840,"date":"2018-11-30T18:47:21","date_gmt":"2018-11-30T18:47:21","guid":{"rendered":"https:\/\/www.delicias-uk.com\/product\/prisca-bio-tomato-jam-sugar-free-240gr-2\/"},"modified":"2026-02-06T18:01:43","modified_gmt":"2026-02-06T18:01:43","slug":"prisca-bio-tomato-jam-sugar-free-240gr-2","status":"publish","type":"product","link":"https:\/\/www.delicias-uk.com\/pt-pt\/produto\/prisca-bio-tomato-jam-sugar-free-240gr-2\/","title":{"rendered":"Compota de Tomate Sem Adi\u00e7\u00e3o de A\u00e7\u00facar Prisca Bio 240g"},"content":{"rendered":"<p>O melhor doce de Tomate criado pela natureza, 100% natural e sem adi\u00e7\u00e3o de a\u00e7ucar, de sabor humilde e doce. Utilize-o como uma sofisticada compota nas suas refei\u00e7\u00f5es di\u00e1rias ou para criar deliciosos molhos e coberturas para sobremesas.<\/p>\n","protected":false},"excerpt":{"rendered":"<p>O melhor doce de Tomate criado pela natureza, 100% natural e sem adi\u00e7\u00e3o de a\u00e7ucar, de sabor humilde e doce. Utilize-o como uma sofisticada compota nas suas refei\u00e7\u00f5es di\u00e1rias ou para criar deliciosos molhos e coberturas para sobremesas.<\/p>\n","protected":false},"author":43533,"featured_media":84662,"comment_status":"open","ping_status":"closed","template":"","meta":[],"pwb-brand":[],"product_brand":[],"product_cat":[8705],"product_tag":[],"class_list":{"0":"post-211840","1":"product","2":"type-product","3":"status-publish","4":"has-post-thumbnail","6":"product_cat-compotas","8":"first","9":"instock","10":"taxable","11":"shipping-taxable","12":"purchasable","13":"product-type-simple"},"aioseo_notices":[],"brands":[],"_links":{"self":[{"href":"https:\/\/www.delicias-uk.com\/pt-pt\/wp-json\/wp\/v2\/product\/211840","targetHints":{"allow":["GET"]}}],"collection":[{"href":"https:\/\/www.delicias-uk.com\/pt-pt\/wp-json\/wp\/v2\/product"}],"about":[{"href":"https:\/\/www.delicias-uk.com\/pt-pt\/wp-json\/wp\/v2\/types\/product"}],"author":[{"embeddable":true,"href":"https:\/\/www.delicias-uk.com\/pt-pt\/wp-json\/wp\/v2\/users\/43533"}],"replies":[{"embeddable":true,"href":"https:\/\/www.delicias-uk.com\/pt-pt\/wp-json\/wp\/v2\/comments?post=211840"}],"wp:featuredmedia":[{"embeddable":true,"href":"https:\/\/www.delicias-uk.com\/pt-pt\/wp-json\/wp\/v2\/media\/84662"}],"wp:attachment":[{"href":"https:\/\/www.delicias-uk.com\/pt-pt\/wp-json\/wp\/v2\/media?parent=211840"}],"wp:term":[{"taxonomy":"pwb-brand","embeddable":true,"href":"https:\/\/www.delicias-uk.com\/pt-pt\/wp-json\/wp\/v2\/pwb-brand?post=211840"},{"taxonomy":"product_brand","embeddable":true,"href":"https:\/\/www.delicias-uk.com\/pt-pt\/wp-json\/wp\/v2\/product_brand?post=211840"},{"taxonomy":"product_cat","embeddable":true,"href":"https:\/\/www.delicias-uk.com\/pt-pt\/wp-json\/wp\/v2\/product_cat?post=211840"},{"taxonomy":"product_tag","embeddable":true,"href":"https:\/\/www.delicias-uk.com\/pt-pt\/wp-json\/wp\/v2\/product_tag?post=211840"}],"curies":[{"name":"wp","href":"https:\/\/api.w.org\/{rel}","templated":true}]}}