{"id":211836,"date":"2018-11-30T18:43:55","date_gmt":"2018-11-30T18:43:55","guid":{"rendered":"https:\/\/www.delicias-uk.com\/product\/prisca-bio-pumpikin-jam-sugar-free-240gr-2\/"},"modified":"2025-12-30T23:25:39","modified_gmt":"2025-12-30T23:25:39","slug":"prisca-bio-pumpikin-jam-sugar-free-240gr-2","status":"publish","type":"product","link":"https:\/\/www.delicias-uk.com\/pt-pt\/produto\/prisca-bio-pumpikin-jam-sugar-free-240gr-2\/","title":{"rendered":"Compota de Ab\u00f3bora Sem Adi\u00e7\u00e3o de A\u00e7\u00facar Prisca Bio 240g"},"content":{"rendered":"<p>O melhor doce de Ab\u00f3bora criado pela natureza, 100% natural e sem adi\u00e7\u00e3o de a\u00e7ucar, de sabor quente e doce. Utilize-o como uma sofisticada compota nas suas refei\u00e7\u00f5es di\u00e1rias ou para criar deliciosos molhos e coberturas para sobremesas e at\u00e9 para misturar com pat\u00ea em sandu\u00edches gourmet.<\/p>\n","protected":false},"excerpt":{"rendered":"<p>O melhor doce de Ab\u00f3bora criado pela natureza, 100% natural e sem adi\u00e7\u00e3o de a\u00e7ucar, de sabor quente e doce. Utilize-o como uma sofisticada compota nas suas refei\u00e7\u00f5es di\u00e1rias ou para criar deliciosos molhos e coberturas para sobremesas e at\u00e9 para misturar com pat\u00ea em sandu\u00edches gourmet.<\/p>\n","protected":false},"author":43533,"featured_media":84654,"comment_status":"open","ping_status":"closed","template":"","meta":[],"pwb-brand":[],"product_brand":[],"product_cat":[8705],"product_tag":[],"class_list":{"0":"post-211836","1":"product","2":"type-product","3":"status-publish","4":"has-post-thumbnail","6":"product_cat-compotas","8":"first","9":"outofstock","10":"taxable","11":"shipping-taxable","12":"purchasable","13":"product-type-simple"},"aioseo_notices":[],"brands":[],"_links":{"self":[{"href":"https:\/\/www.delicias-uk.com\/pt-pt\/wp-json\/wp\/v2\/product\/211836","targetHints":{"allow":["GET"]}}],"collection":[{"href":"https:\/\/www.delicias-uk.com\/pt-pt\/wp-json\/wp\/v2\/product"}],"about":[{"href":"https:\/\/www.delicias-uk.com\/pt-pt\/wp-json\/wp\/v2\/types\/product"}],"author":[{"embeddable":true,"href":"https:\/\/www.delicias-uk.com\/pt-pt\/wp-json\/wp\/v2\/users\/43533"}],"replies":[{"embeddable":true,"href":"https:\/\/www.delicias-uk.com\/pt-pt\/wp-json\/wp\/v2\/comments?post=211836"}],"wp:featuredmedia":[{"embeddable":true,"href":"https:\/\/www.delicias-uk.com\/pt-pt\/wp-json\/wp\/v2\/media\/84654"}],"wp:attachment":[{"href":"https:\/\/www.delicias-uk.com\/pt-pt\/wp-json\/wp\/v2\/media?parent=211836"}],"wp:term":[{"taxonomy":"pwb-brand","embeddable":true,"href":"https:\/\/www.delicias-uk.com\/pt-pt\/wp-json\/wp\/v2\/pwb-brand?post=211836"},{"taxonomy":"product_brand","embeddable":true,"href":"https:\/\/www.delicias-uk.com\/pt-pt\/wp-json\/wp\/v2\/product_brand?post=211836"},{"taxonomy":"product_cat","embeddable":true,"href":"https:\/\/www.delicias-uk.com\/pt-pt\/wp-json\/wp\/v2\/product_cat?post=211836"},{"taxonomy":"product_tag","embeddable":true,"href":"https:\/\/www.delicias-uk.com\/pt-pt\/wp-json\/wp\/v2\/product_tag?post=211836"}],"curies":[{"name":"wp","href":"https:\/\/api.w.org\/{rel}","templated":true}]}}