{"id":211834,"date":"2018-11-30T18:33:25","date_gmt":"2018-11-30T18:33:25","guid":{"rendered":"https:\/\/www.delicias-uk.com\/product\/geleia-de-pessego-prisca-bio-240g\/"},"modified":"2025-02-06T17:16:13","modified_gmt":"2025-02-06T17:16:13","slug":"geleia-de-pessego-prisca-bio-240g","status":"publish","type":"product","link":"https:\/\/www.delicias-uk.com\/pt-pt\/produto\/geleia-de-pessego-prisca-bio-240g\/","title":{"rendered":"Compota de P\u00eassego Sem Adi\u00e7\u00e3o de A\u00e7\u00facar Prisca Bio 240g"},"content":{"rendered":"<p>A melhor geleia de P\u00eassego criada pela natureza, 100% natural e sem adi\u00e7\u00e3o de a\u00e7\u00facar, de sabor quente e doce. Utilize-o como uma compota sofisticada nas suas refei\u00e7\u00f5es di\u00e1rias ou para criar deliciosos molhos e coberturas para sobremesas.<\/p>\n<p><strong>Ingredientes<\/strong>: P\u00eassego* 70%, sumo de fruta concentrado*, pectina e sumo de lim\u00e3o* (*ingredientes biol\u00f3gicos)<\/p>\n<p><strong>Alerg\u00e9nios<\/strong>: nenhum.<\/p>\n<p><strong>Informa\u00e7\u00e3o nutricional por 100g:<\/strong><\/p>\n<ul style=\"list-style-type:disc;\">\n<li>Valor Energ\u00e9tico (Kj\/ Kcal) | 700,0\/167,0<\/li>\n<li>L\u00edpidos (g) | 0,21<\/li>\n<li>Dos quais saturados (g) | &#8211;<\/li>\n<li>Hidratos de carbono (g) | 40,00<\/li>\n<li>Dos quais a\u00e7\u00facares (g) | 35,44<\/li>\n<li>Prote\u00ednas (g) | 0,42<\/li>\n<li>Sal (g) | &#8211;<\/li>\n<\/ul>\n<p><strong>Pa\u00eds de origem<\/strong>: Portugal.<\/p>\n<p><em>Devido a poss\u00edveis altera\u00e7\u00f5es nas embalagens e\/ou r\u00f3tulos, deve sempre considerar a informa\u00e7\u00e3o que acompanha o produto que recebe.<\/em><\/p>\n","protected":false},"excerpt":{"rendered":"<ul style=\"list-style-type:disc;\">\n<li>Peso l\u00edquido 240g<\/li>\n<li>Sem adi\u00e7\u00e3o de a\u00e7\u00facar<\/li>\n<li>Acompanha bem com tostas e queijos<\/li>\n<\/ul>\n","protected":false},"author":43533,"featured_media":84646,"comment_status":"open","ping_status":"closed","template":"","meta":[],"pwb-brand":[],"product_brand":[],"product_cat":[8705],"product_tag":[],"class_list":{"0":"post-211834","1":"product","2":"type-product","3":"status-publish","4":"has-post-thumbnail","6":"product_cat-compotas","8":"first","9":"instock","10":"taxable","11":"shipping-taxable","12":"purchasable","13":"product-type-simple"},"aioseo_notices":[],"brands":[],"_links":{"self":[{"href":"https:\/\/www.delicias-uk.com\/pt-pt\/wp-json\/wp\/v2\/product\/211834","targetHints":{"allow":["GET"]}}],"collection":[{"href":"https:\/\/www.delicias-uk.com\/pt-pt\/wp-json\/wp\/v2\/product"}],"about":[{"href":"https:\/\/www.delicias-uk.com\/pt-pt\/wp-json\/wp\/v2\/types\/product"}],"author":[{"embeddable":true,"href":"https:\/\/www.delicias-uk.com\/pt-pt\/wp-json\/wp\/v2\/users\/43533"}],"replies":[{"embeddable":true,"href":"https:\/\/www.delicias-uk.com\/pt-pt\/wp-json\/wp\/v2\/comments?post=211834"}],"wp:featuredmedia":[{"embeddable":true,"href":"https:\/\/www.delicias-uk.com\/pt-pt\/wp-json\/wp\/v2\/media\/84646"}],"wp:attachment":[{"href":"https:\/\/www.delicias-uk.com\/pt-pt\/wp-json\/wp\/v2\/media?parent=211834"}],"wp:term":[{"taxonomy":"pwb-brand","embeddable":true,"href":"https:\/\/www.delicias-uk.com\/pt-pt\/wp-json\/wp\/v2\/pwb-brand?post=211834"},{"taxonomy":"product_brand","embeddable":true,"href":"https:\/\/www.delicias-uk.com\/pt-pt\/wp-json\/wp\/v2\/product_brand?post=211834"},{"taxonomy":"product_cat","embeddable":true,"href":"https:\/\/www.delicias-uk.com\/pt-pt\/wp-json\/wp\/v2\/product_cat?post=211834"},{"taxonomy":"product_tag","embeddable":true,"href":"https:\/\/www.delicias-uk.com\/pt-pt\/wp-json\/wp\/v2\/product_tag?post=211834"}],"curies":[{"name":"wp","href":"https:\/\/api.w.org\/{rel}","templated":true}]}}