{"id":211820,"date":"2018-11-30T18:06:11","date_gmt":"2018-11-30T18:06:11","guid":{"rendered":"https:\/\/www.delicias-uk.com\/product\/mel-biologico-prisca-250g\/"},"modified":"2026-04-20T17:04:05","modified_gmt":"2026-04-20T16:04:05","slug":"mel-biologico-prisca-250g","status":"publish","type":"product","link":"https:\/\/www.delicias-uk.com\/pt-pt\/produto\/mel-biologico-prisca-250g\/","title":{"rendered":"Mel Biol\u00f3gico Prisca 250g"},"content":{"rendered":"<p>Um mel puro e selvagem. De textura macia e delicada, \u00e9 ideal para barrar em tostas, utilizar como ado\u00e7ante ou aromatizar iogurtes naturais e ch\u00e1s. Proporciona um equil\u00edbrio perfeito com queijos fortes e macios.<\/p>\n<p><strong>Ingredientes<\/strong>: mel de agricultura biol\u00f3gica.<\/p>\n<p><strong>Alerg\u00e9nios<\/strong>: nenhum.<\/p>\n<p><strong>Informa\u00e7\u00e3o nutricional por 100g:<\/strong><\/p>\n<ul style=\"list-style-type:disc;\">\n<li>Valor energ\u00e9tico (Kj\/Kcal) 1314\/314.<\/li>\n<li>L\u00edpidos (g) Dos quais saturados (g) 0<\/li>\n<li>Hidratos de carbono (g) 78<\/li>\n<li>Dos quais a\u00e7\u00facares (g) 78<\/li>\n<li>Prote\u00ednas (g) 0,5<\/li>\n<li>Sal (g) 0<\/li>\n<\/ul>\n<p><strong>Pa\u00eds de origem<\/strong>: Portugal.<\/p>\n<p><em>Devido a poss\u00edveis altera\u00e7\u00f5es nas embalagens e\/ou r\u00f3tulos, deve sempre considerar a informa\u00e7\u00e3o que acompanha o produto que recebe.<\/em><\/p>\n","protected":false},"excerpt":{"rendered":"<ul style=\"list-style-type:disc;\">\n<li>Peso l\u00edquido 250g<\/li>\n<li>Mel biol\u00f3gico<\/li>\n<li>Produto vers\u00e1til<\/li>\n<\/ul>\n","protected":false},"author":43533,"featured_media":84614,"comment_status":"open","ping_status":"closed","template":"","meta":[],"pwb-brand":[],"product_brand":[],"product_cat":[8743,8307,8331],"product_tag":[],"class_list":{"0":"post-211820","1":"product","2":"type-product","3":"status-publish","4":"has-post-thumbnail","6":"product_cat-mel-pt-pt","7":"product_cat-dieta-e-estilo-de-vida-produtos","8":"product_cat-organico","10":"first","11":"instock","12":"taxable","13":"shipping-taxable","14":"purchasable","15":"product-type-simple"},"aioseo_notices":[],"brands":[],"_links":{"self":[{"href":"https:\/\/www.delicias-uk.com\/pt-pt\/wp-json\/wp\/v2\/product\/211820","targetHints":{"allow":["GET"]}}],"collection":[{"href":"https:\/\/www.delicias-uk.com\/pt-pt\/wp-json\/wp\/v2\/product"}],"about":[{"href":"https:\/\/www.delicias-uk.com\/pt-pt\/wp-json\/wp\/v2\/types\/product"}],"author":[{"embeddable":true,"href":"https:\/\/www.delicias-uk.com\/pt-pt\/wp-json\/wp\/v2\/users\/43533"}],"replies":[{"embeddable":true,"href":"https:\/\/www.delicias-uk.com\/pt-pt\/wp-json\/wp\/v2\/comments?post=211820"}],"wp:featuredmedia":[{"embeddable":true,"href":"https:\/\/www.delicias-uk.com\/pt-pt\/wp-json\/wp\/v2\/media\/84614"}],"wp:attachment":[{"href":"https:\/\/www.delicias-uk.com\/pt-pt\/wp-json\/wp\/v2\/media?parent=211820"}],"wp:term":[{"taxonomy":"pwb-brand","embeddable":true,"href":"https:\/\/www.delicias-uk.com\/pt-pt\/wp-json\/wp\/v2\/pwb-brand?post=211820"},{"taxonomy":"product_brand","embeddable":true,"href":"https:\/\/www.delicias-uk.com\/pt-pt\/wp-json\/wp\/v2\/product_brand?post=211820"},{"taxonomy":"product_cat","embeddable":true,"href":"https:\/\/www.delicias-uk.com\/pt-pt\/wp-json\/wp\/v2\/product_cat?post=211820"},{"taxonomy":"product_tag","embeddable":true,"href":"https:\/\/www.delicias-uk.com\/pt-pt\/wp-json\/wp\/v2\/product_tag?post=211820"}],"curies":[{"name":"wp","href":"https:\/\/api.w.org\/{rel}","templated":true}]}}