{"id":211790,"date":"2018-11-21T20:25:37","date_gmt":"2018-11-21T20:25:37","guid":{"rendered":"https:\/\/www.delicias-uk.com\/product\/homemade-geleia-de-frutas-amarelas-320gr-x-1\/"},"modified":"2025-02-06T17:16:39","modified_gmt":"2025-02-06T17:16:39","slug":"homemade-geleia-de-frutas-amarelas-320gr-x-1","status":"publish","type":"product","link":"https:\/\/www.delicias-uk.com\/pt-pt\/produto\/homemade-geleia-de-frutas-amarelas-320gr-x-1\/","title":{"rendered":"Gel\u00e9ia de Framboesa Red VelvetHomemade 160g"},"content":{"rendered":"<p>A nova linha Homemade Sensa\u00e7\u00f5es desperta o paladar para combina\u00e7\u00f5es da mais pura fruta com um convidado inusitado. S\u00e3o duetos de ingredientes que provocam nossos sentidos em aroma, cor e sabor.<\/p>\n<\/p>\n<p>GELEIA FRAMBOESA \u201cRED VELVET\u201d:<\/p>\n<p>A combina\u00e7\u00e3o do azedo da framboesa com a do\u00e7ura da baunilha cria comp\u00f5e o delicioso Red Velvet.<\/p><\/p>\n","protected":false},"excerpt":{"rendered":"<ul>\n<li>Framboesa com Baunilha<\/li>\n<li>Homemade<\/li>\n<li>Produto Brasileiro<\/li>\n<\/ul>\n","protected":false},"author":43533,"featured_media":225939,"comment_status":"open","ping_status":"closed","template":"","meta":[],"pwb-brand":[],"product_brand":[],"product_cat":[8289,8293,8401,8599],"product_tag":[],"class_list":{"0":"post-211790","1":"product","2":"type-product","3":"status-publish","4":"has-post-thumbnail","6":"product_cat-inicio","7":"product_cat-produtos-brasileiros","8":"product_cat-mercearia-pt-pt","9":"product_cat-geleias","11":"first","12":"instock","13":"taxable","14":"shipping-taxable","15":"purchasable","16":"product-type-simple"},"aioseo_notices":[],"brands":[],"_links":{"self":[{"href":"https:\/\/www.delicias-uk.com\/pt-pt\/wp-json\/wp\/v2\/product\/211790","targetHints":{"allow":["GET"]}}],"collection":[{"href":"https:\/\/www.delicias-uk.com\/pt-pt\/wp-json\/wp\/v2\/product"}],"about":[{"href":"https:\/\/www.delicias-uk.com\/pt-pt\/wp-json\/wp\/v2\/types\/product"}],"author":[{"embeddable":true,"href":"https:\/\/www.delicias-uk.com\/pt-pt\/wp-json\/wp\/v2\/users\/43533"}],"replies":[{"embeddable":true,"href":"https:\/\/www.delicias-uk.com\/pt-pt\/wp-json\/wp\/v2\/comments?post=211790"}],"wp:featuredmedia":[{"embeddable":true,"href":"https:\/\/www.delicias-uk.com\/pt-pt\/wp-json\/wp\/v2\/media\/225939"}],"wp:attachment":[{"href":"https:\/\/www.delicias-uk.com\/pt-pt\/wp-json\/wp\/v2\/media?parent=211790"}],"wp:term":[{"taxonomy":"pwb-brand","embeddable":true,"href":"https:\/\/www.delicias-uk.com\/pt-pt\/wp-json\/wp\/v2\/pwb-brand?post=211790"},{"taxonomy":"product_brand","embeddable":true,"href":"https:\/\/www.delicias-uk.com\/pt-pt\/wp-json\/wp\/v2\/product_brand?post=211790"},{"taxonomy":"product_cat","embeddable":true,"href":"https:\/\/www.delicias-uk.com\/pt-pt\/wp-json\/wp\/v2\/product_cat?post=211790"},{"taxonomy":"product_tag","embeddable":true,"href":"https:\/\/www.delicias-uk.com\/pt-pt\/wp-json\/wp\/v2\/product_tag?post=211790"}],"curies":[{"name":"wp","href":"https:\/\/api.w.org\/{rel}","templated":true}]}}