{"id":211782,"date":"2018-11-21T16:38:47","date_gmt":"2018-11-21T16:38:47","guid":{"rendered":"https:\/\/www.delicias-uk.com\/product\/homemade-geleia-de-amora-320gr-x-1\/"},"modified":"2025-02-06T17:17:54","modified_gmt":"2025-02-06T17:17:54","slug":"homemade-geleia-de-amora-320gr-x-1","status":"publish","type":"product","link":"https:\/\/www.delicias-uk.com\/pt-pt\/produto\/homemade-geleia-de-amora-320gr-x-1\/","title":{"rendered":"Gel\u00e9ia 100% Fruta Damasco Homemade 150g"},"content":{"rendered":"<p>Sem adi\u00e7\u00e3o de outros ingredientes al\u00e9m da fruta, a linha 100% Fruta Homemade foi desenvolvida para trazer ainda mais sa\u00fade e sabores naturais.<\/p>\n<\/p>\n<p>GELEIA DE DAMASCO:<\/p>\n<p>Com o sabor ex\u00f3tico do damasco, a geleia 100% fruta n\u00e3o cont\u00e9m corantes e apresenta baixo teor glic\u00eamico.<\/p><\/p>\n","protected":false},"excerpt":{"rendered":"<ul>\n<li>100% Fruit<\/li>\n<li>Sabor Natural<\/li>\n<li>Produto Brasileiro<\/li>\n<\/ul>\n","protected":false},"author":43533,"featured_media":225935,"comment_status":"open","ping_status":"closed","template":"","meta":[],"pwb-brand":[],"product_brand":[],"product_cat":[8289,8293,8401,8599,8499],"product_tag":[],"class_list":{"0":"post-211782","1":"product","2":"type-product","3":"status-publish","4":"has-post-thumbnail","6":"product_cat-inicio","7":"product_cat-produtos-brasileiros","8":"product_cat-mercearia-pt-pt","9":"product_cat-geleias","10":"product_cat-sem-glutem","12":"first","13":"outofstock","14":"taxable","15":"shipping-taxable","16":"purchasable","17":"product-type-simple"},"aioseo_notices":[],"brands":[],"_links":{"self":[{"href":"https:\/\/www.delicias-uk.com\/pt-pt\/wp-json\/wp\/v2\/product\/211782","targetHints":{"allow":["GET"]}}],"collection":[{"href":"https:\/\/www.delicias-uk.com\/pt-pt\/wp-json\/wp\/v2\/product"}],"about":[{"href":"https:\/\/www.delicias-uk.com\/pt-pt\/wp-json\/wp\/v2\/types\/product"}],"author":[{"embeddable":true,"href":"https:\/\/www.delicias-uk.com\/pt-pt\/wp-json\/wp\/v2\/users\/43533"}],"replies":[{"embeddable":true,"href":"https:\/\/www.delicias-uk.com\/pt-pt\/wp-json\/wp\/v2\/comments?post=211782"}],"wp:featuredmedia":[{"embeddable":true,"href":"https:\/\/www.delicias-uk.com\/pt-pt\/wp-json\/wp\/v2\/media\/225935"}],"wp:attachment":[{"href":"https:\/\/www.delicias-uk.com\/pt-pt\/wp-json\/wp\/v2\/media?parent=211782"}],"wp:term":[{"taxonomy":"pwb-brand","embeddable":true,"href":"https:\/\/www.delicias-uk.com\/pt-pt\/wp-json\/wp\/v2\/pwb-brand?post=211782"},{"taxonomy":"product_brand","embeddable":true,"href":"https:\/\/www.delicias-uk.com\/pt-pt\/wp-json\/wp\/v2\/product_brand?post=211782"},{"taxonomy":"product_cat","embeddable":true,"href":"https:\/\/www.delicias-uk.com\/pt-pt\/wp-json\/wp\/v2\/product_cat?post=211782"},{"taxonomy":"product_tag","embeddable":true,"href":"https:\/\/www.delicias-uk.com\/pt-pt\/wp-json\/wp\/v2\/product_tag?post=211782"}],"curies":[{"name":"wp","href":"https:\/\/api.w.org\/{rel}","templated":true}]}}