{"id":211760,"date":"2018-11-08T22:04:31","date_gmt":"2018-11-08T22:04:31","guid":{"rendered":"https:\/\/www.delicias-uk.com\/product\/vinho-do-porto-pacheca-colheita-2007-gift-pack-75cl\/"},"modified":"2018-11-08T22:04:31","modified_gmt":"2018-11-08T22:04:31","slug":"vinho-do-porto-pacheca-colheita-2007-gift-pack-75cl","status":"publish","type":"product","link":"https:\/\/www.delicias-uk.com\/pt-pt\/produto\/vinho-do-porto-pacheca-colheita-2007-gift-pack-75cl\/","title":{"rendered":"Vinho do Porto Pacheca Colheita 2007 Gift-Pack 75cl"},"content":{"rendered":"<p>Os melhores portos podem envelhecer muitos anos no marton\u00e9is de carvalho filho. Este tempo prolongado em barrica faz com que os vinhos adquiram aromas suaves de am\u00eandoa e noz, perdendo a cor vermelha intensa da sua juventude mas ganhando imensa delicadeza, riqueza e profunda intensidade de sabor. A palavra \u2018Colheita\u2019 significa \u2018colheita\u2019, para o Porto esta palavra \u00e9 usada para descrever um vinho de um \u00fanico ano que envelheceu em madeira durante um m\u00ednimo de 7 anos.<\/p>\n","protected":false},"excerpt":{"rendered":"<ul style=\"list-style-type:disc;\">\n<li>Produtor: Quinta da Pacheca<\/li>\n<li>Regi\u00e3o: Douro<\/li>\n<li>Estilo de Vinho: Vinho do Porto<\/li>\n<li>Ano da Colheita: 2007<\/li>\n<li>Garrafa: 75cl<\/li>\n<li>Teor de \u00e1lcool: 19%<\/li>\n<\/ul>\n","protected":false},"author":43533,"featured_media":84482,"comment_status":"open","ping_status":"closed","template":"","meta":[],"pwb-brand":[],"product_brand":[],"product_cat":[9345,8289,8291,8431,8589],"product_tag":[],"class_list":{"0":"post-211760","1":"product","2":"type-product","3":"status-publish","4":"has-post-thumbnail","6":"product_cat-gift-pack-pt-pt","7":"product_cat-inicio","8":"product_cat-produtos-portugueses","9":"product_cat-vinhos-pt-pt","10":"product_cat-porto","12":"first","13":"instock","14":"taxable","15":"shipping-taxable","16":"purchasable","17":"product-type-simple"},"aioseo_notices":[],"brands":[],"_links":{"self":[{"href":"https:\/\/www.delicias-uk.com\/pt-pt\/wp-json\/wp\/v2\/product\/211760","targetHints":{"allow":["GET"]}}],"collection":[{"href":"https:\/\/www.delicias-uk.com\/pt-pt\/wp-json\/wp\/v2\/product"}],"about":[{"href":"https:\/\/www.delicias-uk.com\/pt-pt\/wp-json\/wp\/v2\/types\/product"}],"author":[{"embeddable":true,"href":"https:\/\/www.delicias-uk.com\/pt-pt\/wp-json\/wp\/v2\/users\/43533"}],"replies":[{"embeddable":true,"href":"https:\/\/www.delicias-uk.com\/pt-pt\/wp-json\/wp\/v2\/comments?post=211760"}],"wp:featuredmedia":[{"embeddable":true,"href":"https:\/\/www.delicias-uk.com\/pt-pt\/wp-json\/wp\/v2\/media\/84482"}],"wp:attachment":[{"href":"https:\/\/www.delicias-uk.com\/pt-pt\/wp-json\/wp\/v2\/media?parent=211760"}],"wp:term":[{"taxonomy":"pwb-brand","embeddable":true,"href":"https:\/\/www.delicias-uk.com\/pt-pt\/wp-json\/wp\/v2\/pwb-brand?post=211760"},{"taxonomy":"product_brand","embeddable":true,"href":"https:\/\/www.delicias-uk.com\/pt-pt\/wp-json\/wp\/v2\/product_brand?post=211760"},{"taxonomy":"product_cat","embeddable":true,"href":"https:\/\/www.delicias-uk.com\/pt-pt\/wp-json\/wp\/v2\/product_cat?post=211760"},{"taxonomy":"product_tag","embeddable":true,"href":"https:\/\/www.delicias-uk.com\/pt-pt\/wp-json\/wp\/v2\/product_tag?post=211760"}],"curies":[{"name":"wp","href":"https:\/\/api.w.org\/{rel}","templated":true}]}}